{"id":1579,"date":"2023-07-02T10:26:39","date_gmt":"2023-07-02T08:26:39","guid":{"rendered":"https:\/\/krnica-villa-ana.com\/?page_id=1579"},"modified":"2023-07-02T10:43:05","modified_gmt":"2023-07-02T08:43:05","slug":"otkriti-istru","status":"publish","type":"page","link":"https:\/\/krnica-villa-ana.com\/index.php\/hr\/otkriti-istru\/","title":{"rendered":"Otkriti Istru"},"content":{"rendered":"\n<p>Dobrodo\u0161li u regiju Istre, gdje se kristalno \u010diste vode Jadranskog mora harmoni\u010dno spajaju s izvanrednom kulinarskom ponudom i turisti\u010dkim blagom koje je neusporedivo. Zaronite u azurne vode Jadrana i otkrijte fascinantan podvodni svijet, naseljen \u0161arenim koraljima i iznimnom morskom bioraznoliko\u0161\u0107u. Istra\u017eite prekrasne uvale i o\u010duvane pla\u017ee koje obgrljuju obalu i pru\u017eaju trenutke opu\u0161tanja i mira.<\/p>\n\n\n\n<p>Dok putujete Istrom, dopustite svojim okusima da budu zavedeni izvrsnom kuhinjom. Od svjetski poznatih crnih tartufa do ukusnih jela s svje\u017eim plodovima mora, svaki zalogaj \u0107e vas odvesti na autenti\u010dno gastronomsko putovanje. Lokalni restorani vas pozivaju da u\u017eivate u ukusnim jelima uz nagra\u0111ivana vina regije, pru\u017eaju\u0107i vam tako nezaboravno gastronomsko iskustvo.<\/p>\n\n\n\n<p>Osim svojih kulinarskih blaga, Istra je prepuna povijesnih znamenitosti i \u0161armantnih slikovitih sela. Istra\u017eite poplo\u010dane uli\u010dice njenih srednjovjekovnih gradova, pro\u017eetih bogatom povije\u0161\u0107u i fascinantnom arhitekturom. Neka vas o\u010dara bre\u017euljkasti krajolik i zeleni maslinici koji daju ovoj regiji \u010darobnu atmosferu.<\/p>\n\n\n\n<p>Bilo da ste zaljubljenik prirode, ljubitelj kulinarskih u\u017eitaka ili strastveni istra\u017eiva\u010d, Istra pru\u017ea potpuno iskustvo koje stimulira sva osjetila. Sa svojim o\u010daravaju\u0107im morem, rafiniranom kuhinjom i kulturnim bogatstvom, ova regija je izbor destinacije za one koji tra\u017ee savr\u0161enu kombinaciju opu\u0161tanja, otkrivanja i gastronomskog u\u017eitka.<\/p>\n\n\n<div class=\"wp-block-image\">\n<figure class=\"aligncenter size-large\"><img fetchpriority=\"high\" decoding=\"async\" width=\"1024\" height=\"632\" src=\"https:\/\/krnica-villa-ana.com\/wp-content\/uploads\/2023\/07\/Anfiteatro_de_Pula_Croacia_2017-04-17_DD_58-63_HDR_PAN-2-1024x632.png\" alt=\"\" class=\"wp-image-1590\" srcset=\"https:\/\/krnica-villa-ana.com\/wp-content\/uploads\/2023\/07\/Anfiteatro_de_Pula_Croacia_2017-04-17_DD_58-63_HDR_PAN-2-1024x632.png 1024w, https:\/\/krnica-villa-ana.com\/wp-content\/uploads\/2023\/07\/Anfiteatro_de_Pula_Croacia_2017-04-17_DD_58-63_HDR_PAN-2-300x185.png 300w, https:\/\/krnica-villa-ana.com\/wp-content\/uploads\/2023\/07\/Anfiteatro_de_Pula_Croacia_2017-04-17_DD_58-63_HDR_PAN-2-768x474.png 768w, https:\/\/krnica-villa-ana.com\/wp-content\/uploads\/2023\/07\/Anfiteatro_de_Pula_Croacia_2017-04-17_DD_58-63_HDR_PAN-2-1536x948.png 1536w, https:\/\/krnica-villa-ana.com\/wp-content\/uploads\/2023\/07\/Anfiteatro_de_Pula_Croacia_2017-04-17_DD_58-63_HDR_PAN-2-2048x1264.png 2048w\" sizes=\"(max-width: 1024px) 100vw, 1024px\" \/><\/figure>\n<\/div>\n\n\n<hr class=\"wp-block-separator has-alpha-channel-opacity\"\/>\n\n\n\n<div class=\"wp-block-getwid-images-slider has-arrows-inside has-dots-inside has-images-center has-fitted-images\"><div class=\"wp-block-getwid-images-slider__wrapper\" data-effect=\"slide\" data-slides-show=\"1\" data-slides-show-laptop=\"1\" data-slides-show-tablet=\"1\" data-slides-show-mobile=\"1\" data-slides-scroll=\"1\" data-autoplay=\"false\" data-pause-hover=\"false\" data-autoplay-speed=\"6000\" data-infinite=\"true\" data-animation-speed=\"800\" data-center-mode=\"false\" data-variable-width=\"false\" data-arrows=\"inside\" data-dots=\"inside\" data-spacing=\"none\"><div class=\"wp-block-getwid-images-slider__item\"><figure><img decoding=\"async\" width=\"1024\" height=\"768\" src=\"https:\/\/krnica-villa-ana.com\/wp-content\/uploads\/2023\/06\/1C1FD79F-6EEA-47B7-9050-6D18211B6C9C_1_102_o-1024x768.jpeg\" alt=\"\" data-id=\"426\" class=\"wp-block-getwid-images-slider__image wp-image-426\" srcset=\"https:\/\/krnica-villa-ana.com\/wp-content\/uploads\/2023\/06\/1C1FD79F-6EEA-47B7-9050-6D18211B6C9C_1_102_o-1024x768.jpeg 1024w, https:\/\/krnica-villa-ana.com\/wp-content\/uploads\/2023\/06\/1C1FD79F-6EEA-47B7-9050-6D18211B6C9C_1_102_o-300x225.jpeg 300w, https:\/\/krnica-villa-ana.com\/wp-content\/uploads\/2023\/06\/1C1FD79F-6EEA-47B7-9050-6D18211B6C9C_1_102_o-768x576.jpeg 768w, https:\/\/krnica-villa-ana.com\/wp-content\/uploads\/2023\/06\/1C1FD79F-6EEA-47B7-9050-6D18211B6C9C_1_102_o-1536x1152.jpeg 1536w, https:\/\/krnica-villa-ana.com\/wp-content\/uploads\/2023\/06\/1C1FD79F-6EEA-47B7-9050-6D18211B6C9C_1_102_o.jpeg 2048w\" sizes=\"(max-width: 1024px) 100vw, 1024px\" \/><\/figure><\/div><div class=\"wp-block-getwid-images-slider__item\"><figure><img decoding=\"async\" width=\"1024\" height=\"768\" src=\"https:\/\/krnica-villa-ana.com\/wp-content\/uploads\/2023\/06\/1BCBFAF0-D088-41D6-BAAE-B90BC329BB4A_1_102_o-1024x768.jpeg\" alt=\"\" data-id=\"430\" class=\"wp-block-getwid-images-slider__image wp-image-430\" srcset=\"https:\/\/krnica-villa-ana.com\/wp-content\/uploads\/2023\/06\/1BCBFAF0-D088-41D6-BAAE-B90BC329BB4A_1_102_o-1024x768.jpeg 1024w, https:\/\/krnica-villa-ana.com\/wp-content\/uploads\/2023\/06\/1BCBFAF0-D088-41D6-BAAE-B90BC329BB4A_1_102_o-300x225.jpeg 300w, https:\/\/krnica-villa-ana.com\/wp-content\/uploads\/2023\/06\/1BCBFAF0-D088-41D6-BAAE-B90BC329BB4A_1_102_o-768x576.jpeg 768w, https:\/\/krnica-villa-ana.com\/wp-content\/uploads\/2023\/06\/1BCBFAF0-D088-41D6-BAAE-B90BC329BB4A_1_102_o-1536x1152.jpeg 1536w, https:\/\/krnica-villa-ana.com\/wp-content\/uploads\/2023\/06\/1BCBFAF0-D088-41D6-BAAE-B90BC329BB4A_1_102_o.jpeg 2048w\" sizes=\"(max-width: 1024px) 100vw, 1024px\" \/><\/figure><\/div><div class=\"wp-block-getwid-images-slider__item\"><figure><img loading=\"lazy\" decoding=\"async\" width=\"768\" height=\"1024\" src=\"https:\/\/krnica-villa-ana.com\/wp-content\/uploads\/2023\/06\/19F15533-A260-43CF-B1F5-B79F69781354_1_102_o-768x1024.jpeg\" alt=\"\" data-id=\"428\" class=\"wp-block-getwid-images-slider__image wp-image-428\" srcset=\"https:\/\/krnica-villa-ana.com\/wp-content\/uploads\/2023\/06\/19F15533-A260-43CF-B1F5-B79F69781354_1_102_o-768x1024.jpeg 768w, https:\/\/krnica-villa-ana.com\/wp-content\/uploads\/2023\/06\/19F15533-A260-43CF-B1F5-B79F69781354_1_102_o-225x300.jpeg 225w, https:\/\/krnica-villa-ana.com\/wp-content\/uploads\/2023\/06\/19F15533-A260-43CF-B1F5-B79F69781354_1_102_o-1152x1536.jpeg 1152w, https:\/\/krnica-villa-ana.com\/wp-content\/uploads\/2023\/06\/19F15533-A260-43CF-B1F5-B79F69781354_1_102_o.jpeg 1536w\" sizes=\"(max-width: 768px) 100vw, 768px\" \/><\/figure><\/div><div class=\"wp-block-getwid-images-slider__item\"><figure><img loading=\"lazy\" decoding=\"async\" width=\"1024\" height=\"768\" src=\"https:\/\/krnica-villa-ana.com\/wp-content\/uploads\/2023\/06\/C0E4621D-9B9A-44A6-8C1B-7C5D872DD27E_1_102_o-1024x768.jpeg\" alt=\"\" data-id=\"431\" class=\"wp-block-getwid-images-slider__image wp-image-431\" srcset=\"https:\/\/krnica-villa-ana.com\/wp-content\/uploads\/2023\/06\/C0E4621D-9B9A-44A6-8C1B-7C5D872DD27E_1_102_o-1024x768.jpeg 1024w, https:\/\/krnica-villa-ana.com\/wp-content\/uploads\/2023\/06\/C0E4621D-9B9A-44A6-8C1B-7C5D872DD27E_1_102_o-300x225.jpeg 300w, https:\/\/krnica-villa-ana.com\/wp-content\/uploads\/2023\/06\/C0E4621D-9B9A-44A6-8C1B-7C5D872DD27E_1_102_o-768x576.jpeg 768w, https:\/\/krnica-villa-ana.com\/wp-content\/uploads\/2023\/06\/C0E4621D-9B9A-44A6-8C1B-7C5D872DD27E_1_102_o-1536x1152.jpeg 1536w, https:\/\/krnica-villa-ana.com\/wp-content\/uploads\/2023\/06\/C0E4621D-9B9A-44A6-8C1B-7C5D872DD27E_1_102_o.jpeg 2048w\" sizes=\"(max-width: 1024px) 100vw, 1024px\" \/><\/figure><\/div><div class=\"wp-block-getwid-images-slider__item\"><figure><img loading=\"lazy\" decoding=\"async\" width=\"1024\" height=\"768\" src=\"https:\/\/krnica-villa-ana.com\/wp-content\/uploads\/2023\/06\/BAE2A882-715C-4E57-863E-4D39C507D520_1_102_o-1024x768.jpeg\" alt=\"\" data-id=\"429\" class=\"wp-block-getwid-images-slider__image wp-image-429\" srcset=\"https:\/\/krnica-villa-ana.com\/wp-content\/uploads\/2023\/06\/BAE2A882-715C-4E57-863E-4D39C507D520_1_102_o-1024x768.jpeg 1024w, https:\/\/krnica-villa-ana.com\/wp-content\/uploads\/2023\/06\/BAE2A882-715C-4E57-863E-4D39C507D520_1_102_o-300x225.jpeg 300w, https:\/\/krnica-villa-ana.com\/wp-content\/uploads\/2023\/06\/BAE2A882-715C-4E57-863E-4D39C507D520_1_102_o-768x576.jpeg 768w, https:\/\/krnica-villa-ana.com\/wp-content\/uploads\/2023\/06\/BAE2A882-715C-4E57-863E-4D39C507D520_1_102_o-1536x1152.jpeg 1536w, https:\/\/krnica-villa-ana.com\/wp-content\/uploads\/2023\/06\/BAE2A882-715C-4E57-863E-4D39C507D520_1_102_o.jpeg 2048w\" sizes=\"(max-width: 1024px) 100vw, 1024px\" \/><\/figure><\/div><div class=\"wp-block-getwid-images-slider__item\"><figure><img loading=\"lazy\" decoding=\"async\" width=\"1024\" height=\"768\" src=\"https:\/\/krnica-villa-ana.com\/wp-content\/uploads\/2023\/06\/CE3A293E-CD9A-413D-A8C0-39EC3CCD312D_1_102_o-1024x768.jpeg\" alt=\"\" data-id=\"427\" class=\"wp-block-getwid-images-slider__image wp-image-427\" srcset=\"https:\/\/krnica-villa-ana.com\/wp-content\/uploads\/2023\/06\/CE3A293E-CD9A-413D-A8C0-39EC3CCD312D_1_102_o-1024x768.jpeg 1024w, https:\/\/krnica-villa-ana.com\/wp-content\/uploads\/2023\/06\/CE3A293E-CD9A-413D-A8C0-39EC3CCD312D_1_102_o-300x225.jpeg 300w, https:\/\/krnica-villa-ana.com\/wp-content\/uploads\/2023\/06\/CE3A293E-CD9A-413D-A8C0-39EC3CCD312D_1_102_o-768x576.jpeg 768w, https:\/\/krnica-villa-ana.com\/wp-content\/uploads\/2023\/06\/CE3A293E-CD9A-413D-A8C0-39EC3CCD312D_1_102_o-1536x1152.jpeg 1536w, https:\/\/krnica-villa-ana.com\/wp-content\/uploads\/2023\/06\/CE3A293E-CD9A-413D-A8C0-39EC3CCD312D_1_102_o.jpeg 2048w\" sizes=\"(max-width: 1024px) 100vw, 1024px\" \/><\/figure><\/div><div class=\"wp-block-getwid-images-slider__item\"><figure><img loading=\"lazy\" decoding=\"async\" width=\"1000\" height=\"562\" src=\"https:\/\/krnica-villa-ana.com\/wp-content\/uploads\/2023\/06\/Krnica1-2.jpg\" alt=\"\" data-id=\"423\" class=\"wp-block-getwid-images-slider__image wp-image-423\" srcset=\"https:\/\/krnica-villa-ana.com\/wp-content\/uploads\/2023\/06\/Krnica1-2.jpg 1000w, https:\/\/krnica-villa-ana.com\/wp-content\/uploads\/2023\/06\/Krnica1-2-300x169.jpg 300w, https:\/\/krnica-villa-ana.com\/wp-content\/uploads\/2023\/06\/Krnica1-2-768x432.jpg 768w\" sizes=\"(max-width: 1000px) 100vw, 1000px\" \/><\/figure><\/div><div class=\"wp-block-getwid-images-slider__item\"><figure><img loading=\"lazy\" decoding=\"async\" width=\"1000\" height=\"562\" src=\"https:\/\/krnica-villa-ana.com\/wp-content\/uploads\/2023\/06\/krnica7.jpg\" alt=\"\" data-id=\"424\" class=\"wp-block-getwid-images-slider__image wp-image-424\" srcset=\"https:\/\/krnica-villa-ana.com\/wp-content\/uploads\/2023\/06\/krnica7.jpg 1000w, https:\/\/krnica-villa-ana.com\/wp-content\/uploads\/2023\/06\/krnica7-300x169.jpg 300w, https:\/\/krnica-villa-ana.com\/wp-content\/uploads\/2023\/06\/krnica7-768x432.jpg 768w\" sizes=\"(max-width: 1000px) 100vw, 1000px\" \/><\/figure><\/div><div class=\"wp-block-getwid-images-slider__item\"><figure><img loading=\"lazy\" decoding=\"async\" width=\"1024\" height=\"768\" src=\"https:\/\/krnica-villa-ana.com\/wp-content\/uploads\/2023\/06\/E5ABD3C4-027F-41D9-A27C-F51BEA00A51A_1_102_o-1024x768.jpeg\" alt=\"\" data-id=\"425\" class=\"wp-block-getwid-images-slider__image wp-image-425\" srcset=\"https:\/\/krnica-villa-ana.com\/wp-content\/uploads\/2023\/06\/E5ABD3C4-027F-41D9-A27C-F51BEA00A51A_1_102_o-1024x768.jpeg 1024w, https:\/\/krnica-villa-ana.com\/wp-content\/uploads\/2023\/06\/E5ABD3C4-027F-41D9-A27C-F51BEA00A51A_1_102_o-300x225.jpeg 300w, https:\/\/krnica-villa-ana.com\/wp-content\/uploads\/2023\/06\/E5ABD3C4-027F-41D9-A27C-F51BEA00A51A_1_102_o-768x576.jpeg 768w, https:\/\/krnica-villa-ana.com\/wp-content\/uploads\/2023\/06\/E5ABD3C4-027F-41D9-A27C-F51BEA00A51A_1_102_o-1536x1152.jpeg 1536w, https:\/\/krnica-villa-ana.com\/wp-content\/uploads\/2023\/06\/E5ABD3C4-027F-41D9-A27C-F51BEA00A51A_1_102_o.jpeg 2048w\" sizes=\"(max-width: 1024px) 100vw, 1024px\" \/><\/figure><\/div><\/div><\/div>\n\n\n\n<hr class=\"wp-block-separator has-alpha-channel-opacity\"\/>\n\n\n\n<figure class=\"wp-block-image size-large\"><img loading=\"lazy\" decoding=\"async\" width=\"1024\" height=\"683\" src=\"https:\/\/krnica-villa-ana.com\/wp-content\/uploads\/2023\/07\/Aerial_view_to_Motovun-2-1024x683.png\" alt=\"\" class=\"wp-image-1593\" srcset=\"https:\/\/krnica-villa-ana.com\/wp-content\/uploads\/2023\/07\/Aerial_view_to_Motovun-2-1024x683.png 1024w, https:\/\/krnica-villa-ana.com\/wp-content\/uploads\/2023\/07\/Aerial_view_to_Motovun-2-300x200.png 300w, https:\/\/krnica-villa-ana.com\/wp-content\/uploads\/2023\/07\/Aerial_view_to_Motovun-2-768x512.png 768w, https:\/\/krnica-villa-ana.com\/wp-content\/uploads\/2023\/07\/Aerial_view_to_Motovun-2-1536x1024.png 1536w, https:\/\/krnica-villa-ana.com\/wp-content\/uploads\/2023\/07\/Aerial_view_to_Motovun-2-2048x1365.png 2048w\" sizes=\"(max-width: 1024px) 100vw, 1024px\" \/><\/figure>\n","protected":false},"excerpt":{"rendered":"<p>Dobrodo\u0161li u regiju Istre, gdje se kristalno \u010diste vode Jadranskog mora harmoni\u010dno spajaju s izvanrednom kulinarskom ponudom i turisti\u010dkim blagom koje je neusporedivo. Zaronite u azurne vode Jadrana i otkrijte fascinantan podvodni svijet, naseljen \u0161arenim koraljima i iznimnom morskom bioraznoliko\u0161\u0107u. Istra\u017eite prekrasne uvale i o\u010duvane pla\u017ee koje obgrljuju obalu i pru\u017eaju trenutke opu\u0161tanja i mira. [&hellip;]<\/p>\n","protected":false},"author":1,"featured_media":0,"parent":0,"menu_order":0,"comment_status":"closed","ping_status":"closed","template":"","meta":{"_monsterinsights_skip_tracking":false,"_monsterinsights_sitenote_active":false,"_monsterinsights_sitenote_note":"","_monsterinsights_sitenote_category":0,"footnotes":""},"class_list":["post-1579","page","type-page","status-publish","hentry"],"_links":{"self":[{"href":"https:\/\/krnica-villa-ana.com\/index.php\/wp-json\/wp\/v2\/pages\/1579","targetHints":{"allow":["GET"]}}],"collection":[{"href":"https:\/\/krnica-villa-ana.com\/index.php\/wp-json\/wp\/v2\/pages"}],"about":[{"href":"https:\/\/krnica-villa-ana.com\/index.php\/wp-json\/wp\/v2\/types\/page"}],"author":[{"embeddable":true,"href":"https:\/\/krnica-villa-ana.com\/index.php\/wp-json\/wp\/v2\/users\/1"}],"replies":[{"embeddable":true,"href":"https:\/\/krnica-villa-ana.com\/index.php\/wp-json\/wp\/v2\/comments?post=1579"}],"version-history":[{"count":3,"href":"https:\/\/krnica-villa-ana.com\/index.php\/wp-json\/wp\/v2\/pages\/1579\/revisions"}],"predecessor-version":[{"id":1594,"href":"https:\/\/krnica-villa-ana.com\/index.php\/wp-json\/wp\/v2\/pages\/1579\/revisions\/1594"}],"wp:attachment":[{"href":"https:\/\/krnica-villa-ana.com\/index.php\/wp-json\/wp\/v2\/media?parent=1579"}],"curies":[{"name":"wp","href":"https:\/\/api.w.org\/{rel}","templated":true}]}}