{"id":1602,"date":"2023-07-02T10:52:04","date_gmt":"2023-07-02T08:52:04","guid":{"rendered":"https:\/\/krnica-villa-ana.com\/?page_id=1602"},"modified":"2023-07-02T13:06:51","modified_gmt":"2023-07-02T11:06:51","slug":"krnica","status":"publish","type":"page","link":"https:\/\/krnica-villa-ana.com\/index.php\/hr\/krnica\/","title":{"rendered":"Krnica"},"content":{"rendered":"\n<p>Okru\u017een zelenim krajolicima i bujnim vinogradima, Krnica pru\u017ea potpuni mir, daleko od gu\u017eve pretrpanih turisti\u010dkih naselja na obali.<\/p>\n\n\n\n<p>Ovaj slikoviti maleni gradi\u0107 pravi je raj za ljubitelje prirode i autenti\u010dnosti, gdje mo\u017eete u\u017eivati u pogledu na tradicionalne kamene ku\u0107e i upiti toplu i prijateljsku atmosferu koja ovdje vlada.<\/p>\n\n\n\n<p>Lokalna gastronomija u Krnici ne smije se propustiti. Restorani i konobe \u0107e vas odu\u0161eviti ukusnim jelima koja isti\u010du svje\u017ee proizvode i mediteranske okuse.<\/p>\n\n\n\n<p>Sa\u010duvane pla\u017ee Krnice su pravi dragulj za ljubitelje kupanja i ronjenja. Bistre vode Jadrana pru\u017eaju izvanredne mogu\u0107nosti istra\u017eivanja podvodnog svijeta. Tako\u0111er mo\u017eete u\u017eivati u vo\u017enji brodom uz spektakularnu obalu, gdje vas \u010dekaju skriveni zaljevi i tajanstvene \u0161pilje.<\/p>\n\n\n\n<p>Otkrijte ovo o\u010daravaju\u0107e selo i dopustite da vas osvoji svojom prirodnom ljepotom i sa\u010duvanom autenti\u010dno\u0161\u0107u!<\/p>\n\n\n\n<hr class=\"wp-block-separator has-alpha-channel-opacity\"\/>\n\n\n\n<h2 class=\"wp-block-heading has-text-align-center\">Restorani u Krnici<\/h2>\n\n\n\n<div class=\"wp-block-buttons is-content-justification-center is-layout-flex wp-container-core-buttons-is-layout-16018d1d wp-block-buttons-is-layout-flex\">\n<div class=\"wp-block-button\"><a class=\"wp-block-button__link wp-element-button\" href=\"https:\/\/kum.business.site\/posts\/4523458915841084036?hl=hr\">Bistro Pizzeria Kum<\/a><\/div>\n\n\n\n<div class=\"wp-block-button\"><a class=\"wp-block-button__link wp-element-button\" href=\"https:\/\/www.konoba-darocco.com\">Konoba Darocco<\/a><\/div>\n\n\n\n<div class=\"wp-block-button\"><a class=\"wp-block-button__link wp-element-button\" href=\"https:\/\/www.facebook.com\/KrnickiPorat\/\">Restauran PortoRiko<\/a><\/div>\n\n\n\n<div class=\"wp-block-button\"><a class=\"wp-block-button__link wp-element-button\" href=\"https:\/\/krnica-caffee-bar-jeanette-bepo-bar.business.site\">Grill Pizzeria Janette<\/a><\/div>\n\n\n\n<div class=\"wp-block-button\"><a class=\"wp-block-button__link wp-element-button\" href=\"https:\/\/www.facebook.com\/svetimikularestoran\/\">Restauran Sveti Mikulam<\/a><\/div>\n<\/div>\n\n\n\n<hr class=\"wp-block-separator has-alpha-channel-opacity\"\/>\n\n\n<div class=\"wp-block-image\">\n<figure class=\"aligncenter size-large is-resized\"><img fetchpriority=\"high\" decoding=\"async\" src=\"https:\/\/krnica-villa-ana.com\/wp-content\/uploads\/2023\/07\/IMG_5313-7-1024x768.png\" alt=\"\" class=\"wp-image-1605\" width=\"768\" height=\"576\" srcset=\"https:\/\/krnica-villa-ana.com\/wp-content\/uploads\/2023\/07\/IMG_5313-7-1024x768.png 1024w, https:\/\/krnica-villa-ana.com\/wp-content\/uploads\/2023\/07\/IMG_5313-7-300x225.png 300w, https:\/\/krnica-villa-ana.com\/wp-content\/uploads\/2023\/07\/IMG_5313-7-768x576.png 768w, https:\/\/krnica-villa-ana.com\/wp-content\/uploads\/2023\/07\/IMG_5313-7-1536x1152.png 1536w, https:\/\/krnica-villa-ana.com\/wp-content\/uploads\/2023\/07\/IMG_5313-7.png 1960w\" sizes=\"(max-width: 768px) 100vw, 768px\" \/><\/figure>\n<\/div>","protected":false},"excerpt":{"rendered":"<p>Okru\u017een zelenim krajolicima i bujnim vinogradima, Krnica pru\u017ea potpuni mir, daleko od gu\u017eve pretrpanih turisti\u010dkih naselja na obali. Ovaj slikoviti maleni gradi\u0107 pravi je raj za ljubitelje prirode i autenti\u010dnosti, gdje mo\u017eete u\u017eivati u pogledu na tradicionalne kamene ku\u0107e i upiti toplu i prijateljsku atmosferu koja ovdje vlada. Lokalna gastronomija u Krnici ne smije se [&hellip;]<\/p>\n","protected":false},"author":1,"featured_media":0,"parent":0,"menu_order":0,"comment_status":"closed","ping_status":"closed","template":"","meta":{"_monsterinsights_skip_tracking":false,"_monsterinsights_sitenote_active":false,"_monsterinsights_sitenote_note":"","_monsterinsights_sitenote_category":0,"footnotes":""},"class_list":["post-1602","page","type-page","status-publish","hentry"],"_links":{"self":[{"href":"https:\/\/krnica-villa-ana.com\/index.php\/wp-json\/wp\/v2\/pages\/1602","targetHints":{"allow":["GET"]}}],"collection":[{"href":"https:\/\/krnica-villa-ana.com\/index.php\/wp-json\/wp\/v2\/pages"}],"about":[{"href":"https:\/\/krnica-villa-ana.com\/index.php\/wp-json\/wp\/v2\/types\/page"}],"author":[{"embeddable":true,"href":"https:\/\/krnica-villa-ana.com\/index.php\/wp-json\/wp\/v2\/users\/1"}],"replies":[{"embeddable":true,"href":"https:\/\/krnica-villa-ana.com\/index.php\/wp-json\/wp\/v2\/comments?post=1602"}],"version-history":[{"count":5,"href":"https:\/\/krnica-villa-ana.com\/index.php\/wp-json\/wp\/v2\/pages\/1602\/revisions"}],"predecessor-version":[{"id":1698,"href":"https:\/\/krnica-villa-ana.com\/index.php\/wp-json\/wp\/v2\/pages\/1602\/revisions\/1698"}],"wp:attachment":[{"href":"https:\/\/krnica-villa-ana.com\/index.php\/wp-json\/wp\/v2\/media?parent=1602"}],"curies":[{"name":"wp","href":"https:\/\/api.w.org\/{rel}","templated":true}]}}