{"id":1609,"date":"2023-07-02T11:37:35","date_gmt":"2023-07-02T09:37:35","guid":{"rendered":"https:\/\/krnica-villa-ana.com\/?page_id=1609"},"modified":"2023-07-02T11:38:38","modified_gmt":"2023-07-02T09:38:38","slug":"kuhinja","status":"publish","type":"page","link":"https:\/\/krnica-villa-ana.com\/index.php\/hr\/kuhinja\/","title":{"rendered":"Kuhinja"},"content":{"rendered":"\n<div class=\"wp-block-getwid-images-slider has-arrows-inside has-dots-inside has-images-center has-fitted-images\"><div class=\"wp-block-getwid-images-slider__wrapper\" data-effect=\"slide\" data-slides-show=\"1\" data-slides-show-laptop=\"1\" data-slides-show-tablet=\"1\" data-slides-show-mobile=\"1\" data-slides-scroll=\"1\" data-autoplay=\"false\" data-pause-hover=\"false\" data-autoplay-speed=\"6000\" data-infinite=\"true\" data-animation-speed=\"800\" data-center-mode=\"false\" data-variable-width=\"false\" data-arrows=\"inside\" data-dots=\"inside\" data-spacing=\"none\"><div class=\"wp-block-getwid-images-slider__item\"><figure><img fetchpriority=\"high\" decoding=\"async\" width=\"2560\" height=\"1920\" src=\"http:\/\/krnica-villa-ana.com\/wp-content\/uploads\/2023\/07\/IMG_0869-scaled.jpeg\" data-id=\"2021\" data-link=\"https:\/\/krnica-villa-ana.com\/?attachment_id=2021\" data-original-link=\"http:\/\/krnica-villa-ana.com\/wp-content\/uploads\/2023\/07\/IMG_0869-scaled.jpeg\" class=\"wp-block-getwid-images-slider__image wp-image-2021\" srcset=\"https:\/\/krnica-villa-ana.com\/wp-content\/uploads\/2023\/07\/IMG_0869-scaled.jpeg 2560w, https:\/\/krnica-villa-ana.com\/wp-content\/uploads\/2023\/07\/IMG_0869-300x225.jpeg 300w, https:\/\/krnica-villa-ana.com\/wp-content\/uploads\/2023\/07\/IMG_0869-1024x768.jpeg 1024w, https:\/\/krnica-villa-ana.com\/wp-content\/uploads\/2023\/07\/IMG_0869-768x576.jpeg 768w, https:\/\/krnica-villa-ana.com\/wp-content\/uploads\/2023\/07\/IMG_0869-1536x1152.jpeg 1536w, https:\/\/krnica-villa-ana.com\/wp-content\/uploads\/2023\/07\/IMG_0869-2048x1536.jpeg 2048w\" sizes=\"(max-width: 2560px) 100vw, 2560px\" \/><\/figure><\/div><div class=\"wp-block-getwid-images-slider__item\"><figure><img decoding=\"async\" width=\"2560\" height=\"1920\" src=\"http:\/\/krnica-villa-ana.com\/wp-content\/uploads\/2023\/07\/IMG_0874-scaled.jpeg\" data-id=\"2022\" data-link=\"https:\/\/krnica-villa-ana.com\/?attachment_id=2022\" data-original-link=\"http:\/\/krnica-villa-ana.com\/wp-content\/uploads\/2023\/07\/IMG_0874-scaled.jpeg\" class=\"wp-block-getwid-images-slider__image wp-image-2022\" srcset=\"https:\/\/krnica-villa-ana.com\/wp-content\/uploads\/2023\/07\/IMG_0874-scaled.jpeg 2560w, https:\/\/krnica-villa-ana.com\/wp-content\/uploads\/2023\/07\/IMG_0874-300x225.jpeg 300w, https:\/\/krnica-villa-ana.com\/wp-content\/uploads\/2023\/07\/IMG_0874-1024x768.jpeg 1024w, https:\/\/krnica-villa-ana.com\/wp-content\/uploads\/2023\/07\/IMG_0874-768x576.jpeg 768w, https:\/\/krnica-villa-ana.com\/wp-content\/uploads\/2023\/07\/IMG_0874-1536x1152.jpeg 1536w, https:\/\/krnica-villa-ana.com\/wp-content\/uploads\/2023\/07\/IMG_0874-2048x1536.jpeg 2048w\" sizes=\"(max-width: 2560px) 100vw, 2560px\" \/><\/figure><\/div><div class=\"wp-block-getwid-images-slider__item\"><figure><img decoding=\"async\" width=\"2560\" height=\"1920\" src=\"http:\/\/krnica-villa-ana.com\/wp-content\/uploads\/2023\/07\/IMG_1410-scaled.jpeg\" data-id=\"2023\" data-link=\"https:\/\/krnica-villa-ana.com\/?attachment_id=2023\" data-original-link=\"http:\/\/krnica-villa-ana.com\/wp-content\/uploads\/2023\/07\/IMG_1410-scaled.jpeg\" class=\"wp-block-getwid-images-slider__image wp-image-2023\" srcset=\"https:\/\/krnica-villa-ana.com\/wp-content\/uploads\/2023\/07\/IMG_1410-scaled.jpeg 2560w, https:\/\/krnica-villa-ana.com\/wp-content\/uploads\/2023\/07\/IMG_1410-300x225.jpeg 300w, https:\/\/krnica-villa-ana.com\/wp-content\/uploads\/2023\/07\/IMG_1410-1024x768.jpeg 1024w, https:\/\/krnica-villa-ana.com\/wp-content\/uploads\/2023\/07\/IMG_1410-768x576.jpeg 768w, https:\/\/krnica-villa-ana.com\/wp-content\/uploads\/2023\/07\/IMG_1410-1536x1152.jpeg 1536w, https:\/\/krnica-villa-ana.com\/wp-content\/uploads\/2023\/07\/IMG_1410-2048x1536.jpeg 2048w\" sizes=\"(max-width: 2560px) 100vw, 2560px\" \/><\/figure><\/div><div class=\"wp-block-getwid-images-slider__item\"><figure><img loading=\"lazy\" decoding=\"async\" width=\"2560\" height=\"1920\" src=\"http:\/\/krnica-villa-ana.com\/wp-content\/uploads\/2023\/07\/IMG_1411-scaled.jpeg\" data-id=\"2024\" data-link=\"https:\/\/krnica-villa-ana.com\/?attachment_id=2024\" data-original-link=\"http:\/\/krnica-villa-ana.com\/wp-content\/uploads\/2023\/07\/IMG_1411-scaled.jpeg\" class=\"wp-block-getwid-images-slider__image wp-image-2024\" srcset=\"https:\/\/krnica-villa-ana.com\/wp-content\/uploads\/2023\/07\/IMG_1411-scaled.jpeg 2560w, https:\/\/krnica-villa-ana.com\/wp-content\/uploads\/2023\/07\/IMG_1411-300x225.jpeg 300w, https:\/\/krnica-villa-ana.com\/wp-content\/uploads\/2023\/07\/IMG_1411-1024x768.jpeg 1024w, https:\/\/krnica-villa-ana.com\/wp-content\/uploads\/2023\/07\/IMG_1411-768x576.jpeg 768w, https:\/\/krnica-villa-ana.com\/wp-content\/uploads\/2023\/07\/IMG_1411-1536x1152.jpeg 1536w, https:\/\/krnica-villa-ana.com\/wp-content\/uploads\/2023\/07\/IMG_1411-2048x1536.jpeg 2048w\" sizes=\"(max-width: 2560px) 100vw, 2560px\" \/><\/figure><\/div><div class=\"wp-block-getwid-images-slider__item\"><figure><img loading=\"lazy\" decoding=\"async\" width=\"2560\" height=\"1920\" src=\"http:\/\/krnica-villa-ana.com\/wp-content\/uploads\/2023\/07\/IMG_1422-scaled.jpeg\" data-id=\"2026\" data-link=\"https:\/\/krnica-villa-ana.com\/?attachment_id=2026\" data-original-link=\"http:\/\/krnica-villa-ana.com\/wp-content\/uploads\/2023\/07\/IMG_1422-scaled.jpeg\" class=\"wp-block-getwid-images-slider__image wp-image-2026\" srcset=\"https:\/\/krnica-villa-ana.com\/wp-content\/uploads\/2023\/07\/IMG_1422-scaled.jpeg 2560w, https:\/\/krnica-villa-ana.com\/wp-content\/uploads\/2023\/07\/IMG_1422-300x225.jpeg 300w, https:\/\/krnica-villa-ana.com\/wp-content\/uploads\/2023\/07\/IMG_1422-1024x768.jpeg 1024w, https:\/\/krnica-villa-ana.com\/wp-content\/uploads\/2023\/07\/IMG_1422-768x576.jpeg 768w, https:\/\/krnica-villa-ana.com\/wp-content\/uploads\/2023\/07\/IMG_1422-1536x1152.jpeg 1536w, https:\/\/krnica-villa-ana.com\/wp-content\/uploads\/2023\/07\/IMG_1422-2048x1536.jpeg 2048w\" sizes=\"(max-width: 2560px) 100vw, 2560px\" \/><\/figure><\/div><div class=\"wp-block-getwid-images-slider__item\"><figure><img loading=\"lazy\" decoding=\"async\" width=\"2560\" height=\"1920\" src=\"http:\/\/krnica-villa-ana.com\/wp-content\/uploads\/2023\/07\/IMG_1423-scaled.jpeg\" data-id=\"2027\" data-link=\"https:\/\/krnica-villa-ana.com\/?attachment_id=2027\" data-original-link=\"http:\/\/krnica-villa-ana.com\/wp-content\/uploads\/2023\/07\/IMG_1423-scaled.jpeg\" class=\"wp-block-getwid-images-slider__image wp-image-2027\" srcset=\"https:\/\/krnica-villa-ana.com\/wp-content\/uploads\/2023\/07\/IMG_1423-scaled.jpeg 2560w, https:\/\/krnica-villa-ana.com\/wp-content\/uploads\/2023\/07\/IMG_1423-300x225.jpeg 300w, https:\/\/krnica-villa-ana.com\/wp-content\/uploads\/2023\/07\/IMG_1423-1024x768.jpeg 1024w, https:\/\/krnica-villa-ana.com\/wp-content\/uploads\/2023\/07\/IMG_1423-768x576.jpeg 768w, https:\/\/krnica-villa-ana.com\/wp-content\/uploads\/2023\/07\/IMG_1423-1536x1152.jpeg 1536w, https:\/\/krnica-villa-ana.com\/wp-content\/uploads\/2023\/07\/IMG_1423-2048x1536.jpeg 2048w\" sizes=\"(max-width: 2560px) 100vw, 2560px\" \/><\/figure><\/div><div class=\"wp-block-getwid-images-slider__item\"><figure><img loading=\"lazy\" decoding=\"async\" width=\"2560\" height=\"1920\" src=\"http:\/\/krnica-villa-ana.com\/wp-content\/uploads\/2023\/07\/IMG_1430-scaled.jpeg\" data-id=\"2028\" data-link=\"https:\/\/krnica-villa-ana.com\/?attachment_id=2028\" data-original-link=\"http:\/\/krnica-villa-ana.com\/wp-content\/uploads\/2023\/07\/IMG_1430-scaled.jpeg\" class=\"wp-block-getwid-images-slider__image wp-image-2028\" srcset=\"https:\/\/krnica-villa-ana.com\/wp-content\/uploads\/2023\/07\/IMG_1430-scaled.jpeg 2560w, https:\/\/krnica-villa-ana.com\/wp-content\/uploads\/2023\/07\/IMG_1430-300x225.jpeg 300w, https:\/\/krnica-villa-ana.com\/wp-content\/uploads\/2023\/07\/IMG_1430-1024x768.jpeg 1024w, https:\/\/krnica-villa-ana.com\/wp-content\/uploads\/2023\/07\/IMG_1430-768x576.jpeg 768w, https:\/\/krnica-villa-ana.com\/wp-content\/uploads\/2023\/07\/IMG_1430-1536x1152.jpeg 1536w, https:\/\/krnica-villa-ana.com\/wp-content\/uploads\/2023\/07\/IMG_1430-2048x1536.jpeg 2048w\" sizes=\"(max-width: 2560px) 100vw, 2560px\" \/><\/figure><\/div><div class=\"wp-block-getwid-images-slider__item\"><figure><img loading=\"lazy\" decoding=\"async\" width=\"2560\" height=\"1920\" src=\"http:\/\/krnica-villa-ana.com\/wp-content\/uploads\/2023\/07\/IMG_1431-scaled.jpeg\" data-id=\"2029\" data-link=\"https:\/\/krnica-villa-ana.com\/?attachment_id=2029\" data-original-link=\"http:\/\/krnica-villa-ana.com\/wp-content\/uploads\/2023\/07\/IMG_1431-scaled.jpeg\" class=\"wp-block-getwid-images-slider__image wp-image-2029\" srcset=\"https:\/\/krnica-villa-ana.com\/wp-content\/uploads\/2023\/07\/IMG_1431-scaled.jpeg 2560w, https:\/\/krnica-villa-ana.com\/wp-content\/uploads\/2023\/07\/IMG_1431-300x225.jpeg 300w, https:\/\/krnica-villa-ana.com\/wp-content\/uploads\/2023\/07\/IMG_1431-1024x768.jpeg 1024w, https:\/\/krnica-villa-ana.com\/wp-content\/uploads\/2023\/07\/IMG_1431-768x576.jpeg 768w, https:\/\/krnica-villa-ana.com\/wp-content\/uploads\/2023\/07\/IMG_1431-1536x1152.jpeg 1536w, https:\/\/krnica-villa-ana.com\/wp-content\/uploads\/2023\/07\/IMG_1431-2048x1536.jpeg 2048w\" sizes=\"(max-width: 2560px) 100vw, 2560px\" \/><\/figure><\/div><div class=\"wp-block-getwid-images-slider__item\"><figure><img loading=\"lazy\" decoding=\"async\" width=\"2560\" height=\"1920\" src=\"http:\/\/krnica-villa-ana.com\/wp-content\/uploads\/2023\/07\/IMG_1437-scaled.jpeg\" data-id=\"2032\" data-link=\"https:\/\/krnica-villa-ana.com\/?attachment_id=2032\" data-original-link=\"http:\/\/krnica-villa-ana.com\/wp-content\/uploads\/2023\/07\/IMG_1437-scaled.jpeg\" class=\"wp-block-getwid-images-slider__image wp-image-2032\" srcset=\"https:\/\/krnica-villa-ana.com\/wp-content\/uploads\/2023\/07\/IMG_1437-scaled.jpeg 2560w, https:\/\/krnica-villa-ana.com\/wp-content\/uploads\/2023\/07\/IMG_1437-300x225.jpeg 300w, https:\/\/krnica-villa-ana.com\/wp-content\/uploads\/2023\/07\/IMG_1437-1024x768.jpeg 1024w, https:\/\/krnica-villa-ana.com\/wp-content\/uploads\/2023\/07\/IMG_1437-768x576.jpeg 768w, https:\/\/krnica-villa-ana.com\/wp-content\/uploads\/2023\/07\/IMG_1437-1536x1152.jpeg 1536w, https:\/\/krnica-villa-ana.com\/wp-content\/uploads\/2023\/07\/IMG_1437-2048x1536.jpeg 2048w\" sizes=\"(max-width: 2560px) 100vw, 2560px\" \/><\/figure><\/div><div class=\"wp-block-getwid-images-slider__item\"><figure><img loading=\"lazy\" decoding=\"async\" width=\"2560\" height=\"1920\" src=\"http:\/\/krnica-villa-ana.com\/wp-content\/uploads\/2023\/07\/IMG_1439-scaled.jpeg\" data-id=\"2033\" data-link=\"https:\/\/krnica-villa-ana.com\/?attachment_id=2033\" data-original-link=\"http:\/\/krnica-villa-ana.com\/wp-content\/uploads\/2023\/07\/IMG_1439-scaled.jpeg\" class=\"wp-block-getwid-images-slider__image wp-image-2033\" srcset=\"https:\/\/krnica-villa-ana.com\/wp-content\/uploads\/2023\/07\/IMG_1439-scaled.jpeg 2560w, https:\/\/krnica-villa-ana.com\/wp-content\/uploads\/2023\/07\/IMG_1439-300x225.jpeg 300w, https:\/\/krnica-villa-ana.com\/wp-content\/uploads\/2023\/07\/IMG_1439-1024x768.jpeg 1024w, https:\/\/krnica-villa-ana.com\/wp-content\/uploads\/2023\/07\/IMG_1439-768x576.jpeg 768w, https:\/\/krnica-villa-ana.com\/wp-content\/uploads\/2023\/07\/IMG_1439-1536x1152.jpeg 1536w, https:\/\/krnica-villa-ana.com\/wp-content\/uploads\/2023\/07\/IMG_1439-2048x1536.jpeg 2048w\" sizes=\"(max-width: 2560px) 100vw, 2560px\" \/><\/figure><\/div><div class=\"wp-block-getwid-images-slider__item\"><figure><img loading=\"lazy\" decoding=\"async\" width=\"2560\" height=\"1920\" src=\"http:\/\/krnica-villa-ana.com\/wp-content\/uploads\/2023\/07\/IMG_1443-scaled.jpeg\" data-id=\"2034\" data-link=\"https:\/\/krnica-villa-ana.com\/?attachment_id=2034\" data-original-link=\"http:\/\/krnica-villa-ana.com\/wp-content\/uploads\/2023\/07\/IMG_1443-scaled.jpeg\" class=\"wp-block-getwid-images-slider__image wp-image-2034\" srcset=\"https:\/\/krnica-villa-ana.com\/wp-content\/uploads\/2023\/07\/IMG_1443-scaled.jpeg 2560w, https:\/\/krnica-villa-ana.com\/wp-content\/uploads\/2023\/07\/IMG_1443-300x225.jpeg 300w, https:\/\/krnica-villa-ana.com\/wp-content\/uploads\/2023\/07\/IMG_1443-1024x768.jpeg 1024w, https:\/\/krnica-villa-ana.com\/wp-content\/uploads\/2023\/07\/IMG_1443-768x576.jpeg 768w, https:\/\/krnica-villa-ana.com\/wp-content\/uploads\/2023\/07\/IMG_1443-1536x1152.jpeg 1536w, https:\/\/krnica-villa-ana.com\/wp-content\/uploads\/2023\/07\/IMG_1443-2048x1536.jpeg 2048w\" sizes=\"(max-width: 2560px) 100vw, 2560px\" \/><\/figure><\/div><div class=\"wp-block-getwid-images-slider__item\"><figure><img loading=\"lazy\" decoding=\"async\" width=\"2560\" height=\"1920\" src=\"http:\/\/krnica-villa-ana.com\/wp-content\/uploads\/2023\/07\/IMG_1444-scaled.jpeg\" data-id=\"2035\" data-link=\"https:\/\/krnica-villa-ana.com\/?attachment_id=2035\" data-original-link=\"http:\/\/krnica-villa-ana.com\/wp-content\/uploads\/2023\/07\/IMG_1444-scaled.jpeg\" class=\"wp-block-getwid-images-slider__image wp-image-2035\" srcset=\"https:\/\/krnica-villa-ana.com\/wp-content\/uploads\/2023\/07\/IMG_1444-scaled.jpeg 2560w, https:\/\/krnica-villa-ana.com\/wp-content\/uploads\/2023\/07\/IMG_1444-300x225.jpeg 300w, https:\/\/krnica-villa-ana.com\/wp-content\/uploads\/2023\/07\/IMG_1444-1024x768.jpeg 1024w, https:\/\/krnica-villa-ana.com\/wp-content\/uploads\/2023\/07\/IMG_1444-768x576.jpeg 768w, https:\/\/krnica-villa-ana.com\/wp-content\/uploads\/2023\/07\/IMG_1444-1536x1152.jpeg 1536w, https:\/\/krnica-villa-ana.com\/wp-content\/uploads\/2023\/07\/IMG_1444-2048x1536.jpeg 2048w\" sizes=\"(max-width: 2560px) 100vw, 2560px\" \/><\/figure><\/div><div class=\"wp-block-getwid-images-slider__item\"><figure><img loading=\"lazy\" decoding=\"async\" width=\"2560\" height=\"1920\" src=\"http:\/\/krnica-villa-ana.com\/wp-content\/uploads\/2023\/07\/IMG_1445-scaled.jpeg\" data-id=\"2036\" data-link=\"https:\/\/krnica-villa-ana.com\/?attachment_id=2036\" data-original-link=\"http:\/\/krnica-villa-ana.com\/wp-content\/uploads\/2023\/07\/IMG_1445-scaled.jpeg\" class=\"wp-block-getwid-images-slider__image wp-image-2036\" srcset=\"https:\/\/krnica-villa-ana.com\/wp-content\/uploads\/2023\/07\/IMG_1445-scaled.jpeg 2560w, https:\/\/krnica-villa-ana.com\/wp-content\/uploads\/2023\/07\/IMG_1445-300x225.jpeg 300w, https:\/\/krnica-villa-ana.com\/wp-content\/uploads\/2023\/07\/IMG_1445-1024x768.jpeg 1024w, https:\/\/krnica-villa-ana.com\/wp-content\/uploads\/2023\/07\/IMG_1445-768x576.jpeg 768w, https:\/\/krnica-villa-ana.com\/wp-content\/uploads\/2023\/07\/IMG_1445-1536x1152.jpeg 1536w, https:\/\/krnica-villa-ana.com\/wp-content\/uploads\/2023\/07\/IMG_1445-2048x1536.jpeg 2048w\" sizes=\"(max-width: 2560px) 100vw, 2560px\" \/><\/figure><\/div><div class=\"wp-block-getwid-images-slider__item\"><figure><img loading=\"lazy\" decoding=\"async\" width=\"2560\" height=\"1920\" src=\"http:\/\/krnica-villa-ana.com\/wp-content\/uploads\/2023\/07\/IMG_1446-scaled.jpeg\" data-id=\"2037\" data-link=\"https:\/\/krnica-villa-ana.com\/?attachment_id=2037\" data-original-link=\"http:\/\/krnica-villa-ana.com\/wp-content\/uploads\/2023\/07\/IMG_1446-scaled.jpeg\" class=\"wp-block-getwid-images-slider__image wp-image-2037\" srcset=\"https:\/\/krnica-villa-ana.com\/wp-content\/uploads\/2023\/07\/IMG_1446-scaled.jpeg 2560w, https:\/\/krnica-villa-ana.com\/wp-content\/uploads\/2023\/07\/IMG_1446-300x225.jpeg 300w, https:\/\/krnica-villa-ana.com\/wp-content\/uploads\/2023\/07\/IMG_1446-1024x768.jpeg 1024w, https:\/\/krnica-villa-ana.com\/wp-content\/uploads\/2023\/07\/IMG_1446-768x576.jpeg 768w, https:\/\/krnica-villa-ana.com\/wp-content\/uploads\/2023\/07\/IMG_1446-1536x1152.jpeg 1536w, https:\/\/krnica-villa-ana.com\/wp-content\/uploads\/2023\/07\/IMG_1446-2048x1536.jpeg 2048w\" sizes=\"(max-width: 2560px) 100vw, 2560px\" \/><\/figure><\/div><div class=\"wp-block-getwid-images-slider__item\"><figure><img loading=\"lazy\" decoding=\"async\" width=\"2560\" height=\"1920\" src=\"http:\/\/krnica-villa-ana.com\/wp-content\/uploads\/2023\/07\/IMG_1458-scaled.jpeg\" data-id=\"2038\" data-link=\"https:\/\/krnica-villa-ana.com\/?attachment_id=2038\" data-original-link=\"http:\/\/krnica-villa-ana.com\/wp-content\/uploads\/2023\/07\/IMG_1458-scaled.jpeg\" class=\"wp-block-getwid-images-slider__image wp-image-2038\" srcset=\"https:\/\/krnica-villa-ana.com\/wp-content\/uploads\/2023\/07\/IMG_1458-scaled.jpeg 2560w, https:\/\/krnica-villa-ana.com\/wp-content\/uploads\/2023\/07\/IMG_1458-300x225.jpeg 300w, https:\/\/krnica-villa-ana.com\/wp-content\/uploads\/2023\/07\/IMG_1458-1024x768.jpeg 1024w, https:\/\/krnica-villa-ana.com\/wp-content\/uploads\/2023\/07\/IMG_1458-768x576.jpeg 768w, https:\/\/krnica-villa-ana.com\/wp-content\/uploads\/2023\/07\/IMG_1458-1536x1152.jpeg 1536w, https:\/\/krnica-villa-ana.com\/wp-content\/uploads\/2023\/07\/IMG_1458-2048x1536.jpeg 2048w\" sizes=\"(max-width: 2560px) 100vw, 2560px\" \/><\/figure><\/div><div class=\"wp-block-getwid-images-slider__item\"><figure><img loading=\"lazy\" decoding=\"async\" width=\"2560\" height=\"1920\" src=\"http:\/\/krnica-villa-ana.com\/wp-content\/uploads\/2023\/07\/IMG_1475-scaled.jpeg\" data-id=\"2039\" data-link=\"https:\/\/krnica-villa-ana.com\/?attachment_id=2039\" data-original-link=\"http:\/\/krnica-villa-ana.com\/wp-content\/uploads\/2023\/07\/IMG_1475-scaled.jpeg\" class=\"wp-block-getwid-images-slider__image wp-image-2039\" srcset=\"https:\/\/krnica-villa-ana.com\/wp-content\/uploads\/2023\/07\/IMG_1475-scaled.jpeg 2560w, https:\/\/krnica-villa-ana.com\/wp-content\/uploads\/2023\/07\/IMG_1475-300x225.jpeg 300w, https:\/\/krnica-villa-ana.com\/wp-content\/uploads\/2023\/07\/IMG_1475-1024x768.jpeg 1024w, https:\/\/krnica-villa-ana.com\/wp-content\/uploads\/2023\/07\/IMG_1475-768x576.jpeg 768w, https:\/\/krnica-villa-ana.com\/wp-content\/uploads\/2023\/07\/IMG_1475-1536x1152.jpeg 1536w, https:\/\/krnica-villa-ana.com\/wp-content\/uploads\/2023\/07\/IMG_1475-2048x1536.jpeg 2048w\" sizes=\"(max-width: 2560px) 100vw, 2560px\" \/><\/figure><\/div><div class=\"wp-block-getwid-images-slider__item\"><figure><img loading=\"lazy\" decoding=\"async\" width=\"2560\" height=\"1920\" src=\"http:\/\/krnica-villa-ana.com\/wp-content\/uploads\/2023\/07\/IMG_1476-scaled.jpeg\" data-id=\"2040\" data-link=\"https:\/\/krnica-villa-ana.com\/?attachment_id=2040\" data-original-link=\"http:\/\/krnica-villa-ana.com\/wp-content\/uploads\/2023\/07\/IMG_1476-scaled.jpeg\" class=\"wp-block-getwid-images-slider__image wp-image-2040\" srcset=\"https:\/\/krnica-villa-ana.com\/wp-content\/uploads\/2023\/07\/IMG_1476-scaled.jpeg 2560w, https:\/\/krnica-villa-ana.com\/wp-content\/uploads\/2023\/07\/IMG_1476-300x225.jpeg 300w, https:\/\/krnica-villa-ana.com\/wp-content\/uploads\/2023\/07\/IMG_1476-1024x768.jpeg 1024w, https:\/\/krnica-villa-ana.com\/wp-content\/uploads\/2023\/07\/IMG_1476-768x576.jpeg 768w, https:\/\/krnica-villa-ana.com\/wp-content\/uploads\/2023\/07\/IMG_1476-1536x1152.jpeg 1536w, https:\/\/krnica-villa-ana.com\/wp-content\/uploads\/2023\/07\/IMG_1476-2048x1536.jpeg 2048w\" sizes=\"(max-width: 2560px) 100vw, 2560px\" \/><\/figure><\/div><div class=\"wp-block-getwid-images-slider__item\"><figure><img loading=\"lazy\" decoding=\"async\" width=\"2560\" height=\"1920\" src=\"http:\/\/krnica-villa-ana.com\/wp-content\/uploads\/2023\/07\/IMG_1477-scaled.jpeg\" data-id=\"2041\" data-link=\"https:\/\/krnica-villa-ana.com\/?attachment_id=2041\" data-original-link=\"http:\/\/krnica-villa-ana.com\/wp-content\/uploads\/2023\/07\/IMG_1477-scaled.jpeg\" class=\"wp-block-getwid-images-slider__image wp-image-2041\" srcset=\"https:\/\/krnica-villa-ana.com\/wp-content\/uploads\/2023\/07\/IMG_1477-scaled.jpeg 2560w, https:\/\/krnica-villa-ana.com\/wp-content\/uploads\/2023\/07\/IMG_1477-300x225.jpeg 300w, https:\/\/krnica-villa-ana.com\/wp-content\/uploads\/2023\/07\/IMG_1477-1024x768.jpeg 1024w, https:\/\/krnica-villa-ana.com\/wp-content\/uploads\/2023\/07\/IMG_1477-768x576.jpeg 768w, https:\/\/krnica-villa-ana.com\/wp-content\/uploads\/2023\/07\/IMG_1477-1536x1152.jpeg 1536w, https:\/\/krnica-villa-ana.com\/wp-content\/uploads\/2023\/07\/IMG_1477-2048x1536.jpeg 2048w\" sizes=\"(max-width: 2560px) 100vw, 2560px\" \/><\/figure><\/div><div class=\"wp-block-getwid-images-slider__item\"><figure><img loading=\"lazy\" decoding=\"async\" width=\"2560\" height=\"1920\" src=\"http:\/\/krnica-villa-ana.com\/wp-content\/uploads\/2023\/07\/IMG_1478-scaled.jpeg\" data-id=\"2042\" data-link=\"https:\/\/krnica-villa-ana.com\/?attachment_id=2042\" data-original-link=\"http:\/\/krnica-villa-ana.com\/wp-content\/uploads\/2023\/07\/IMG_1478-scaled.jpeg\" class=\"wp-block-getwid-images-slider__image wp-image-2042\" srcset=\"https:\/\/krnica-villa-ana.com\/wp-content\/uploads\/2023\/07\/IMG_1478-scaled.jpeg 2560w, https:\/\/krnica-villa-ana.com\/wp-content\/uploads\/2023\/07\/IMG_1478-300x225.jpeg 300w, https:\/\/krnica-villa-ana.com\/wp-content\/uploads\/2023\/07\/IMG_1478-1024x768.jpeg 1024w, https:\/\/krnica-villa-ana.com\/wp-content\/uploads\/2023\/07\/IMG_1478-768x576.jpeg 768w, https:\/\/krnica-villa-ana.com\/wp-content\/uploads\/2023\/07\/IMG_1478-1536x1152.jpeg 1536w, https:\/\/krnica-villa-ana.com\/wp-content\/uploads\/2023\/07\/IMG_1478-2048x1536.jpeg 2048w\" sizes=\"(max-width: 2560px) 100vw, 2560px\" \/><\/figure><\/div><div class=\"wp-block-getwid-images-slider__item\"><figure><img loading=\"lazy\" decoding=\"async\" width=\"2560\" height=\"1920\" src=\"http:\/\/krnica-villa-ana.com\/wp-content\/uploads\/2023\/07\/IMG_1480-scaled.jpeg\" data-id=\"2044\" data-link=\"https:\/\/krnica-villa-ana.com\/?attachment_id=2044\" data-original-link=\"http:\/\/krnica-villa-ana.com\/wp-content\/uploads\/2023\/07\/IMG_1480-scaled.jpeg\" class=\"wp-block-getwid-images-slider__image wp-image-2044\" srcset=\"https:\/\/krnica-villa-ana.com\/wp-content\/uploads\/2023\/07\/IMG_1480-scaled.jpeg 2560w, https:\/\/krnica-villa-ana.com\/wp-content\/uploads\/2023\/07\/IMG_1480-300x225.jpeg 300w, https:\/\/krnica-villa-ana.com\/wp-content\/uploads\/2023\/07\/IMG_1480-1024x768.jpeg 1024w, https:\/\/krnica-villa-ana.com\/wp-content\/uploads\/2023\/07\/IMG_1480-768x576.jpeg 768w, https:\/\/krnica-villa-ana.com\/wp-content\/uploads\/2023\/07\/IMG_1480-1536x1152.jpeg 1536w, https:\/\/krnica-villa-ana.com\/wp-content\/uploads\/2023\/07\/IMG_1480-2048x1536.jpeg 2048w\" sizes=\"(max-width: 2560px) 100vw, 2560px\" \/><\/figure><\/div><\/div><\/div>\n\n\n\n<hr class=\"wp-block-separator has-alpha-channel-opacity\"\/>\n\n\n\n<p>Uzbudljive arome mediteranskih biljaka se stapaju s svje\u017eim i lokalnim sastojcima, stvaraju\u0107i jela s ukusima izuzetno intenzivnim. Kuhanje u tipi\u010dnoj istarskoj kamenoj ku\u0107i zna\u010di dijeliti trenutke i emocije oko ukusne hrane, u okru\u017eenju koje odi\u0161e povije\u0161\u0107u i autenti\u010dno\u0161\u0107u.<\/p>\n","protected":false},"excerpt":{"rendered":"<p>Uzbudljive arome mediteranskih biljaka se stapaju s svje\u017eim i lokalnim sastojcima, stvaraju\u0107i jela s ukusima izuzetno intenzivnim. Kuhanje u tipi\u010dnoj istarskoj kamenoj ku\u0107i zna\u010di dijeliti trenutke i emocije oko ukusne hrane, u okru\u017eenju koje odi\u0161e povije\u0161\u0107u i autenti\u010dno\u0161\u0107u.<\/p>\n","protected":false},"author":1,"featured_media":0,"parent":0,"menu_order":0,"comment_status":"closed","ping_status":"closed","template":"","meta":{"_monsterinsights_skip_tracking":false,"_monsterinsights_sitenote_active":false,"_monsterinsights_sitenote_note":"","_monsterinsights_sitenote_category":0,"footnotes":""},"class_list":["post-1609","page","type-page","status-publish","hentry"],"_links":{"self":[{"href":"https:\/\/krnica-villa-ana.com\/index.php\/wp-json\/wp\/v2\/pages\/1609","targetHints":{"allow":["GET"]}}],"collection":[{"href":"https:\/\/krnica-villa-ana.com\/index.php\/wp-json\/wp\/v2\/pages"}],"about":[{"href":"https:\/\/krnica-villa-ana.com\/index.php\/wp-json\/wp\/v2\/types\/page"}],"author":[{"embeddable":true,"href":"https:\/\/krnica-villa-ana.com\/index.php\/wp-json\/wp\/v2\/users\/1"}],"replies":[{"embeddable":true,"href":"https:\/\/krnica-villa-ana.com\/index.php\/wp-json\/wp\/v2\/comments?post=1609"}],"version-history":[{"count":2,"href":"https:\/\/krnica-villa-ana.com\/index.php\/wp-json\/wp\/v2\/pages\/1609\/revisions"}],"predecessor-version":[{"id":1611,"href":"https:\/\/krnica-villa-ana.com\/index.php\/wp-json\/wp\/v2\/pages\/1609\/revisions\/1611"}],"wp:attachment":[{"href":"https:\/\/krnica-villa-ana.com\/index.php\/wp-json\/wp\/v2\/media?parent=1609"}],"curies":[{"name":"wp","href":"https:\/\/api.w.org\/{rel}","templated":true}]}}