{"id":1612,"date":"2023-07-02T11:41:05","date_gmt":"2023-07-02T09:41:05","guid":{"rendered":"https:\/\/krnica-villa-ana.com\/?page_id=1612"},"modified":"2023-07-02T11:44:12","modified_gmt":"2023-07-02T09:44:12","slug":"kuca","status":"publish","type":"page","link":"https:\/\/krnica-villa-ana.com\/index.php\/hr\/kuca\/","title":{"rendered":"Ku\u0107a"},"content":{"rendered":"\n<p><strong>Lokacija :<\/strong> U srcu \u0161armantnog sela Krnica, ova ku\u0107a u\u017eiva povla\u0161tenu lokaciju. Na 5 minuta vo\u017enje ili 15 minuta hoda, tirkizne vode i divlje pla\u017ee pozivaju na opu\u0161tanje i kupanje. Smje\u0161tena na 500 metara od centra sela, ova rezidencija pru\u017ea lagan pristup lokalnim restoranima, pekarnici, trgovini prehrambenih proizvoda i crkvi, omogu\u0107avaju\u0107i potpuno u\u017eivanje u prijateljskoj atmosferi sela. Osim toga, zahvaljuju\u0107i izravnoj blizini Pule i njenog aerodroma, ova ku\u0107a je idealno smje\u0161tena za istra\u017eivanje kulturnih i povijesnih znamenitosti regije.<\/p>\n\n\n\n<p><strong>Ono \u0161to \u0107ete prona\u0107i :<\/strong> Tipi\u010dna kamena ku\u0107a s jedinstvenim spojem tradicije i modernosti, koja pru\u017ea mirno uto\u010di\u0161te gdje mo\u017eete pobje\u0107i od u\u017eurbanosti svakodnevnog \u017eivota. Bilo da \u017eelite opu\u0161taju\u0107i bijeg ili autenti\u010dno iskustvo usred o\u010daravaju\u0107eg krajolika, ova ku\u0107a je idealno mjesto za stvaranje nezaboravnih uspomena u prirodnom okru\u017eenju zadivljuju\u0107e ljepote.<\/p>\n\n\n<div class=\"wp-block-image\">\n<figure class=\"aligncenter size-large\"><img fetchpriority=\"high\" decoding=\"async\" width=\"1024\" height=\"622\" src=\"https:\/\/krnica-villa-ana.com\/wp-content\/uploads\/2023\/07\/Description_EN-1-1024x622.png\" alt=\"\" class=\"wp-image-1613\" srcset=\"https:\/\/krnica-villa-ana.com\/wp-content\/uploads\/2023\/07\/Description_EN-1-1024x622.png 1024w, https:\/\/krnica-villa-ana.com\/wp-content\/uploads\/2023\/07\/Description_EN-1-300x182.png 300w, https:\/\/krnica-villa-ana.com\/wp-content\/uploads\/2023\/07\/Description_EN-1-768x466.png 768w, https:\/\/krnica-villa-ana.com\/wp-content\/uploads\/2023\/07\/Description_EN-1-1536x933.png 1536w, https:\/\/krnica-villa-ana.com\/wp-content\/uploads\/2023\/07\/Description_EN-1-2048x1244.png 2048w\" sizes=\"(max-width: 1024px) 100vw, 1024px\" \/><\/figure>\n<\/div>\n\n\n<p class=\"has-medium-font-size\">Lokacija :<\/p>\n\n\n<div class=\"wp-block-image\">\n<figure class=\"aligncenter size-large\"><img decoding=\"async\" width=\"1024\" height=\"591\" src=\"https:\/\/krnica-villa-ana.com\/wp-content\/uploads\/2023\/07\/Localisation_Villa_Ana-1-1024x591.png\" alt=\"\" class=\"wp-image-1614\" srcset=\"https:\/\/krnica-villa-ana.com\/wp-content\/uploads\/2023\/07\/Localisation_Villa_Ana-1-1024x591.png 1024w, https:\/\/krnica-villa-ana.com\/wp-content\/uploads\/2023\/07\/Localisation_Villa_Ana-1-300x173.png 300w, https:\/\/krnica-villa-ana.com\/wp-content\/uploads\/2023\/07\/Localisation_Villa_Ana-1-768x443.png 768w, https:\/\/krnica-villa-ana.com\/wp-content\/uploads\/2023\/07\/Localisation_Villa_Ana-1.png 1486w\" sizes=\"(max-width: 1024px) 100vw, 1024px\" \/><\/figure>\n<\/div>\n\n\n<hr class=\"wp-block-separator has-alpha-channel-opacity\"\/>\n\n\n\n<p><strong>Opis: <\/strong>Prizemlje se otvara u prostrani dnevni boravak, gdje vlada topla atmosfera pogodna za opu\u0161tanje s obitelji ili prijateljima. Vidljivi zidovi od kamena i drvene grede svjedo\u010de o tradicionalnom karakteru ku\u0107e, dok dodiri suvremenosti donose da\u0161ak suvremenog udobnosti.<\/p>\n\n\n\n<p>Penju\u0107i se stepenicama na prvi kat, otkrit \u0107ete dvije spava\u0107e sobe, svaka pru\u017eaju\u0107i oazu mira i privatnosti. No pravi dragulj ove ku\u0107e nalazi se na zadnjem katu, gdje vas \u010deka rasko\u0161na glavna spava\u0107a soba. Glavna spava\u0107a soba otvara se na veliku terasu, na kojoj mo\u017eete u\u017eivati u idili\u010dnom okru\u017eenju s panoramskim pogledom na sjajno more i prostrane maslinike.<\/p>\n\n\n\n<p>\u010cvrsti i prekrasno obnovljeni zidovi od kamena pru\u017eaju toplu i karakteristi\u010dnu atmosferu. Panoramski pogled s terase odvest \u0107e vas do zelenih bre\u017euljaka, bujnih maslinika i sjajnog mora. Bazen vas poziva na opu\u0161tanje, okru\u017een omamljuju\u0107im mirisima mediteranskog bilja. \u017divite miran i autenti\u010dan \u017eivot, uronjen u povijest i ljepotu Istre.<\/p>\n","protected":false},"excerpt":{"rendered":"<p>Lokacija : U srcu \u0161armantnog sela Krnica, ova ku\u0107a u\u017eiva povla\u0161tenu lokaciju. Na 5 minuta vo\u017enje ili 15 minuta hoda, tirkizne vode i divlje pla\u017ee pozivaju na opu\u0161tanje i kupanje. Smje\u0161tena na 500 metara od centra sela, ova rezidencija pru\u017ea lagan pristup lokalnim restoranima, pekarnici, trgovini prehrambenih proizvoda i crkvi, omogu\u0107avaju\u0107i potpuno u\u017eivanje u prijateljskoj [&hellip;]<\/p>\n","protected":false},"author":1,"featured_media":0,"parent":0,"menu_order":0,"comment_status":"closed","ping_status":"open","template":"","meta":{"_monsterinsights_skip_tracking":false,"_monsterinsights_sitenote_active":false,"_monsterinsights_sitenote_note":"","_monsterinsights_sitenote_category":0,"footnotes":""},"class_list":["post-1612","page","type-page","status-publish","hentry"],"_links":{"self":[{"href":"https:\/\/krnica-villa-ana.com\/index.php\/wp-json\/wp\/v2\/pages\/1612","targetHints":{"allow":["GET"]}}],"collection":[{"href":"https:\/\/krnica-villa-ana.com\/index.php\/wp-json\/wp\/v2\/pages"}],"about":[{"href":"https:\/\/krnica-villa-ana.com\/index.php\/wp-json\/wp\/v2\/types\/page"}],"author":[{"embeddable":true,"href":"https:\/\/krnica-villa-ana.com\/index.php\/wp-json\/wp\/v2\/users\/1"}],"replies":[{"embeddable":true,"href":"https:\/\/krnica-villa-ana.com\/index.php\/wp-json\/wp\/v2\/comments?post=1612"}],"version-history":[{"count":2,"href":"https:\/\/krnica-villa-ana.com\/index.php\/wp-json\/wp\/v2\/pages\/1612\/revisions"}],"predecessor-version":[{"id":1617,"href":"https:\/\/krnica-villa-ana.com\/index.php\/wp-json\/wp\/v2\/pages\/1612\/revisions\/1617"}],"wp:attachment":[{"href":"https:\/\/krnica-villa-ana.com\/index.php\/wp-json\/wp\/v2\/media?parent=1612"}],"curies":[{"name":"wp","href":"https:\/\/api.w.org\/{rel}","templated":true}]}}