{"id":2,"date":"2023-05-29T16:22:04","date_gmt":"2023-05-29T14:22:04","guid":{"rendered":"http:\/\/krnica-villa-ana.com\/?page_id=2"},"modified":"2023-09-17T16:58:10","modified_gmt":"2023-09-17T14:58:10","slug":"page-d-exemple","status":"publish","type":"page","link":"https:\/\/krnica-villa-ana.com\/index.php\/page-d-exemple\/","title":{"rendered":"La Maison"},"content":{"rendered":"\n<p><strong>Situation :<\/strong> Au c\u0153ur du charmant village de Krnica, cette maison b\u00e9n\u00e9ficie d&#8217;un emplacement privil\u00e9gi\u00e9. \u00c0 5 minutes en voiture ou en 15 minutes \u00e0 pieds, les eaux turquoises et les plages sauvages invitent \u00e0 la d\u00e9tente et \u00e0 la baignade. Nich\u00e9e \u00e0 500 m\u00e8tres du centre du village, cette r\u00e9sidence offre un acc\u00e8s facile aux restaurants locaux, \u00e0 la boulangerie, au magasin d&#8217;alimentation et \u00e0 l&#8217;\u00e9glise, permettant ainsi de profiter pleinement de l&#8217;atmosph\u00e8re conviviale du village. De plus, gr\u00e2ce \u00e0 sa proximit\u00e9 directe avec Pula et son a\u00e9roport, cette maison est id\u00e9alement situ\u00e9e pour explorer les sites culturels et historiques de la r\u00e9gion.<\/p>\n\n\n\n<p><strong>Ce que vous allez trouver :<\/strong> Une maison en pierre typique, avec un m\u00e9lange unique de tradition et de modernit\u00e9, et qui offre un refuge paisible o\u00f9 vous pourrez vous \u00e9chapper du tumulte de la vie quotidienne. Que ce soit pour une escapade relaxante ou pour vivre une exp\u00e9rience authentique au c\u0153ur d&#8217;un paysage enchanteur, cette demeure est l&#8217;endroit id\u00e9al pour cr\u00e9er des souvenirs inoubliables dans un cadre naturel d&#8217;une beaut\u00e9 \u00e0 couper le souffle.<\/p>\n\n\n<div class=\"wp-block-image\">\n<figure class=\"aligncenter size-large\"><img fetchpriority=\"high\" decoding=\"async\" width=\"1024\" height=\"597\" src=\"https:\/\/krnica-villa-ana.com\/wp-content\/uploads\/2023\/06\/Description_FR-1-1024x597.png\" alt=\"\" class=\"wp-image-1000\" srcset=\"https:\/\/krnica-villa-ana.com\/wp-content\/uploads\/2023\/06\/Description_FR-1-1024x597.png 1024w, https:\/\/krnica-villa-ana.com\/wp-content\/uploads\/2023\/06\/Description_FR-1-300x175.png 300w, https:\/\/krnica-villa-ana.com\/wp-content\/uploads\/2023\/06\/Description_FR-1-768x448.png 768w, https:\/\/krnica-villa-ana.com\/wp-content\/uploads\/2023\/06\/Description_FR-1-1536x895.png 1536w, https:\/\/krnica-villa-ana.com\/wp-content\/uploads\/2023\/06\/Description_FR-1-2048x1194.png 2048w, https:\/\/krnica-villa-ana.com\/wp-content\/uploads\/2023\/06\/Description_FR-1-1200x700.png 1200w\" sizes=\"(max-width: 1024px) 100vw, 1024px\" \/><\/figure>\n<\/div>\n\n\n<h4 class=\"wp-block-heading\"><strong>Localisation :<\/strong><\/h4>\n\n\n\n<figure class=\"wp-block-image size-large\"><img decoding=\"async\" width=\"1024\" height=\"591\" src=\"https:\/\/krnica-villa-ana.com\/wp-content\/uploads\/2023\/06\/Localisation_Villa_Ana-1024x591.png\" alt=\"\" class=\"wp-image-1178\" srcset=\"https:\/\/krnica-villa-ana.com\/wp-content\/uploads\/2023\/06\/Localisation_Villa_Ana-1024x591.png 1024w, https:\/\/krnica-villa-ana.com\/wp-content\/uploads\/2023\/06\/Localisation_Villa_Ana-300x173.png 300w, https:\/\/krnica-villa-ana.com\/wp-content\/uploads\/2023\/06\/Localisation_Villa_Ana-768x443.png 768w, https:\/\/krnica-villa-ana.com\/wp-content\/uploads\/2023\/06\/Localisation_Villa_Ana.png 1486w\" sizes=\"(max-width: 1024px) 100vw, 1024px\" \/><\/figure>\n\n\n\n<hr class=\"wp-block-separator has-alpha-channel-opacity\"\/>\n\n\n\n<p><strong>Description :<\/strong> Le rez-de-chauss\u00e9e s&#8217;ouvre sur un salon spacieux, o\u00f9 r\u00e8gne une atmosph\u00e8re chaleureuse, propice aux moments de d\u00e9tente en famille ou entre amis. Les murs en pierre apparente et les poutres de bois t\u00e9moignent du caract\u00e8re traditionnel de la maison, tandis que les touches de modernit\u00e9 apportent une touche de confort contemporain. <\/p>\n\n\n\n<p>En montant les escaliers vers le premier \u00e9tage, vous d\u00e9couvrirez deux chambres \u00e0 coucher, chacune offrant un havre de paix et d&#8217;intimit\u00e9.  Cependant, le v\u00e9ritable tr\u00e9sor de cette maison se trouve au dernier \u00e9tage, o\u00f9 une chambre parentale somptueuse vous attend. La chambre parentale s&#8217;ouvre sur une grande terrasse, o\u00f9 vous pourrez profiter d&#8217;un cadre idyllique avec une vue panoramique sur la mer scintillante et les vastes champs d&#8217;oliviers environnants. <\/p>\n\n\n\n<p>Les murs de pierre solides et magnifiquement restaur\u00e9s vous offrent une atmosph\u00e8re chaleureuse et pleine de caract\u00e8re. La vue panoramiques depuis la terrasse vous transporte vers des collines verdoyantes, des champs d&#8217;oliviers luxuriants et la mer scintillante. La piscine vous invite \u00e0 vous d\u00e9tendre, entour\u00e9 de la senteur envo\u00fbtante des plantes m\u00e9diterran\u00e9ennes. Vivez une vie tranquille et authentique, impr\u00e9gn\u00e9e de l&#8217;histoire et de la beaut\u00e9 de l&#8217;Istrie.<\/p>\n","protected":false},"excerpt":{"rendered":"<p>Situation : Au c\u0153ur du charmant village de Krnica, cette maison b\u00e9n\u00e9ficie d&#8217;un emplacement privil\u00e9gi\u00e9. \u00c0 5 minutes en voiture ou en 15 minutes \u00e0 pieds, les eaux turquoises et les plages sauvages invitent \u00e0 la d\u00e9tente et \u00e0 la baignade. Nich\u00e9e \u00e0 500 m\u00e8tres du centre du village, cette r\u00e9sidence offre un acc\u00e8s facile [&hellip;]<\/p>\n","protected":false},"author":1,"featured_media":0,"parent":0,"menu_order":0,"comment_status":"closed","ping_status":"open","template":"","meta":{"_monsterinsights_skip_tracking":false,"_monsterinsights_sitenote_active":false,"_monsterinsights_sitenote_note":"","_monsterinsights_sitenote_category":0,"footnotes":""},"class_list":["post-2","page","type-page","status-publish","hentry"],"_links":{"self":[{"href":"https:\/\/krnica-villa-ana.com\/index.php\/wp-json\/wp\/v2\/pages\/2","targetHints":{"allow":["GET"]}}],"collection":[{"href":"https:\/\/krnica-villa-ana.com\/index.php\/wp-json\/wp\/v2\/pages"}],"about":[{"href":"https:\/\/krnica-villa-ana.com\/index.php\/wp-json\/wp\/v2\/types\/page"}],"author":[{"embeddable":true,"href":"https:\/\/krnica-villa-ana.com\/index.php\/wp-json\/wp\/v2\/users\/1"}],"replies":[{"embeddable":true,"href":"https:\/\/krnica-villa-ana.com\/index.php\/wp-json\/wp\/v2\/comments?post=2"}],"version-history":[{"count":39,"href":"https:\/\/krnica-villa-ana.com\/index.php\/wp-json\/wp\/v2\/pages\/2\/revisions"}],"predecessor-version":[{"id":1717,"href":"https:\/\/krnica-villa-ana.com\/index.php\/wp-json\/wp\/v2\/pages\/2\/revisions\/1717"}],"wp:attachment":[{"href":"https:\/\/krnica-villa-ana.com\/index.php\/wp-json\/wp\/v2\/media?parent=2"}],"curies":[{"name":"wp","href":"https:\/\/api.w.org\/{rel}","templated":true}]}}