{"id":304,"date":"2023-06-05T16:50:30","date_gmt":"2023-06-05T14:50:30","guid":{"rendered":"https:\/\/krnica-villa-ana.com\/?page_id=304"},"modified":"2023-07-01T17:01:56","modified_gmt":"2023-07-01T15:01:56","slug":"accueil","status":"publish","type":"page","link":"https:\/\/krnica-villa-ana.com\/","title":{"rendered":"Accueil"},"content":{"rendered":"<div class=\"wp-block-image\">\n<figure class=\"aligncenter size-large is-resized\"><img fetchpriority=\"high\" decoding=\"async\" src=\"https:\/\/krnica-villa-ana.com\/wp-content\/uploads\/2023\/06\/Photo_acceuil_2-2-1024x576.png\" alt=\"\" class=\"wp-image-1091\" width=\"768\" height=\"432\" srcset=\"https:\/\/krnica-villa-ana.com\/wp-content\/uploads\/2023\/06\/Photo_acceuil_2-2-1024x576.png 1024w, https:\/\/krnica-villa-ana.com\/wp-content\/uploads\/2023\/06\/Photo_acceuil_2-2-300x169.png 300w, https:\/\/krnica-villa-ana.com\/wp-content\/uploads\/2023\/06\/Photo_acceuil_2-2-768x432.png 768w, https:\/\/krnica-villa-ana.com\/wp-content\/uploads\/2023\/06\/Photo_acceuil_2-2-1536x864.png 1536w, https:\/\/krnica-villa-ana.com\/wp-content\/uploads\/2023\/06\/Photo_acceuil_2-2-2048x1152.png 2048w\" sizes=\"(max-width: 768px) 100vw, 768px\" \/><\/figure>\n<\/div>\n\n\n<figure class=\"wp-block-pullquote\" style=\"border-style:none;border-width:0px;border-radius:0px;font-size:15px;font-style:normal;font-weight:400\"><blockquote><p>Au c\u0153ur de la magnifique r\u00e9gion de l&#8217;Istrie, notre famille est tomb\u00e9e sous le charme envo\u00fbtant d&#8217;une magnifique maison en pierre typique d&#8217;Istrie, situ\u00e9e dans un charmant village de Croatie, nich\u00e9 au bord de la mer Adriatique.  Cette maison est bien plus qu&#8217;un simple lieu de s\u00e9jour. C&#8217;est une exp\u00e9rience immersive qui allie charme traditionnel, confort moderne, vue sur la mer et proximit\u00e9 avec une nature pr\u00e9serv\u00e9e. Que ce soit pour des vacances en famille, une escapade romantique ou une retraite paisible, cette maison offre un havre de paix o\u00f9 l&#8217;on peut se ressourcer, se connecter \u00e0 la nature environnante et cr\u00e9er des souvenirs inoubliables. Nous sommes certain qu&#8217;\u00e0 votre tour vous allez tomber amoureux de cette r\u00e9gion!<\/p><\/blockquote><\/figure>\n","protected":false},"excerpt":{"rendered":"<p>Au c\u0153ur de la magnifique r\u00e9gion de l&#8217;Istrie, notre famille est tomb\u00e9e sous le charme envo\u00fbtant d&#8217;une magnifique maison en pierre typique d&#8217;Istrie, situ\u00e9e dans un charmant village de Croatie, nich\u00e9 au bord de la mer Adriatique. Cette maison est bien plus qu&#8217;un simple lieu de s\u00e9jour. C&#8217;est une exp\u00e9rience immersive qui allie charme traditionnel, [&hellip;]<\/p>\n","protected":false},"author":1,"featured_media":0,"parent":0,"menu_order":0,"comment_status":"closed","ping_status":"closed","template":"","meta":{"_monsterinsights_skip_tracking":false,"_monsterinsights_sitenote_active":false,"_monsterinsights_sitenote_note":"","_monsterinsights_sitenote_category":0,"footnotes":""},"class_list":["post-304","page","type-page","status-publish","hentry"],"_links":{"self":[{"href":"https:\/\/krnica-villa-ana.com\/index.php\/wp-json\/wp\/v2\/pages\/304","targetHints":{"allow":["GET"]}}],"collection":[{"href":"https:\/\/krnica-villa-ana.com\/index.php\/wp-json\/wp\/v2\/pages"}],"about":[{"href":"https:\/\/krnica-villa-ana.com\/index.php\/wp-json\/wp\/v2\/types\/page"}],"author":[{"embeddable":true,"href":"https:\/\/krnica-villa-ana.com\/index.php\/wp-json\/wp\/v2\/users\/1"}],"replies":[{"embeddable":true,"href":"https:\/\/krnica-villa-ana.com\/index.php\/wp-json\/wp\/v2\/comments?post=304"}],"version-history":[{"count":49,"href":"https:\/\/krnica-villa-ana.com\/index.php\/wp-json\/wp\/v2\/pages\/304\/revisions"}],"predecessor-version":[{"id":1224,"href":"https:\/\/krnica-villa-ana.com\/index.php\/wp-json\/wp\/v2\/pages\/304\/revisions\/1224"}],"wp:attachment":[{"href":"https:\/\/krnica-villa-ana.com\/index.php\/wp-json\/wp\/v2\/media?parent=304"}],"curies":[{"name":"wp","href":"https:\/\/api.w.org\/{rel}","templated":true}]}}