{"id":326,"date":"2023-06-05T17:06:01","date_gmt":"2023-06-05T15:06:01","guid":{"rendered":"https:\/\/krnica-villa-ana.com\/?page_id=326"},"modified":"2023-07-01T18:07:35","modified_gmt":"2023-07-01T16:07:35","slug":"le-patio","status":"publish","type":"page","link":"https:\/\/krnica-villa-ana.com\/index.php\/le-patio\/","title":{"rendered":"Le patio"},"content":{"rendered":"\n<div class=\"wp-block-getwid-images-slider has-arrows-inside has-dots-inside has-images-center has-fitted-images\"><div class=\"wp-block-getwid-images-slider__wrapper\" data-effect=\"slide\" data-slides-show=\"1\" data-slides-show-laptop=\"1\" data-slides-show-tablet=\"1\" data-slides-show-mobile=\"1\" data-slides-scroll=\"1\" data-autoplay=\"false\" data-pause-hover=\"false\" data-autoplay-speed=\"6000\" data-infinite=\"true\" data-animation-speed=\"800\" data-center-mode=\"false\" data-variable-width=\"false\" data-arrows=\"inside\" data-dots=\"inside\" data-spacing=\"none\"><div class=\"wp-block-getwid-images-slider__item\"><figure><img fetchpriority=\"high\" decoding=\"async\" width=\"2048\" height=\"1536\" src=\"http:\/\/krnica-villa-ana.com\/wp-content\/uploads\/2023\/07\/0A336C7E-DB77-4C5D-A898-2165ED23D577_1_102_o.jpeg\" data-id=\"1984\" data-link=\"https:\/\/krnica-villa-ana.com\/?attachment_id=1984\" data-original-link=\"http:\/\/krnica-villa-ana.com\/wp-content\/uploads\/2023\/07\/0A336C7E-DB77-4C5D-A898-2165ED23D577_1_102_o.jpeg\" class=\"wp-block-getwid-images-slider__image wp-image-1984\" srcset=\"https:\/\/krnica-villa-ana.com\/wp-content\/uploads\/2023\/07\/0A336C7E-DB77-4C5D-A898-2165ED23D577_1_102_o.jpeg 2048w, https:\/\/krnica-villa-ana.com\/wp-content\/uploads\/2023\/07\/0A336C7E-DB77-4C5D-A898-2165ED23D577_1_102_o-300x225.jpeg 300w, https:\/\/krnica-villa-ana.com\/wp-content\/uploads\/2023\/07\/0A336C7E-DB77-4C5D-A898-2165ED23D577_1_102_o-1024x768.jpeg 1024w, https:\/\/krnica-villa-ana.com\/wp-content\/uploads\/2023\/07\/0A336C7E-DB77-4C5D-A898-2165ED23D577_1_102_o-768x576.jpeg 768w, https:\/\/krnica-villa-ana.com\/wp-content\/uploads\/2023\/07\/0A336C7E-DB77-4C5D-A898-2165ED23D577_1_102_o-1536x1152.jpeg 1536w\" sizes=\"(max-width: 2048px) 100vw, 2048px\" \/><\/figure><\/div><div class=\"wp-block-getwid-images-slider__item\"><figure><img decoding=\"async\" width=\"2048\" height=\"1536\" src=\"http:\/\/krnica-villa-ana.com\/wp-content\/uploads\/2023\/07\/6F89306C-B351-4BBF-A6F2-1272B47A2884_1_102_o.jpeg\" data-id=\"1986\" data-link=\"https:\/\/krnica-villa-ana.com\/?attachment_id=1986\" data-original-link=\"http:\/\/krnica-villa-ana.com\/wp-content\/uploads\/2023\/07\/6F89306C-B351-4BBF-A6F2-1272B47A2884_1_102_o.jpeg\" class=\"wp-block-getwid-images-slider__image wp-image-1986\" srcset=\"https:\/\/krnica-villa-ana.com\/wp-content\/uploads\/2023\/07\/6F89306C-B351-4BBF-A6F2-1272B47A2884_1_102_o.jpeg 2048w, https:\/\/krnica-villa-ana.com\/wp-content\/uploads\/2023\/07\/6F89306C-B351-4BBF-A6F2-1272B47A2884_1_102_o-300x225.jpeg 300w, https:\/\/krnica-villa-ana.com\/wp-content\/uploads\/2023\/07\/6F89306C-B351-4BBF-A6F2-1272B47A2884_1_102_o-1024x768.jpeg 1024w, https:\/\/krnica-villa-ana.com\/wp-content\/uploads\/2023\/07\/6F89306C-B351-4BBF-A6F2-1272B47A2884_1_102_o-768x576.jpeg 768w, https:\/\/krnica-villa-ana.com\/wp-content\/uploads\/2023\/07\/6F89306C-B351-4BBF-A6F2-1272B47A2884_1_102_o-1536x1152.jpeg 1536w\" sizes=\"(max-width: 2048px) 100vw, 2048px\" \/><\/figure><\/div><div class=\"wp-block-getwid-images-slider__item\"><figure><img decoding=\"async\" width=\"2048\" height=\"1536\" src=\"http:\/\/krnica-villa-ana.com\/wp-content\/uploads\/2023\/07\/81E48CBE-CEAE-4430-8600-67454B7C114F_1_102_o.jpeg\" data-id=\"1987\" data-link=\"https:\/\/krnica-villa-ana.com\/?attachment_id=1987\" data-original-link=\"http:\/\/krnica-villa-ana.com\/wp-content\/uploads\/2023\/07\/81E48CBE-CEAE-4430-8600-67454B7C114F_1_102_o.jpeg\" class=\"wp-block-getwid-images-slider__image wp-image-1987\" srcset=\"https:\/\/krnica-villa-ana.com\/wp-content\/uploads\/2023\/07\/81E48CBE-CEAE-4430-8600-67454B7C114F_1_102_o.jpeg 2048w, https:\/\/krnica-villa-ana.com\/wp-content\/uploads\/2023\/07\/81E48CBE-CEAE-4430-8600-67454B7C114F_1_102_o-300x225.jpeg 300w, https:\/\/krnica-villa-ana.com\/wp-content\/uploads\/2023\/07\/81E48CBE-CEAE-4430-8600-67454B7C114F_1_102_o-1024x768.jpeg 1024w, https:\/\/krnica-villa-ana.com\/wp-content\/uploads\/2023\/07\/81E48CBE-CEAE-4430-8600-67454B7C114F_1_102_o-768x576.jpeg 768w, https:\/\/krnica-villa-ana.com\/wp-content\/uploads\/2023\/07\/81E48CBE-CEAE-4430-8600-67454B7C114F_1_102_o-1536x1152.jpeg 1536w\" sizes=\"(max-width: 2048px) 100vw, 2048px\" \/><\/figure><\/div><div class=\"wp-block-getwid-images-slider__item\"><figure><img loading=\"lazy\" decoding=\"async\" width=\"2048\" height=\"1536\" src=\"http:\/\/krnica-villa-ana.com\/wp-content\/uploads\/2023\/07\/4240A8D8-FB13-43AC-821C-F823917FB159_1_102_o.jpeg\" data-id=\"1989\" data-link=\"https:\/\/krnica-villa-ana.com\/?attachment_id=1989\" data-original-link=\"http:\/\/krnica-villa-ana.com\/wp-content\/uploads\/2023\/07\/4240A8D8-FB13-43AC-821C-F823917FB159_1_102_o.jpeg\" class=\"wp-block-getwid-images-slider__image wp-image-1989\" srcset=\"https:\/\/krnica-villa-ana.com\/wp-content\/uploads\/2023\/07\/4240A8D8-FB13-43AC-821C-F823917FB159_1_102_o.jpeg 2048w, https:\/\/krnica-villa-ana.com\/wp-content\/uploads\/2023\/07\/4240A8D8-FB13-43AC-821C-F823917FB159_1_102_o-300x225.jpeg 300w, https:\/\/krnica-villa-ana.com\/wp-content\/uploads\/2023\/07\/4240A8D8-FB13-43AC-821C-F823917FB159_1_102_o-1024x768.jpeg 1024w, https:\/\/krnica-villa-ana.com\/wp-content\/uploads\/2023\/07\/4240A8D8-FB13-43AC-821C-F823917FB159_1_102_o-768x576.jpeg 768w, https:\/\/krnica-villa-ana.com\/wp-content\/uploads\/2023\/07\/4240A8D8-FB13-43AC-821C-F823917FB159_1_102_o-1536x1152.jpeg 1536w\" sizes=\"(max-width: 2048px) 100vw, 2048px\" \/><\/figure><\/div><div class=\"wp-block-getwid-images-slider__item\"><figure><img loading=\"lazy\" decoding=\"async\" width=\"2048\" height=\"1536\" src=\"http:\/\/krnica-villa-ana.com\/wp-content\/uploads\/2023\/07\/394549A7-EF9A-4BF2-A786-373A54583239_1_102_o-1.jpeg\" data-id=\"1991\" data-link=\"https:\/\/krnica-villa-ana.com\/?attachment_id=1991\" data-original-link=\"http:\/\/krnica-villa-ana.com\/wp-content\/uploads\/2023\/07\/394549A7-EF9A-4BF2-A786-373A54583239_1_102_o-1.jpeg\" class=\"wp-block-getwid-images-slider__image wp-image-1991\" srcset=\"https:\/\/krnica-villa-ana.com\/wp-content\/uploads\/2023\/07\/394549A7-EF9A-4BF2-A786-373A54583239_1_102_o-1.jpeg 2048w, https:\/\/krnica-villa-ana.com\/wp-content\/uploads\/2023\/07\/394549A7-EF9A-4BF2-A786-373A54583239_1_102_o-1-300x225.jpeg 300w, https:\/\/krnica-villa-ana.com\/wp-content\/uploads\/2023\/07\/394549A7-EF9A-4BF2-A786-373A54583239_1_102_o-1-1024x768.jpeg 1024w, https:\/\/krnica-villa-ana.com\/wp-content\/uploads\/2023\/07\/394549A7-EF9A-4BF2-A786-373A54583239_1_102_o-1-768x576.jpeg 768w, https:\/\/krnica-villa-ana.com\/wp-content\/uploads\/2023\/07\/394549A7-EF9A-4BF2-A786-373A54583239_1_102_o-1-1536x1152.jpeg 1536w\" sizes=\"(max-width: 2048px) 100vw, 2048px\" \/><\/figure><\/div><div class=\"wp-block-getwid-images-slider__item\"><figure><img loading=\"lazy\" decoding=\"async\" width=\"2048\" height=\"1536\" src=\"http:\/\/krnica-villa-ana.com\/wp-content\/uploads\/2023\/07\/A8A91C6C-15D2-43BC-8D6E-3C0AE002180E_1_102_o.jpeg\" data-id=\"1992\" data-link=\"https:\/\/krnica-villa-ana.com\/?attachment_id=1992\" data-original-link=\"http:\/\/krnica-villa-ana.com\/wp-content\/uploads\/2023\/07\/A8A91C6C-15D2-43BC-8D6E-3C0AE002180E_1_102_o.jpeg\" class=\"wp-block-getwid-images-slider__image wp-image-1992\" srcset=\"https:\/\/krnica-villa-ana.com\/wp-content\/uploads\/2023\/07\/A8A91C6C-15D2-43BC-8D6E-3C0AE002180E_1_102_o.jpeg 2048w, https:\/\/krnica-villa-ana.com\/wp-content\/uploads\/2023\/07\/A8A91C6C-15D2-43BC-8D6E-3C0AE002180E_1_102_o-300x225.jpeg 300w, https:\/\/krnica-villa-ana.com\/wp-content\/uploads\/2023\/07\/A8A91C6C-15D2-43BC-8D6E-3C0AE002180E_1_102_o-1024x768.jpeg 1024w, https:\/\/krnica-villa-ana.com\/wp-content\/uploads\/2023\/07\/A8A91C6C-15D2-43BC-8D6E-3C0AE002180E_1_102_o-768x576.jpeg 768w, https:\/\/krnica-villa-ana.com\/wp-content\/uploads\/2023\/07\/A8A91C6C-15D2-43BC-8D6E-3C0AE002180E_1_102_o-1536x1152.jpeg 1536w\" sizes=\"(max-width: 2048px) 100vw, 2048px\" \/><\/figure><\/div><div class=\"wp-block-getwid-images-slider__item\"><figure><img loading=\"lazy\" decoding=\"async\" width=\"2048\" height=\"1536\" src=\"http:\/\/krnica-villa-ana.com\/wp-content\/uploads\/2023\/07\/A46AA7B1-C046-42A4-8049-9E1200A1193E_1_102_o.jpeg\" data-id=\"1993\" data-link=\"https:\/\/krnica-villa-ana.com\/?attachment_id=1993\" data-original-link=\"http:\/\/krnica-villa-ana.com\/wp-content\/uploads\/2023\/07\/A46AA7B1-C046-42A4-8049-9E1200A1193E_1_102_o.jpeg\" class=\"wp-block-getwid-images-slider__image wp-image-1993\" srcset=\"https:\/\/krnica-villa-ana.com\/wp-content\/uploads\/2023\/07\/A46AA7B1-C046-42A4-8049-9E1200A1193E_1_102_o.jpeg 2048w, https:\/\/krnica-villa-ana.com\/wp-content\/uploads\/2023\/07\/A46AA7B1-C046-42A4-8049-9E1200A1193E_1_102_o-300x225.jpeg 300w, https:\/\/krnica-villa-ana.com\/wp-content\/uploads\/2023\/07\/A46AA7B1-C046-42A4-8049-9E1200A1193E_1_102_o-1024x768.jpeg 1024w, https:\/\/krnica-villa-ana.com\/wp-content\/uploads\/2023\/07\/A46AA7B1-C046-42A4-8049-9E1200A1193E_1_102_o-768x576.jpeg 768w, https:\/\/krnica-villa-ana.com\/wp-content\/uploads\/2023\/07\/A46AA7B1-C046-42A4-8049-9E1200A1193E_1_102_o-1536x1152.jpeg 1536w\" sizes=\"(max-width: 2048px) 100vw, 2048px\" \/><\/figure><\/div><div class=\"wp-block-getwid-images-slider__item\"><figure><img loading=\"lazy\" decoding=\"async\" width=\"2048\" height=\"1536\" src=\"http:\/\/krnica-villa-ana.com\/wp-content\/uploads\/2023\/07\/BEE180A3-2B25-44FA-83C9-CAAF517BD00B_1_102_o-1.jpeg\" data-id=\"1996\" data-link=\"https:\/\/krnica-villa-ana.com\/?attachment_id=1996\" data-original-link=\"http:\/\/krnica-villa-ana.com\/wp-content\/uploads\/2023\/07\/BEE180A3-2B25-44FA-83C9-CAAF517BD00B_1_102_o-1.jpeg\" class=\"wp-block-getwid-images-slider__image wp-image-1996\" srcset=\"https:\/\/krnica-villa-ana.com\/wp-content\/uploads\/2023\/07\/BEE180A3-2B25-44FA-83C9-CAAF517BD00B_1_102_o-1.jpeg 2048w, https:\/\/krnica-villa-ana.com\/wp-content\/uploads\/2023\/07\/BEE180A3-2B25-44FA-83C9-CAAF517BD00B_1_102_o-1-300x225.jpeg 300w, https:\/\/krnica-villa-ana.com\/wp-content\/uploads\/2023\/07\/BEE180A3-2B25-44FA-83C9-CAAF517BD00B_1_102_o-1-1024x768.jpeg 1024w, https:\/\/krnica-villa-ana.com\/wp-content\/uploads\/2023\/07\/BEE180A3-2B25-44FA-83C9-CAAF517BD00B_1_102_o-1-768x576.jpeg 768w, https:\/\/krnica-villa-ana.com\/wp-content\/uploads\/2023\/07\/BEE180A3-2B25-44FA-83C9-CAAF517BD00B_1_102_o-1-1536x1152.jpeg 1536w\" sizes=\"(max-width: 2048px) 100vw, 2048px\" \/><\/figure><\/div><div class=\"wp-block-getwid-images-slider__item\"><figure><img loading=\"lazy\" decoding=\"async\" width=\"2048\" height=\"1536\" src=\"http:\/\/krnica-villa-ana.com\/wp-content\/uploads\/2023\/07\/F93D5F0E-7821-4AF2-9237-2DAD782E5228_1_102_o.jpeg\" data-id=\"1997\" data-link=\"https:\/\/krnica-villa-ana.com\/?attachment_id=1997\" data-original-link=\"http:\/\/krnica-villa-ana.com\/wp-content\/uploads\/2023\/07\/F93D5F0E-7821-4AF2-9237-2DAD782E5228_1_102_o.jpeg\" class=\"wp-block-getwid-images-slider__image wp-image-1997\" srcset=\"https:\/\/krnica-villa-ana.com\/wp-content\/uploads\/2023\/07\/F93D5F0E-7821-4AF2-9237-2DAD782E5228_1_102_o.jpeg 2048w, https:\/\/krnica-villa-ana.com\/wp-content\/uploads\/2023\/07\/F93D5F0E-7821-4AF2-9237-2DAD782E5228_1_102_o-300x225.jpeg 300w, https:\/\/krnica-villa-ana.com\/wp-content\/uploads\/2023\/07\/F93D5F0E-7821-4AF2-9237-2DAD782E5228_1_102_o-1024x768.jpeg 1024w, https:\/\/krnica-villa-ana.com\/wp-content\/uploads\/2023\/07\/F93D5F0E-7821-4AF2-9237-2DAD782E5228_1_102_o-768x576.jpeg 768w, https:\/\/krnica-villa-ana.com\/wp-content\/uploads\/2023\/07\/F93D5F0E-7821-4AF2-9237-2DAD782E5228_1_102_o-1536x1152.jpeg 1536w\" sizes=\"(max-width: 2048px) 100vw, 2048px\" \/><\/figure><\/div><div class=\"wp-block-getwid-images-slider__item\"><figure><img loading=\"lazy\" decoding=\"async\" width=\"2560\" height=\"1920\" src=\"http:\/\/krnica-villa-ana.com\/wp-content\/uploads\/2023\/07\/IMG_0902-scaled.jpeg\" data-id=\"1998\" data-link=\"https:\/\/krnica-villa-ana.com\/?attachment_id=1998\" data-original-link=\"http:\/\/krnica-villa-ana.com\/wp-content\/uploads\/2023\/07\/IMG_0902-scaled.jpeg\" class=\"wp-block-getwid-images-slider__image wp-image-1998\" srcset=\"https:\/\/krnica-villa-ana.com\/wp-content\/uploads\/2023\/07\/IMG_0902-scaled.jpeg 2560w, https:\/\/krnica-villa-ana.com\/wp-content\/uploads\/2023\/07\/IMG_0902-300x225.jpeg 300w, https:\/\/krnica-villa-ana.com\/wp-content\/uploads\/2023\/07\/IMG_0902-1024x768.jpeg 1024w, https:\/\/krnica-villa-ana.com\/wp-content\/uploads\/2023\/07\/IMG_0902-768x576.jpeg 768w, https:\/\/krnica-villa-ana.com\/wp-content\/uploads\/2023\/07\/IMG_0902-1536x1152.jpeg 1536w, https:\/\/krnica-villa-ana.com\/wp-content\/uploads\/2023\/07\/IMG_0902-2048x1536.jpeg 2048w\" sizes=\"(max-width: 2560px) 100vw, 2560px\" \/><\/figure><\/div><div class=\"wp-block-getwid-images-slider__item\"><figure><img loading=\"lazy\" decoding=\"async\" width=\"2560\" height=\"1920\" src=\"http:\/\/krnica-villa-ana.com\/wp-content\/uploads\/2023\/07\/IMG_0907-scaled.jpeg\" data-id=\"1999\" data-link=\"https:\/\/krnica-villa-ana.com\/?attachment_id=1999\" data-original-link=\"http:\/\/krnica-villa-ana.com\/wp-content\/uploads\/2023\/07\/IMG_0907-scaled.jpeg\" class=\"wp-block-getwid-images-slider__image wp-image-1999\" srcset=\"https:\/\/krnica-villa-ana.com\/wp-content\/uploads\/2023\/07\/IMG_0907-scaled.jpeg 2560w, https:\/\/krnica-villa-ana.com\/wp-content\/uploads\/2023\/07\/IMG_0907-300x225.jpeg 300w, https:\/\/krnica-villa-ana.com\/wp-content\/uploads\/2023\/07\/IMG_0907-1024x768.jpeg 1024w, https:\/\/krnica-villa-ana.com\/wp-content\/uploads\/2023\/07\/IMG_0907-768x576.jpeg 768w, https:\/\/krnica-villa-ana.com\/wp-content\/uploads\/2023\/07\/IMG_0907-1536x1152.jpeg 1536w, https:\/\/krnica-villa-ana.com\/wp-content\/uploads\/2023\/07\/IMG_0907-2048x1536.jpeg 2048w\" sizes=\"(max-width: 2560px) 100vw, 2560px\" \/><\/figure><\/div><div class=\"wp-block-getwid-images-slider__item\"><figure><img loading=\"lazy\" decoding=\"async\" width=\"2560\" height=\"1920\" src=\"http:\/\/krnica-villa-ana.com\/wp-content\/uploads\/2023\/07\/IMG_1381-scaled.jpeg\" data-id=\"2000\" data-link=\"https:\/\/krnica-villa-ana.com\/?attachment_id=2000\" data-original-link=\"http:\/\/krnica-villa-ana.com\/wp-content\/uploads\/2023\/07\/IMG_1381-scaled.jpeg\" class=\"wp-block-getwid-images-slider__image wp-image-2000\" srcset=\"https:\/\/krnica-villa-ana.com\/wp-content\/uploads\/2023\/07\/IMG_1381-scaled.jpeg 2560w, https:\/\/krnica-villa-ana.com\/wp-content\/uploads\/2023\/07\/IMG_1381-300x225.jpeg 300w, https:\/\/krnica-villa-ana.com\/wp-content\/uploads\/2023\/07\/IMG_1381-1024x768.jpeg 1024w, https:\/\/krnica-villa-ana.com\/wp-content\/uploads\/2023\/07\/IMG_1381-768x576.jpeg 768w, https:\/\/krnica-villa-ana.com\/wp-content\/uploads\/2023\/07\/IMG_1381-1536x1152.jpeg 1536w, https:\/\/krnica-villa-ana.com\/wp-content\/uploads\/2023\/07\/IMG_1381-2048x1536.jpeg 2048w\" sizes=\"(max-width: 2560px) 100vw, 2560px\" \/><\/figure><\/div><div class=\"wp-block-getwid-images-slider__item\"><figure><img loading=\"lazy\" decoding=\"async\" width=\"2560\" height=\"1920\" src=\"http:\/\/krnica-villa-ana.com\/wp-content\/uploads\/2023\/07\/IMG_5316-2-scaled.jpeg\" data-id=\"2001\" data-link=\"https:\/\/krnica-villa-ana.com\/?attachment_id=2001\" data-original-link=\"http:\/\/krnica-villa-ana.com\/wp-content\/uploads\/2023\/07\/IMG_5316-2-scaled.jpeg\" class=\"wp-block-getwid-images-slider__image wp-image-2001\" srcset=\"https:\/\/krnica-villa-ana.com\/wp-content\/uploads\/2023\/07\/IMG_5316-2-scaled.jpeg 2560w, https:\/\/krnica-villa-ana.com\/wp-content\/uploads\/2023\/07\/IMG_5316-2-300x225.jpeg 300w, https:\/\/krnica-villa-ana.com\/wp-content\/uploads\/2023\/07\/IMG_5316-2-1024x768.jpeg 1024w, https:\/\/krnica-villa-ana.com\/wp-content\/uploads\/2023\/07\/IMG_5316-2-768x576.jpeg 768w, https:\/\/krnica-villa-ana.com\/wp-content\/uploads\/2023\/07\/IMG_5316-2-1536x1152.jpeg 1536w, https:\/\/krnica-villa-ana.com\/wp-content\/uploads\/2023\/07\/IMG_5316-2-2048x1536.jpeg 2048w\" sizes=\"(max-width: 2560px) 100vw, 2560px\" \/><\/figure><\/div><div class=\"wp-block-getwid-images-slider__item\"><figure><img loading=\"lazy\" decoding=\"async\" width=\"2560\" height=\"1920\" src=\"http:\/\/krnica-villa-ana.com\/wp-content\/uploads\/2023\/07\/IMG_5320-scaled.jpeg\" data-id=\"2003\" data-link=\"https:\/\/krnica-villa-ana.com\/?attachment_id=2003\" data-original-link=\"http:\/\/krnica-villa-ana.com\/wp-content\/uploads\/2023\/07\/IMG_5320-scaled.jpeg\" class=\"wp-block-getwid-images-slider__image wp-image-2003\" srcset=\"https:\/\/krnica-villa-ana.com\/wp-content\/uploads\/2023\/07\/IMG_5320-scaled.jpeg 2560w, https:\/\/krnica-villa-ana.com\/wp-content\/uploads\/2023\/07\/IMG_5320-300x225.jpeg 300w, https:\/\/krnica-villa-ana.com\/wp-content\/uploads\/2023\/07\/IMG_5320-1024x768.jpeg 1024w, https:\/\/krnica-villa-ana.com\/wp-content\/uploads\/2023\/07\/IMG_5320-768x576.jpeg 768w, https:\/\/krnica-villa-ana.com\/wp-content\/uploads\/2023\/07\/IMG_5320-1536x1152.jpeg 1536w, https:\/\/krnica-villa-ana.com\/wp-content\/uploads\/2023\/07\/IMG_5320-2048x1536.jpeg 2048w\" sizes=\"(max-width: 2560px) 100vw, 2560px\" \/><\/figure><\/div><div class=\"wp-block-getwid-images-slider__item\"><figure><img loading=\"lazy\" decoding=\"async\" width=\"2560\" height=\"1920\" src=\"http:\/\/krnica-villa-ana.com\/wp-content\/uploads\/2023\/07\/IMG_5363-scaled.jpeg\" data-id=\"2004\" data-link=\"https:\/\/krnica-villa-ana.com\/?attachment_id=2004\" data-original-link=\"http:\/\/krnica-villa-ana.com\/wp-content\/uploads\/2023\/07\/IMG_5363-scaled.jpeg\" class=\"wp-block-getwid-images-slider__image wp-image-2004\" srcset=\"https:\/\/krnica-villa-ana.com\/wp-content\/uploads\/2023\/07\/IMG_5363-scaled.jpeg 2560w, https:\/\/krnica-villa-ana.com\/wp-content\/uploads\/2023\/07\/IMG_5363-300x225.jpeg 300w, https:\/\/krnica-villa-ana.com\/wp-content\/uploads\/2023\/07\/IMG_5363-1024x768.jpeg 1024w, https:\/\/krnica-villa-ana.com\/wp-content\/uploads\/2023\/07\/IMG_5363-768x576.jpeg 768w, https:\/\/krnica-villa-ana.com\/wp-content\/uploads\/2023\/07\/IMG_5363-1536x1152.jpeg 1536w, https:\/\/krnica-villa-ana.com\/wp-content\/uploads\/2023\/07\/IMG_5363-2048x1536.jpeg 2048w\" sizes=\"(max-width: 2560px) 100vw, 2560px\" \/><\/figure><\/div><\/div><\/div>\n\n\n\n<hr class=\"wp-block-separator has-alpha-channel-opacity\"\/>\n\n\n\n<p>Passer une soir\u00e9e \u00e0 la belle \u00e9toile sous le patio est un ravissement pour les sens. Les grillades au feu de bois r\u00e9v\u00e8lent les saveurs d\u00e9licates du poisson de Croatie et des viandes locales, cr\u00e9ant un festin inoubliable. La fra\u00eecheur de l&#8217;air ambiant et les bonnes odeurs qui s&#8217;en d\u00e9gagent ajoutent une dimension suppl\u00e9mentaire \u00e0 ce moment de plaisir. Chaque bouch\u00e9e est une explosion de go\u00fbts et chaque \u00e9toile dans le ciel ajoute une touche de magie \u00e0 ces soir\u00e9es m\u00e9morables. Profitez-bien!<\/p>\n","protected":false},"excerpt":{"rendered":"<p>Passer une soir\u00e9e \u00e0 la belle \u00e9toile sous le patio est un ravissement pour les sens. Les grillades au feu de bois r\u00e9v\u00e8lent les saveurs d\u00e9licates du poisson de Croatie et des viandes locales, cr\u00e9ant un festin inoubliable. La fra\u00eecheur de l&#8217;air ambiant et les bonnes odeurs qui s&#8217;en d\u00e9gagent ajoutent une dimension suppl\u00e9mentaire \u00e0 [&hellip;]<\/p>\n","protected":false},"author":1,"featured_media":0,"parent":0,"menu_order":0,"comment_status":"closed","ping_status":"closed","template":"","meta":{"_monsterinsights_skip_tracking":false,"_monsterinsights_sitenote_active":false,"_monsterinsights_sitenote_note":"","_monsterinsights_sitenote_category":0,"footnotes":""},"class_list":["post-326","page","type-page","status-publish","hentry"],"_links":{"self":[{"href":"https:\/\/krnica-villa-ana.com\/index.php\/wp-json\/wp\/v2\/pages\/326","targetHints":{"allow":["GET"]}}],"collection":[{"href":"https:\/\/krnica-villa-ana.com\/index.php\/wp-json\/wp\/v2\/pages"}],"about":[{"href":"https:\/\/krnica-villa-ana.com\/index.php\/wp-json\/wp\/v2\/types\/page"}],"author":[{"embeddable":true,"href":"https:\/\/krnica-villa-ana.com\/index.php\/wp-json\/wp\/v2\/users\/1"}],"replies":[{"embeddable":true,"href":"https:\/\/krnica-villa-ana.com\/index.php\/wp-json\/wp\/v2\/comments?post=326"}],"version-history":[{"count":6,"href":"https:\/\/krnica-villa-ana.com\/index.php\/wp-json\/wp\/v2\/pages\/326\/revisions"}],"predecessor-version":[{"id":1483,"href":"https:\/\/krnica-villa-ana.com\/index.php\/wp-json\/wp\/v2\/pages\/326\/revisions\/1483"}],"wp:attachment":[{"href":"https:\/\/krnica-villa-ana.com\/index.php\/wp-json\/wp\/v2\/media?parent=326"}],"curies":[{"name":"wp","href":"https:\/\/api.w.org\/{rel}","templated":true}]}}