{"id":338,"date":"2023-06-05T17:14:56","date_gmt":"2023-06-05T15:14:56","guid":{"rendered":"https:\/\/krnica-villa-ana.com\/?page_id=338"},"modified":"2023-07-02T13:04:19","modified_gmt":"2023-07-02T11:04:19","slug":"emplacement","status":"publish","type":"page","link":"https:\/\/krnica-villa-ana.com\/index.php\/emplacement\/","title":{"rendered":"Krnica"},"content":{"rendered":"\n<p>Entour\u00e9 de paysages verdoyants et de vignobles luxuriants, Krnica offre une tranquillit\u00e9 absolue, loin de l&#8217;agitation des stations baln\u00e9aires surpeupl\u00e9es. <\/p>\n\n\n\n<p>Ce petit village pittoresque est un v\u00e9ritable paradis pour les amoureux de la nature et les amateurs d&#8217;authenticit\u00e9s, o\u00f9 vous pourrez admirer les maisons en pierre traditionnelles et vous impr\u00e9gner de l&#8217;atmosph\u00e8re chaleureuse et conviviale qui r\u00e8gne ici.<\/p>\n\n\n\n<p>La gastronomie locale de Krnica est \u00e0 ne pas manquer. Les restaurants et les konobas (tavernes traditionnelles) vous r\u00e9galeront avec des plats d\u00e9licieux, mettant en avant les produits frais et les saveurs m\u00e9diterran\u00e9ennes.<\/p>\n\n\n\n<p>Les plages pr\u00e9serv\u00e9es de Krnica sont un v\u00e9ritable tr\u00e9sor pour les adeptes de baignade et de plong\u00e9e. Les eaux cristallines de l&#8217;Adriatique offrent des opportunit\u00e9s exceptionnelles d&#8217;exploration sous-marine. Vous pourrez \u00e9galement profiter de balades en bateau le long de la c\u00f4te spectaculaire, o\u00f9 des criques secr\u00e8tes et des grottes myst\u00e9rieuses vous attendent.<\/p>\n\n\n\n<p>D\u00e9couvrez ce village enchanteur et laissez-vous s\u00e9duire par sa beaut\u00e9 naturelle et son authenticit\u00e9 pr\u00e9serv\u00e9e !<\/p>\n\n\n\n<hr class=\"wp-block-separator has-alpha-channel-opacity\"\/>\n\n\n\n<h2 class=\"wp-block-heading has-text-align-center\">Restaurants \u00e0 Krnica<\/h2>\n\n\n\n<div class=\"wp-block-buttons is-content-justification-center is-layout-flex wp-container-core-buttons-is-layout-16018d1d wp-block-buttons-is-layout-flex\">\n<div class=\"wp-block-button\"><a class=\"wp-block-button__link wp-element-button\" href=\"https:\/\/kum.business.site\/posts\/4523458915841084036?hl=hr\">Bistro Pizzeria Kum<\/a><\/div>\n\n\n\n<div class=\"wp-block-button\"><a class=\"wp-block-button__link wp-element-button\" href=\"https:\/\/www.konoba-darocco.com\">Konoba Darocco<\/a><\/div>\n\n\n\n<div class=\"wp-block-button\"><a class=\"wp-block-button__link wp-element-button\" href=\"https:\/\/www.facebook.com\/KrnickiPorat\/\">Restaurant PortoRiko<\/a><\/div>\n\n\n\n<div class=\"wp-block-button\"><a class=\"wp-block-button__link wp-element-button\" href=\"https:\/\/krnica-caffee-bar-jeanette-bepo-bar.business.site\">Grill Pizzeria Janette<\/a><\/div>\n\n\n\n<div class=\"wp-block-button\"><a class=\"wp-block-button__link wp-element-button\" href=\"https:\/\/www.facebook.com\/svetimikularestoran\/\">Restaurant Sveti Mikulam<\/a><\/div>\n<\/div>\n\n\n\n<hr class=\"wp-block-separator has-alpha-channel-opacity\"\/>\n\n\n<div class=\"wp-block-image\">\n<figure class=\"aligncenter is-resized\"><img fetchpriority=\"high\" decoding=\"async\" src=\"https:\/\/krnica-villa-ana.com\/wp-content\/uploads\/2023\/06\/IMG_5313-scaled.jpg\" alt=\"\" class=\"wp-image-1115\" width=\"640\" height=\"480\" srcset=\"https:\/\/krnica-villa-ana.com\/wp-content\/uploads\/2023\/06\/IMG_5313-scaled.jpg 2560w, https:\/\/krnica-villa-ana.com\/wp-content\/uploads\/2023\/06\/IMG_5313-300x225.jpg 300w, https:\/\/krnica-villa-ana.com\/wp-content\/uploads\/2023\/06\/IMG_5313-1024x768.jpg 1024w, https:\/\/krnica-villa-ana.com\/wp-content\/uploads\/2023\/06\/IMG_5313-768x576.jpg 768w, https:\/\/krnica-villa-ana.com\/wp-content\/uploads\/2023\/06\/IMG_5313-1536x1152.jpg 1536w, https:\/\/krnica-villa-ana.com\/wp-content\/uploads\/2023\/06\/IMG_5313-2048x1536.jpg 2048w\" sizes=\"(max-width: 640px) 100vw, 640px\" \/><\/figure>\n<\/div>","protected":false},"excerpt":{"rendered":"<p>Entour\u00e9 de paysages verdoyants et de vignobles luxuriants, Krnica offre une tranquillit\u00e9 absolue, loin de l&#8217;agitation des stations baln\u00e9aires surpeupl\u00e9es. Ce petit village pittoresque est un v\u00e9ritable paradis pour les amoureux de la nature et les amateurs d&#8217;authenticit\u00e9s, o\u00f9 vous pourrez admirer les maisons en pierre traditionnelles et vous impr\u00e9gner de l&#8217;atmosph\u00e8re chaleureuse et conviviale [&hellip;]<\/p>\n","protected":false},"author":1,"featured_media":0,"parent":0,"menu_order":0,"comment_status":"closed","ping_status":"closed","template":"","meta":{"_monsterinsights_skip_tracking":false,"_monsterinsights_sitenote_active":false,"_monsterinsights_sitenote_note":"","_monsterinsights_sitenote_category":0,"footnotes":""},"class_list":["post-338","page","type-page","status-publish","hentry"],"_links":{"self":[{"href":"https:\/\/krnica-villa-ana.com\/index.php\/wp-json\/wp\/v2\/pages\/338","targetHints":{"allow":["GET"]}}],"collection":[{"href":"https:\/\/krnica-villa-ana.com\/index.php\/wp-json\/wp\/v2\/pages"}],"about":[{"href":"https:\/\/krnica-villa-ana.com\/index.php\/wp-json\/wp\/v2\/types\/page"}],"author":[{"embeddable":true,"href":"https:\/\/krnica-villa-ana.com\/index.php\/wp-json\/wp\/v2\/users\/1"}],"replies":[{"embeddable":true,"href":"https:\/\/krnica-villa-ana.com\/index.php\/wp-json\/wp\/v2\/comments?post=338"}],"version-history":[{"count":41,"href":"https:\/\/krnica-villa-ana.com\/index.php\/wp-json\/wp\/v2\/pages\/338\/revisions"}],"predecessor-version":[{"id":1696,"href":"https:\/\/krnica-villa-ana.com\/index.php\/wp-json\/wp\/v2\/pages\/338\/revisions\/1696"}],"wp:attachment":[{"href":"https:\/\/krnica-villa-ana.com\/index.php\/wp-json\/wp\/v2\/media?parent=338"}],"curies":[{"name":"wp","href":"https:\/\/api.w.org\/{rel}","templated":true}]}}