{"id":695,"date":"2023-06-06T22:49:10","date_gmt":"2023-06-06T20:49:10","guid":{"rendered":"https:\/\/krnica-villa-ana.com\/?page_id=695"},"modified":"2024-02-25T12:16:35","modified_gmt":"2024-02-25T11:16:35","slug":"tarifs","status":"publish","type":"page","link":"https:\/\/krnica-villa-ana.com\/index.php\/tarifs\/","title":{"rendered":"Tarifs"},"content":{"rendered":"\n<div class=\"wp-block-group\"><div class=\"wp-block-group__inner-container is-layout-constrained wp-block-group-is-layout-constrained\">\n<figure class=\"wp-block-table alignleft is-style-stripes\"><table><tbody><tr><td><strong>P\u00e9riode<\/strong><\/td><td class=\"has-text-align-center\" data-align=\"center\"><strong>Tarif<\/strong> <strong>\/ semaine<\/strong><\/td><td><strong>Prix \/ nuit<\/strong><\/td><\/tr><tr><td>01 janvier au 30 mai<\/td><td class=\"has-text-align-center\" data-align=\"center\">1&#8217;120\u20ac<\/td><td>160\u20ac<\/td><\/tr><tr><td>31 mai au 13 juin<\/td><td class=\"has-text-align-center\" data-align=\"center\">1&#8217;246\u20ac<\/td><td>178\u20ac<\/td><\/tr><tr><td>14 juin au 27 juin<\/td><td class=\"has-text-align-center\" data-align=\"center\">1&#8217;624\u20ac<\/td><td>232\u20ac<\/td><\/tr><tr><td>28 juin au 11 juillet<\/td><td class=\"has-text-align-center\" data-align=\"center\">1&#8217;995\u20ac<\/td><td>285\u20ac<\/td><\/tr><tr><td>12 juillet au 22 ao\u00fbt<\/td><td class=\"has-text-align-center\" data-align=\"center\">2&#8217;499\u20ac<\/td><td>357\u20ac<\/td><\/tr><tr><td>23 ao\u00fbt au 29 ao\u00fbt<\/td><td class=\"has-text-align-center\" data-align=\"center\">1&#8217;995\u20ac<\/td><td>285\u20ac<\/td><\/tr><tr><td>30 ao\u00fbt au 05 septembre<\/td><td class=\"has-text-align-center\" data-align=\"center\">1&#8217;624\u20ac<\/td><td>232\u20ac<\/td><\/tr><tr><td>06 septembre au 12 septembre<\/td><td class=\"has-text-align-center\" data-align=\"center\">1&#8217;246\u20ac<\/td><td>178\u20ac<\/td><\/tr><tr><td>13 septembre au 31 d\u00e9cembre<\/td><td class=\"has-text-align-center\" data-align=\"center\">1&#8217;120\u20ac<\/td><td>160\u20ac<\/td><\/tr><tr><td>Forfait frais de nettoyage   <\/td><td class=\"has-text-align-center\" data-align=\"center\">200\u20ac<\/td><td><\/td><\/tr><\/tbody><\/table><\/figure>\n\n\n\n<p><\/p>\n\n\n\n<p><\/p>\n\n\n\n<p><\/p>\n<\/div><\/div>\n\n\n\n<h2 class=\"wp-block-heading has-text-align-center\">Meilleur tarif<\/h2>\n\n\n\n<div class=\"wp-block-getwid-price-box\"><p class=\"wp-block-getwid-price-box__title\">du 01 janvier au 27 avril <br>du 28 sept. au 31 d\u00e9cembre<\/p><div class=\"wp-block-getwid-price-box__pricing\"><p class=\"wp-block-getwid-price-box__currency\">\u20ac<\/p><p class=\"wp-block-getwid-price-box__amount\">1&#8217;050<\/p><p class=\"wp-block-getwid-price-box__period\">\/semaine<\/p><\/div><ul class=\"wp-block-getwid-price-box__features\"><li>\u20ac 150 \/ nuit<\/li><\/ul>\n<div class=\"wp-block-button\"><a class=\"wp-block-button__link wp-element-button\" href=\"https:\/\/krnica-villa-ana.com\/index.php\/chambre-1\/?customize_changeset_uuid=a1380b23-a9a1-40d7-a368-0915db357bb7&amp;customize_autosaved=on\">R\u00e9server<\/a><\/div>\n<\/div>\n\n\n\n<div class=\"wp-block-getwid-price-box\"><h2 class=\"wp-block-getwid-price-box__title\">Promotion s\u00e9jour longue dur\u00e9e<\/h2><div class=\"wp-block-getwid-price-box__pricing\"><p class=\"wp-block-getwid-price-box__amount\">-10%<\/p><\/div><ul class=\"wp-block-getwid-price-box__features\"><li>sur les tarifs affich\u00e9s pour une r\u00e9servation de 3 semaines cons\u00e9cutives ou plus!<\/li><\/ul>\n<div class=\"wp-block-button\"><a class=\"wp-block-button__link wp-element-button\" href=\"krnica-villa-ana.com\/index.php\/chambre-1\/?customize_changeset_uuid=a1380b23-a9a1-40d7-a368-0915db357bb7&amp;customize_autosaved=on\">R\u00e9server<\/a><\/div>\n<\/div>\n","protected":false},"excerpt":{"rendered":"<p>Meilleur tarif<\/p>\n","protected":false},"author":1,"featured_media":0,"parent":0,"menu_order":0,"comment_status":"closed","ping_status":"closed","template":"","meta":{"_monsterinsights_skip_tracking":false,"_monsterinsights_sitenote_active":false,"_monsterinsights_sitenote_note":"","_monsterinsights_sitenote_category":0,"footnotes":""},"class_list":["post-695","page","type-page","status-publish","hentry"],"_links":{"self":[{"href":"https:\/\/krnica-villa-ana.com\/index.php\/wp-json\/wp\/v2\/pages\/695","targetHints":{"allow":["GET"]}}],"collection":[{"href":"https:\/\/krnica-villa-ana.com\/index.php\/wp-json\/wp\/v2\/pages"}],"about":[{"href":"https:\/\/krnica-villa-ana.com\/index.php\/wp-json\/wp\/v2\/types\/page"}],"author":[{"embeddable":true,"href":"https:\/\/krnica-villa-ana.com\/index.php\/wp-json\/wp\/v2\/users\/1"}],"replies":[{"embeddable":true,"href":"https:\/\/krnica-villa-ana.com\/index.php\/wp-json\/wp\/v2\/comments?post=695"}],"version-history":[{"count":36,"href":"https:\/\/krnica-villa-ana.com\/index.php\/wp-json\/wp\/v2\/pages\/695\/revisions"}],"predecessor-version":[{"id":1832,"href":"https:\/\/krnica-villa-ana.com\/index.php\/wp-json\/wp\/v2\/pages\/695\/revisions\/1832"}],"wp:attachment":[{"href":"https:\/\/krnica-villa-ana.com\/index.php\/wp-json\/wp\/v2\/media?parent=695"}],"curies":[{"name":"wp","href":"https:\/\/api.w.org\/{rel}","templated":true}]}}