{"id":759,"date":"2023-06-07T06:49:24","date_gmt":"2023-06-07T04:49:24","guid":{"rendered":"https:\/\/krnica-villa-ana.com\/?page_id=759"},"modified":"2024-07-14T21:08:08","modified_gmt":"2024-07-14T19:08:08","slug":"les-plages","status":"publish","type":"page","link":"https:\/\/krnica-villa-ana.com\/index.php\/les-plages\/","title":{"rendered":"Les plages"},"content":{"rendered":"\n<div class=\"wp-block-getwid-images-slider has-arrows-inside has-dots-inside has-images-center has-fitted-images has-fixed-height\"><div class=\"wp-block-getwid-images-slider__wrapper\" data-effect=\"slide\" data-slides-show=\"1\" data-slides-show-laptop=\"1\" data-slides-show-tablet=\"1\" data-slides-show-mobile=\"1\" data-slides-scroll=\"1\" data-autoplay=\"false\" data-autoplay-speed=\"6000\" data-infinite=\"true\" data-animation-speed=\"800\" data-center-mode=\"false\" data-variable-width=\"false\" data-arrows=\"inside\" data-dots=\"inside\" data-spacing=\"none\"><div class=\"wp-block-getwid-images-slider__item\" style=\"height:500px\"><figure><img decoding=\"async\" src=\"https:\/\/krnica-villa-ana.com\/wp-content\/uploads\/2023\/06\/IMG_5394.jpg\" data-id=\"1138\" data-link=\"https:\/\/krnica-villa-ana.com\/img_5394\/\" data-original-link=\"https:\/\/krnica-villa-ana.com\/wp-content\/uploads\/2023\/06\/IMG_5394.jpg\" class=\"wp-block-getwid-images-slider__image wp-image-1138\"\/><\/figure><\/div><div class=\"wp-block-getwid-images-slider__item\" style=\"height:500px\"><figure><img fetchpriority=\"high\" decoding=\"async\" width=\"2560\" height=\"1920\" src=\"https:\/\/krnica-villa-ana.com\/wp-content\/uploads\/2023\/06\/IMG_5484-1-scaled.jpg\" data-id=\"1137\" data-link=\"https:\/\/krnica-villa-ana.com\/img_5484-1\/\" data-original-link=\"https:\/\/krnica-villa-ana.com\/wp-content\/uploads\/2023\/06\/IMG_5484-1-scaled.jpg\" class=\"wp-block-getwid-images-slider__image wp-image-1137\" srcset=\"https:\/\/krnica-villa-ana.com\/wp-content\/uploads\/2023\/06\/IMG_5484-1-scaled.jpg 2560w, https:\/\/krnica-villa-ana.com\/wp-content\/uploads\/2023\/06\/IMG_5484-1-300x225.jpg 300w, https:\/\/krnica-villa-ana.com\/wp-content\/uploads\/2023\/06\/IMG_5484-1-1024x768.jpg 1024w, https:\/\/krnica-villa-ana.com\/wp-content\/uploads\/2023\/06\/IMG_5484-1-768x576.jpg 768w, https:\/\/krnica-villa-ana.com\/wp-content\/uploads\/2023\/06\/IMG_5484-1-1536x1152.jpg 1536w, https:\/\/krnica-villa-ana.com\/wp-content\/uploads\/2023\/06\/IMG_5484-1-2048x1536.jpg 2048w\" sizes=\"(max-width: 2560px) 100vw, 2560px\" \/><\/figure><\/div><div class=\"wp-block-getwid-images-slider__item\" style=\"height:500px\"><figure><img decoding=\"async\" src=\"https:\/\/krnica-villa-ana.com\/wp-content\/uploads\/2023\/06\/IMG_5368-1.jpg\" data-id=\"1134\" data-link=\"https:\/\/krnica-villa-ana.com\/img_5368-1\/\" data-original-link=\"https:\/\/krnica-villa-ana.com\/wp-content\/uploads\/2023\/06\/IMG_5368-1.jpg\" class=\"wp-block-getwid-images-slider__image wp-image-1134\"\/><\/figure><\/div><div class=\"wp-block-getwid-images-slider__item\" style=\"height:500px\"><figure><img decoding=\"async\" src=\"https:\/\/krnica-villa-ana.com\/wp-content\/uploads\/2023\/06\/IMG_5466.jpg\" data-id=\"1129\" data-link=\"https:\/\/krnica-villa-ana.com\/img_5466\/\" data-original-link=\"https:\/\/krnica-villa-ana.com\/wp-content\/uploads\/2023\/06\/IMG_5466.jpg\" class=\"wp-block-getwid-images-slider__image wp-image-1129\"\/><\/figure><\/div><div class=\"wp-block-getwid-images-slider__item\" style=\"height:500px\"><figure><img decoding=\"async\" src=\"https:\/\/krnica-villa-ana.com\/wp-content\/uploads\/2023\/06\/IMG_5494.jpg\" data-id=\"1122\" data-link=\"https:\/\/krnica-villa-ana.com\/img_5494\/\" data-original-link=\"https:\/\/krnica-villa-ana.com\/wp-content\/uploads\/2023\/06\/IMG_5494.jpg\" class=\"wp-block-getwid-images-slider__image wp-image-1122\"\/><\/figure><\/div><div class=\"wp-block-getwid-images-slider__item\" style=\"height:500px\"><figure><img decoding=\"async\" width=\"2048\" height=\"1536\" src=\"https:\/\/krnica-villa-ana.com\/wp-content\/uploads\/2023\/06\/7D768B4E-9F21-4088-904A-A68FD15DFB76_1_102_o-5.jpeg\" data-id=\"1112\" data-link=\"https:\/\/krnica-villa-ana.com\/index.php\/emplacement\/7d768b4e-9f21-4088-904a-a68fd15dfb76_1_102_o-5\/\" data-original-link=\"https:\/\/krnica-villa-ana.com\/wp-content\/uploads\/2023\/06\/7D768B4E-9F21-4088-904A-A68FD15DFB76_1_102_o-5.jpeg\" class=\"wp-block-getwid-images-slider__image wp-image-1112\" srcset=\"https:\/\/krnica-villa-ana.com\/wp-content\/uploads\/2023\/06\/7D768B4E-9F21-4088-904A-A68FD15DFB76_1_102_o-5.jpeg 2048w, https:\/\/krnica-villa-ana.com\/wp-content\/uploads\/2023\/06\/7D768B4E-9F21-4088-904A-A68FD15DFB76_1_102_o-5-300x225.jpeg 300w, https:\/\/krnica-villa-ana.com\/wp-content\/uploads\/2023\/06\/7D768B4E-9F21-4088-904A-A68FD15DFB76_1_102_o-5-1024x768.jpeg 1024w, https:\/\/krnica-villa-ana.com\/wp-content\/uploads\/2023\/06\/7D768B4E-9F21-4088-904A-A68FD15DFB76_1_102_o-5-768x576.jpeg 768w, https:\/\/krnica-villa-ana.com\/wp-content\/uploads\/2023\/06\/7D768B4E-9F21-4088-904A-A68FD15DFB76_1_102_o-5-1536x1152.jpeg 1536w\" sizes=\"(max-width: 2048px) 100vw, 2048px\" \/><\/figure><\/div><div class=\"wp-block-getwid-images-slider__item\" style=\"height:500px\"><figure><img decoding=\"async\" width=\"2048\" height=\"1536\" src=\"https:\/\/krnica-villa-ana.com\/wp-content\/uploads\/2023\/06\/F4457405-2E3A-47DA-AF99-1ADE1E6FC300_1_102_o.jpeg\" data-id=\"1053\" data-link=\"https:\/\/krnica-villa-ana.com\/index.php\/accueil\/f4457405-2e3a-47da-af99-1ade1e6fc300_1_102_o\/\" data-original-link=\"https:\/\/krnica-villa-ana.com\/wp-content\/uploads\/2023\/06\/F4457405-2E3A-47DA-AF99-1ADE1E6FC300_1_102_o.jpeg\" class=\"wp-block-getwid-images-slider__image wp-image-1053\" srcset=\"https:\/\/krnica-villa-ana.com\/wp-content\/uploads\/2023\/06\/F4457405-2E3A-47DA-AF99-1ADE1E6FC300_1_102_o.jpeg 2048w, https:\/\/krnica-villa-ana.com\/wp-content\/uploads\/2023\/06\/F4457405-2E3A-47DA-AF99-1ADE1E6FC300_1_102_o-300x225.jpeg 300w, https:\/\/krnica-villa-ana.com\/wp-content\/uploads\/2023\/06\/F4457405-2E3A-47DA-AF99-1ADE1E6FC300_1_102_o-1024x768.jpeg 1024w, https:\/\/krnica-villa-ana.com\/wp-content\/uploads\/2023\/06\/F4457405-2E3A-47DA-AF99-1ADE1E6FC300_1_102_o-768x576.jpeg 768w, https:\/\/krnica-villa-ana.com\/wp-content\/uploads\/2023\/06\/F4457405-2E3A-47DA-AF99-1ADE1E6FC300_1_102_o-1536x1152.jpeg 1536w\" sizes=\"(max-width: 2048px) 100vw, 2048px\" \/><\/figure><\/div><div class=\"wp-block-getwid-images-slider__item\" style=\"height:500px\"><figure><img loading=\"lazy\" decoding=\"async\" width=\"2048\" height=\"1536\" src=\"https:\/\/krnica-villa-ana.com\/wp-content\/uploads\/2023\/06\/0AB989CE-65B1-4D2D-B792-0522AE09797C_1_102_o.jpeg\" data-id=\"1050\" data-link=\"https:\/\/krnica-villa-ana.com\/index.php\/accueil\/0ab989ce-65b1-4d2d-b792-0522ae09797c_1_102_o\/\" data-original-link=\"https:\/\/krnica-villa-ana.com\/wp-content\/uploads\/2023\/06\/0AB989CE-65B1-4D2D-B792-0522AE09797C_1_102_o.jpeg\" class=\"wp-block-getwid-images-slider__image wp-image-1050\" srcset=\"https:\/\/krnica-villa-ana.com\/wp-content\/uploads\/2023\/06\/0AB989CE-65B1-4D2D-B792-0522AE09797C_1_102_o.jpeg 2048w, https:\/\/krnica-villa-ana.com\/wp-content\/uploads\/2023\/06\/0AB989CE-65B1-4D2D-B792-0522AE09797C_1_102_o-300x225.jpeg 300w, https:\/\/krnica-villa-ana.com\/wp-content\/uploads\/2023\/06\/0AB989CE-65B1-4D2D-B792-0522AE09797C_1_102_o-1024x768.jpeg 1024w, https:\/\/krnica-villa-ana.com\/wp-content\/uploads\/2023\/06\/0AB989CE-65B1-4D2D-B792-0522AE09797C_1_102_o-768x576.jpeg 768w, https:\/\/krnica-villa-ana.com\/wp-content\/uploads\/2023\/06\/0AB989CE-65B1-4D2D-B792-0522AE09797C_1_102_o-1536x1152.jpeg 1536w\" sizes=\"(max-width: 2048px) 100vw, 2048px\" \/><\/figure><\/div><div class=\"wp-block-getwid-images-slider__item\" style=\"height:500px\"><figure><img loading=\"lazy\" decoding=\"async\" width=\"1000\" height=\"562\" src=\"https:\/\/krnica-villa-ana.com\/wp-content\/uploads\/2023\/06\/Krnica1-3.jpg\" data-id=\"859\" data-link=\"https:\/\/krnica-villa-ana.com\/index.php\/les-plages\/krnica1-3\/\" data-original-link=\"https:\/\/krnica-villa-ana.com\/wp-content\/uploads\/2023\/06\/Krnica1-3.jpg\" class=\"wp-block-getwid-images-slider__image wp-image-859\" srcset=\"https:\/\/krnica-villa-ana.com\/wp-content\/uploads\/2023\/06\/Krnica1-3.jpg 1000w, https:\/\/krnica-villa-ana.com\/wp-content\/uploads\/2023\/06\/Krnica1-3-300x169.jpg 300w, https:\/\/krnica-villa-ana.com\/wp-content\/uploads\/2023\/06\/Krnica1-3-768x432.jpg 768w\" sizes=\"(max-width: 1000px) 100vw, 1000px\" \/><\/figure><\/div><div class=\"wp-block-getwid-images-slider__item\" style=\"height:500px\"><figure><img loading=\"lazy\" decoding=\"async\" width=\"1024\" height=\"576\" src=\"https:\/\/krnica-villa-ana.com\/wp-content\/uploads\/2023\/06\/938F45BF-1BBC-42BA-859A-FCFBA56F7A8B_1_105_c-1-edited.jpeg\" data-id=\"451\" data-link=\"https:\/\/krnica-villa-ana.com\/938f45bf-1bbc-42ba-859a-fcfba56f7a8b_1_105_c-1-2\/\" data-original-link=\"https:\/\/krnica-villa-ana.com\/wp-content\/uploads\/2023\/06\/938F45BF-1BBC-42BA-859A-FCFBA56F7A8B_1_105_c-1-edited.jpeg\" class=\"wp-block-getwid-images-slider__image wp-image-451\" srcset=\"https:\/\/krnica-villa-ana.com\/wp-content\/uploads\/2023\/06\/938F45BF-1BBC-42BA-859A-FCFBA56F7A8B_1_105_c-1-edited.jpeg 1024w, https:\/\/krnica-villa-ana.com\/wp-content\/uploads\/2023\/06\/938F45BF-1BBC-42BA-859A-FCFBA56F7A8B_1_105_c-1-edited-300x169.jpeg 300w, https:\/\/krnica-villa-ana.com\/wp-content\/uploads\/2023\/06\/938F45BF-1BBC-42BA-859A-FCFBA56F7A8B_1_105_c-1-edited-768x432.jpeg 768w\" sizes=\"(max-width: 1024px) 100vw, 1024px\" \/><\/figure><\/div><div class=\"wp-block-getwid-images-slider__item\" style=\"height:500px\"><figure><img loading=\"lazy\" decoding=\"async\" width=\"2560\" height=\"1920\" src=\"https:\/\/krnica-villa-ana.com\/wp-content\/uploads\/2023\/07\/IMG_5511-scaled.jpg\" data-id=\"2052\" data-link=\"https:\/\/krnica-villa-ana.com\/?attachment_id=2052\" data-original-link=\"https:\/\/krnica-villa-ana.com\/wp-content\/uploads\/2023\/07\/IMG_5511-scaled.jpg\" class=\"wp-block-getwid-images-slider__image wp-image-2052\" srcset=\"https:\/\/krnica-villa-ana.com\/wp-content\/uploads\/2023\/07\/IMG_5511-scaled.jpg 2560w, https:\/\/krnica-villa-ana.com\/wp-content\/uploads\/2023\/07\/IMG_5511-300x225.jpg 300w, https:\/\/krnica-villa-ana.com\/wp-content\/uploads\/2023\/07\/IMG_5511-1024x768.jpg 1024w, https:\/\/krnica-villa-ana.com\/wp-content\/uploads\/2023\/07\/IMG_5511-768x576.jpg 768w, https:\/\/krnica-villa-ana.com\/wp-content\/uploads\/2023\/07\/IMG_5511-1536x1152.jpg 1536w, https:\/\/krnica-villa-ana.com\/wp-content\/uploads\/2023\/07\/IMG_5511-2048x1536.jpg 2048w\" sizes=\"(max-width: 2560px) 100vw, 2560px\" \/><\/figure><\/div><div class=\"wp-block-getwid-images-slider__item\" style=\"height:500px\"><figure><img loading=\"lazy\" decoding=\"async\" width=\"2560\" height=\"1920\" src=\"https:\/\/krnica-villa-ana.com\/wp-content\/uploads\/2023\/07\/IMG_5471-scaled.jpg\" data-id=\"2053\" data-link=\"https:\/\/krnica-villa-ana.com\/?attachment_id=2053\" data-original-link=\"https:\/\/krnica-villa-ana.com\/wp-content\/uploads\/2023\/07\/IMG_5471-scaled.jpg\" class=\"wp-block-getwid-images-slider__image wp-image-2053\" srcset=\"https:\/\/krnica-villa-ana.com\/wp-content\/uploads\/2023\/07\/IMG_5471-scaled.jpg 2560w, https:\/\/krnica-villa-ana.com\/wp-content\/uploads\/2023\/07\/IMG_5471-300x225.jpg 300w, https:\/\/krnica-villa-ana.com\/wp-content\/uploads\/2023\/07\/IMG_5471-1024x768.jpg 1024w, https:\/\/krnica-villa-ana.com\/wp-content\/uploads\/2023\/07\/IMG_5471-768x576.jpg 768w, https:\/\/krnica-villa-ana.com\/wp-content\/uploads\/2023\/07\/IMG_5471-1536x1152.jpg 1536w, https:\/\/krnica-villa-ana.com\/wp-content\/uploads\/2023\/07\/IMG_5471-2048x1536.jpg 2048w\" sizes=\"(max-width: 2560px) 100vw, 2560px\" \/><\/figure><\/div><div class=\"wp-block-getwid-images-slider__item\" style=\"height:500px\"><figure><img loading=\"lazy\" decoding=\"async\" width=\"2560\" height=\"1920\" src=\"https:\/\/krnica-villa-ana.com\/wp-content\/uploads\/2023\/07\/IMG_5373-scaled.jpg\" data-id=\"2054\" data-link=\"https:\/\/krnica-villa-ana.com\/?attachment_id=2054\" data-original-link=\"https:\/\/krnica-villa-ana.com\/wp-content\/uploads\/2023\/07\/IMG_5373-scaled.jpg\" class=\"wp-block-getwid-images-slider__image wp-image-2054\" srcset=\"https:\/\/krnica-villa-ana.com\/wp-content\/uploads\/2023\/07\/IMG_5373-scaled.jpg 2560w, https:\/\/krnica-villa-ana.com\/wp-content\/uploads\/2023\/07\/IMG_5373-300x225.jpg 300w, https:\/\/krnica-villa-ana.com\/wp-content\/uploads\/2023\/07\/IMG_5373-1024x768.jpg 1024w, https:\/\/krnica-villa-ana.com\/wp-content\/uploads\/2023\/07\/IMG_5373-768x576.jpg 768w, https:\/\/krnica-villa-ana.com\/wp-content\/uploads\/2023\/07\/IMG_5373-1536x1152.jpg 1536w, https:\/\/krnica-villa-ana.com\/wp-content\/uploads\/2023\/07\/IMG_5373-2048x1536.jpg 2048w\" sizes=\"(max-width: 2560px) 100vw, 2560px\" \/><\/figure><\/div><div class=\"wp-block-getwid-images-slider__item\" style=\"height:500px\"><figure><img loading=\"lazy\" decoding=\"async\" width=\"2560\" height=\"1920\" src=\"https:\/\/krnica-villa-ana.com\/wp-content\/uploads\/2023\/07\/IMG_5480-scaled.jpg\" data-id=\"2055\" data-link=\"https:\/\/krnica-villa-ana.com\/?attachment_id=2055\" data-original-link=\"https:\/\/krnica-villa-ana.com\/wp-content\/uploads\/2023\/07\/IMG_5480-scaled.jpg\" class=\"wp-block-getwid-images-slider__image wp-image-2055\" srcset=\"https:\/\/krnica-villa-ana.com\/wp-content\/uploads\/2023\/07\/IMG_5480-scaled.jpg 2560w, https:\/\/krnica-villa-ana.com\/wp-content\/uploads\/2023\/07\/IMG_5480-300x225.jpg 300w, https:\/\/krnica-villa-ana.com\/wp-content\/uploads\/2023\/07\/IMG_5480-1024x768.jpg 1024w, https:\/\/krnica-villa-ana.com\/wp-content\/uploads\/2023\/07\/IMG_5480-768x576.jpg 768w, https:\/\/krnica-villa-ana.com\/wp-content\/uploads\/2023\/07\/IMG_5480-1536x1152.jpg 1536w, https:\/\/krnica-villa-ana.com\/wp-content\/uploads\/2023\/07\/IMG_5480-2048x1536.jpg 2048w\" sizes=\"(max-width: 2560px) 100vw, 2560px\" \/><\/figure><\/div><div class=\"wp-block-getwid-images-slider__item\" style=\"height:500px\"><figure><img loading=\"lazy\" decoding=\"async\" width=\"2560\" height=\"1920\" src=\"https:\/\/krnica-villa-ana.com\/wp-content\/uploads\/2023\/07\/IMG_5505-scaled.jpg\" data-id=\"2056\" data-link=\"https:\/\/krnica-villa-ana.com\/?attachment_id=2056\" data-original-link=\"https:\/\/krnica-villa-ana.com\/wp-content\/uploads\/2023\/07\/IMG_5505-scaled.jpg\" class=\"wp-block-getwid-images-slider__image wp-image-2056\" srcset=\"https:\/\/krnica-villa-ana.com\/wp-content\/uploads\/2023\/07\/IMG_5505-scaled.jpg 2560w, https:\/\/krnica-villa-ana.com\/wp-content\/uploads\/2023\/07\/IMG_5505-300x225.jpg 300w, https:\/\/krnica-villa-ana.com\/wp-content\/uploads\/2023\/07\/IMG_5505-1024x768.jpg 1024w, https:\/\/krnica-villa-ana.com\/wp-content\/uploads\/2023\/07\/IMG_5505-768x576.jpg 768w, https:\/\/krnica-villa-ana.com\/wp-content\/uploads\/2023\/07\/IMG_5505-1536x1152.jpg 1536w, https:\/\/krnica-villa-ana.com\/wp-content\/uploads\/2023\/07\/IMG_5505-2048x1536.jpg 2048w\" sizes=\"(max-width: 2560px) 100vw, 2560px\" \/><\/figure><\/div><\/div><\/div>\n\n\n\n<p>L&#8217;Istrie, une p\u00e9ninsule situ\u00e9e dans le nord-ouest de la Croatie, regorge de superbes plages offrant des eaux cristallines et des paysages \u00e0 couper le souffle. Voici une liste des 10 plus belles plages d&#8217;Istrie :<\/p>\n\n\n\n<ul class=\"wp-block-list\">\n<li>Plage de Punta Kamenjak : Situ\u00e9e dans le parc naturel de Kamenjak, cette plage offre des eaux turquoises et une nature pr\u00e9serv\u00e9e, avec des criques isol\u00e9es et des falaises impressionnantes.<\/li>\n\n\n\n<li>Plage de Rovinj : Dans la charmante ville de Rovinj, vous trouverez des plages pittoresques entour\u00e9es de maisons color\u00e9es et d&#8217;une atmosph\u00e8re anim\u00e9e. La plage de Lone Bay est particuli\u00e8rement populaire.<\/li>\n\n\n\n<li>Plage de Pula : La ville de Pula est r\u00e9put\u00e9e pour son amphith\u00e9\u00e2tre romain, mais elle offre \u00e9galement des plages magnifiques. La plage de Verudela est l&#8217;une des plus populaires, avec son sable fin et ses eaux cristallines.<\/li>\n\n\n\n<li>Plage de Rabac : Cette station baln\u00e9aire pittoresque abrite de belles plages bord\u00e9es d&#8217;une v\u00e9g\u00e9tation luxuriante. La plage de Girandella est souvent consid\u00e9r\u00e9e comme l&#8217;une des plus belles.<\/li>\n\n\n\n<li>Plage de Medulin : Cette destination baln\u00e9aire pris\u00e9e poss\u00e8de plusieurs plages de sable fin. La plage de Bijeca, avec son littoral \u00e9tendu et ses eaux peu profondes, est id\u00e9ale pour les familles.<\/li>\n\n\n\n<li>Plage de Umag : Situ\u00e9e pr\u00e8s de la fronti\u00e8re slov\u00e8ne, Umag propose de magnifiques plages bord\u00e9es de pins. La plage de Katoro est souvent cit\u00e9e pour sa beaut\u00e9 naturelle.<\/li>\n\n\n\n<li>Plage de Novigrad : Dans cette charmante ville c\u00f4ti\u00e8re, vous trouverez des plages tranquilles et pr\u00e9serv\u00e9es. La plage de Karpinjan est un choix populaire pour sa tranquillit\u00e9.<\/li>\n\n\n\n<li>Plage de Vrsar : Cette petite ville c\u00f4ti\u00e8re est dot\u00e9e de belles plages nich\u00e9es dans des baies abrit\u00e9es. La plage de Valkanela est appr\u00e9ci\u00e9e pour son cadre naturel pr\u00e9serv\u00e9.<\/li>\n\n\n\n<li>Plage de Savudrija : Pr\u00e8s de la fronti\u00e8re slov\u00e8ne, cette r\u00e9gion abrite des plages paisibles et pr\u00e9serv\u00e9es. La plage de Kanegra est connue pour sa beaut\u00e9 naturelle et son ambiance tranquille.<\/li>\n\n\n\n<li>Plage de Premantura : Situ\u00e9e \u00e0 proximit\u00e9 du parc naturel de Kamenjak, cette r\u00e9gion offre des plages sauvages et pr\u00e9serv\u00e9es. La plage de Debeljak est appr\u00e9ci\u00e9e pour son sable fin et ses eaux claires.<\/li>\n<\/ul>\n\n\n\n<p>Ces plages offrent des paysages uniques et des exp\u00e9riences baln\u00e9aires vari\u00e9es, garantissant des moments inoubliables en Istrie.<\/p>\n","protected":false},"excerpt":{"rendered":"<p>L&#8217;Istrie, une p\u00e9ninsule situ\u00e9e dans le nord-ouest de la Croatie, regorge de superbes plages offrant des eaux cristallines et des paysages \u00e0 couper le souffle. Voici une liste des 10 plus belles plages d&#8217;Istrie : Ces plages offrent des paysages uniques et des exp\u00e9riences baln\u00e9aires vari\u00e9es, garantissant des moments inoubliables en Istrie.<\/p>\n","protected":false},"author":1,"featured_media":0,"parent":0,"menu_order":0,"comment_status":"closed","ping_status":"closed","template":"","meta":{"_monsterinsights_skip_tracking":false,"_monsterinsights_sitenote_active":false,"_monsterinsights_sitenote_note":"","_monsterinsights_sitenote_category":0,"footnotes":""},"class_list":["post-759","page","type-page","status-publish","hentry"],"_links":{"self":[{"href":"https:\/\/krnica-villa-ana.com\/index.php\/wp-json\/wp\/v2\/pages\/759","targetHints":{"allow":["GET"]}}],"collection":[{"href":"https:\/\/krnica-villa-ana.com\/index.php\/wp-json\/wp\/v2\/pages"}],"about":[{"href":"https:\/\/krnica-villa-ana.com\/index.php\/wp-json\/wp\/v2\/types\/page"}],"author":[{"embeddable":true,"href":"https:\/\/krnica-villa-ana.com\/index.php\/wp-json\/wp\/v2\/users\/1"}],"replies":[{"embeddable":true,"href":"https:\/\/krnica-villa-ana.com\/index.php\/wp-json\/wp\/v2\/comments?post=759"}],"version-history":[{"count":11,"href":"https:\/\/krnica-villa-ana.com\/index.php\/wp-json\/wp\/v2\/pages\/759\/revisions"}],"predecessor-version":[{"id":2060,"href":"https:\/\/krnica-villa-ana.com\/index.php\/wp-json\/wp\/v2\/pages\/759\/revisions\/2060"}],"wp:attachment":[{"href":"https:\/\/krnica-villa-ana.com\/index.php\/wp-json\/wp\/v2\/media?parent=759"}],"curies":[{"name":"wp","href":"https:\/\/api.w.org\/{rel}","templated":true}]}}