{"id":873,"date":"2023-06-07T20:11:23","date_gmt":"2023-06-07T18:11:23","guid":{"rendered":"https:\/\/krnica-villa-ana.com\/index.php\/la-maison-deutsch\/"},"modified":"2023-07-02T10:09:32","modified_gmt":"2023-07-02T08:09:32","slug":"la-maison-deutsch","status":"publish","type":"page","link":"https:\/\/krnica-villa-ana.com\/index.php\/de\/la-maison-deutsch\/","title":{"rendered":"Das Haus"},"content":{"rendered":"\n<p><strong>Lage:<\/strong> Im Herzen des charmanten Dorfes Krnica liegt dieses Haus an einem privilegierten Standort. Nur 5 Autominuten oder 15 Gehminuten entfernt laden das t\u00fcrkisfarbene Wasser und die wilden Str\u00e4nde zur Entspannung und zum Baden ein. Eingebettet 500 Meter vom Dorfzentrum entfernt, bietet diese Unterkunft einen einfachen Zugang zu lokalen Restaurants, B\u00e4ckereien, Lebensmittelgesch\u00e4ften und der Kirche, sodass Sie das gesellige Ambiente des Dorfes in vollen Z\u00fcgen genie\u00dfen k\u00f6nnen. Dank der direkten N\u00e4he zu Pula und seinem Flughafen ist dieses Haus auch ideal gelegen, um die kulturellen und historischen Sehensw\u00fcrdigkeiten der Region zu erkunden.<\/p>\n\n\n\n<p><strong>Was Sie vorfinden werden: <\/strong>Ein typisches Steinhaus mit einer einzigartigen Mischung aus Tradition und Moderne, das einen friedlichen R\u00fcckzugsort bietet, um dem Trubel des Alltags zu entfliehen. Egal, ob Sie sich f\u00fcr einen erholsamen Kurzurlaub entscheiden oder eine authentische Erfahrung inmitten einer bezaubernden Landschaft erleben m\u00f6chten, dieses Anwesen ist der ideale Ort, um unvergessliche Erinnerungen in einer atemberaubend sch\u00f6nen Naturkulisse zu schaffen.<\/p>\n\n\n<div class=\"wp-block-image\">\n<figure class=\"aligncenter size-large\"><img fetchpriority=\"high\" decoding=\"async\" width=\"1024\" height=\"585\" src=\"http:\/\/krnica-villa-ana.com\/wp-content\/uploads\/2023\/07\/Description_DE-1024x585.png\" alt=\"\" class=\"wp-image-1358\" srcset=\"https:\/\/krnica-villa-ana.com\/wp-content\/uploads\/2023\/07\/Description_DE-1024x585.png 1024w, https:\/\/krnica-villa-ana.com\/wp-content\/uploads\/2023\/07\/Description_DE-300x171.png 300w, https:\/\/krnica-villa-ana.com\/wp-content\/uploads\/2023\/07\/Description_DE-768x439.png 768w, https:\/\/krnica-villa-ana.com\/wp-content\/uploads\/2023\/07\/Description_DE-1536x878.png 1536w, https:\/\/krnica-villa-ana.com\/wp-content\/uploads\/2023\/07\/Description_DE-2048x1170.png 2048w\" sizes=\"(max-width: 1024px) 100vw, 1024px\" \/><\/figure>\n<\/div>\n\n\n<h4 class=\"wp-block-heading\">Standort :<\/h4>\n\n\n\n<figure class=\"wp-block-image size-large\"><img decoding=\"async\" src=\"http:\/\/krnica-villa-ana.com\/wp-content\/uploads\/2023\/06\/Localisation_Villa_Ana-1-1024x591.png\" alt=\"\" class=\"wp-image-1219\"\/><\/figure>\n\n\n\n<hr class=\"wp-block-separator has-alpha-channel-opacity\"\/>\n\n\n\n<p><strong>Beschreibung:<\/strong> Das Erdgeschoss \u00f6ffnet sich zu einem ger\u00e4umigen Wohnzimmer, in dem eine warme Atmosph\u00e4re herrscht, die sich ideal f\u00fcr entspannte Momente mit der Familie oder Freunden eignet. Die sichtbaren Steinw\u00e4nde und Holzbalken zeugen vom traditionellen Charakter des Hauses, w\u00e4hrend moderne Akzente einen Hauch zeitgem\u00e4\u00dfen Komforts bieten.<\/p>\n\n\n\n<p>Wenn Sie die Treppe zum ersten Stock hinaufsteigen, entdecken Sie zwei Schlafzimmer, von denen jedes eine Oase der Ruhe und Privatsph\u00e4re bietet. Doch der eigentliche Schatz dieses Hauses befindet sich im obersten Stockwerk, wo ein pr\u00e4chtiges Elternschlafzimmer auf Sie wartet. Das Elternschlafzimmer \u00f6ffnet sich zu einer gro\u00dfen Terrasse, auf der Sie eine idyllische Umgebung mit einem Panoramablick auf das glitzernde Meer und die weiten Olivenfelder genie\u00dfen k\u00f6nnen.<\/p>\n\n\n\n<p>Die soliden und wundersch\u00f6n restaurierten Steinmauern schaffen eine warme und charaktervolle Atmosph\u00e4re. Der Panoramablick von der Terrasse entf\u00fchrt Sie in gr\u00fcne H\u00fcgel, \u00fcppige Olivenfelder und das glitzernde Meer. Der Pool l\u00e4dt Sie ein, umgeben vom bet\u00f6renden Duft mediterraner Pflanzen zu entspannen. Erleben Sie ein ruhiges und authentisches Leben, das von der Geschichte und Sch\u00f6nheit Istriens gepr\u00e4gt ist<\/p>\n","protected":false},"excerpt":{"rendered":"<p>Lage: Im Herzen des charmanten Dorfes Krnica liegt dieses Haus an einem privilegierten Standort. Nur 5 Autominuten oder 15 Gehminuten entfernt laden das t\u00fcrkisfarbene Wasser und die wilden Str\u00e4nde zur Entspannung und zum Baden ein. Eingebettet 500 Meter vom Dorfzentrum entfernt, bietet diese Unterkunft einen einfachen Zugang zu lokalen Restaurants, B\u00e4ckereien, Lebensmittelgesch\u00e4ften und der Kirche, [&hellip;]<\/p>\n","protected":false},"author":1,"featured_media":0,"parent":0,"menu_order":0,"comment_status":"closed","ping_status":"closed","template":"","meta":{"_monsterinsights_skip_tracking":false,"_monsterinsights_sitenote_active":false,"_monsterinsights_sitenote_note":"","_monsterinsights_sitenote_category":0,"footnotes":""},"class_list":["post-873","page","type-page","status-publish","hentry"],"_links":{"self":[{"href":"https:\/\/krnica-villa-ana.com\/index.php\/wp-json\/wp\/v2\/pages\/873","targetHints":{"allow":["GET"]}}],"collection":[{"href":"https:\/\/krnica-villa-ana.com\/index.php\/wp-json\/wp\/v2\/pages"}],"about":[{"href":"https:\/\/krnica-villa-ana.com\/index.php\/wp-json\/wp\/v2\/types\/page"}],"author":[{"embeddable":true,"href":"https:\/\/krnica-villa-ana.com\/index.php\/wp-json\/wp\/v2\/users\/1"}],"replies":[{"embeddable":true,"href":"https:\/\/krnica-villa-ana.com\/index.php\/wp-json\/wp\/v2\/comments?post=873"}],"version-history":[{"count":9,"href":"https:\/\/krnica-villa-ana.com\/index.php\/wp-json\/wp\/v2\/pages\/873\/revisions"}],"predecessor-version":[{"id":1568,"href":"https:\/\/krnica-villa-ana.com\/index.php\/wp-json\/wp\/v2\/pages\/873\/revisions\/1568"}],"wp:attachment":[{"href":"https:\/\/krnica-villa-ana.com\/index.php\/wp-json\/wp\/v2\/media?parent=873"}],"curies":[{"name":"wp","href":"https:\/\/api.w.org\/{rel}","templated":true}]}}