{"id":884,"date":"2023-06-07T20:26:33","date_gmt":"2023-06-07T18:26:33","guid":{"rendered":"https:\/\/krnica-villa-ana.com\/?page_id=884"},"modified":"2024-07-14T21:07:32","modified_gmt":"2024-07-14T19:07:32","slug":"884-2","status":"publish","type":"page","link":"https:\/\/krnica-villa-ana.com\/index.php\/de\/884-2\/","title":{"rendered":"Die Str\u00e4nde"},"content":{"rendered":"\n<div class=\"wp-block-getwid-images-slider has-arrows-inside has-dots-inside has-images-center has-fitted-images has-fixed-height\"><div class=\"wp-block-getwid-images-slider__wrapper\" data-effect=\"slide\" data-slides-show=\"1\" data-slides-show-laptop=\"1\" data-slides-show-tablet=\"1\" data-slides-show-mobile=\"1\" data-slides-scroll=\"1\" data-autoplay=\"false\" data-autoplay-speed=\"6000\" data-infinite=\"true\" data-animation-speed=\"800\" data-center-mode=\"false\" data-variable-width=\"false\" data-arrows=\"inside\" data-dots=\"inside\" data-spacing=\"none\"><div class=\"wp-block-getwid-images-slider__item\" style=\"height:500px\"><figure><img decoding=\"async\" src=\"http:\/\/krnica-villa-ana.com\/wp-content\/uploads\/2023\/06\/IMG_5394.jpg\" data-id=\"1138\" data-link=\"https:\/\/krnica-villa-ana.com\/img_5394\/\" data-original-link=\"http:\/\/krnica-villa-ana.com\/wp-content\/uploads\/2023\/06\/IMG_5394.jpg\" class=\"wp-block-getwid-images-slider__image wp-image-1138\"\/><\/figure><\/div><div class=\"wp-block-getwid-images-slider__item\" style=\"height:500px\"><figure><img fetchpriority=\"high\" decoding=\"async\" width=\"2560\" height=\"1920\" src=\"http:\/\/krnica-villa-ana.com\/wp-content\/uploads\/2023\/06\/IMG_5484-1-scaled.jpg\" data-id=\"1137\" data-link=\"https:\/\/krnica-villa-ana.com\/img_5484-1\/\" data-original-link=\"http:\/\/krnica-villa-ana.com\/wp-content\/uploads\/2023\/06\/IMG_5484-1-scaled.jpg\" class=\"wp-block-getwid-images-slider__image wp-image-1137\" srcset=\"https:\/\/krnica-villa-ana.com\/wp-content\/uploads\/2023\/06\/IMG_5484-1-scaled.jpg 2560w, https:\/\/krnica-villa-ana.com\/wp-content\/uploads\/2023\/06\/IMG_5484-1-300x225.jpg 300w, https:\/\/krnica-villa-ana.com\/wp-content\/uploads\/2023\/06\/IMG_5484-1-1024x768.jpg 1024w, https:\/\/krnica-villa-ana.com\/wp-content\/uploads\/2023\/06\/IMG_5484-1-768x576.jpg 768w, https:\/\/krnica-villa-ana.com\/wp-content\/uploads\/2023\/06\/IMG_5484-1-1536x1152.jpg 1536w, https:\/\/krnica-villa-ana.com\/wp-content\/uploads\/2023\/06\/IMG_5484-1-2048x1536.jpg 2048w\" sizes=\"(max-width: 2560px) 100vw, 2560px\" \/><\/figure><\/div><div class=\"wp-block-getwid-images-slider__item\" style=\"height:500px\"><figure><img decoding=\"async\" src=\"http:\/\/krnica-villa-ana.com\/wp-content\/uploads\/2023\/06\/IMG_5368-1.jpg\" data-id=\"1134\" data-link=\"https:\/\/krnica-villa-ana.com\/img_5368-1\/\" data-original-link=\"http:\/\/krnica-villa-ana.com\/wp-content\/uploads\/2023\/06\/IMG_5368-1.jpg\" class=\"wp-block-getwid-images-slider__image wp-image-1134\"\/><\/figure><\/div><div class=\"wp-block-getwid-images-slider__item\" style=\"height:500px\"><figure><img decoding=\"async\" src=\"http:\/\/krnica-villa-ana.com\/wp-content\/uploads\/2023\/06\/IMG_5466.jpg\" data-id=\"1129\" data-link=\"https:\/\/krnica-villa-ana.com\/img_5466\/\" data-original-link=\"http:\/\/krnica-villa-ana.com\/wp-content\/uploads\/2023\/06\/IMG_5466.jpg\" class=\"wp-block-getwid-images-slider__image wp-image-1129\"\/><\/figure><\/div><div class=\"wp-block-getwid-images-slider__item\" style=\"height:500px\"><figure><img decoding=\"async\" src=\"http:\/\/krnica-villa-ana.com\/wp-content\/uploads\/2023\/06\/IMG_5494.jpg\" data-id=\"1122\" data-link=\"https:\/\/krnica-villa-ana.com\/img_5494\/\" data-original-link=\"http:\/\/krnica-villa-ana.com\/wp-content\/uploads\/2023\/06\/IMG_5494.jpg\" class=\"wp-block-getwid-images-slider__image wp-image-1122\"\/><\/figure><\/div><div class=\"wp-block-getwid-images-slider__item\" style=\"height:500px\"><figure><img decoding=\"async\" width=\"2048\" height=\"1536\" src=\"http:\/\/krnica-villa-ana.com\/wp-content\/uploads\/2023\/06\/7D768B4E-9F21-4088-904A-A68FD15DFB76_1_102_o-5.jpeg\" data-id=\"1112\" data-link=\"https:\/\/krnica-villa-ana.com\/index.php\/emplacement\/7d768b4e-9f21-4088-904a-a68fd15dfb76_1_102_o-5\/\" data-original-link=\"http:\/\/krnica-villa-ana.com\/wp-content\/uploads\/2023\/06\/7D768B4E-9F21-4088-904A-A68FD15DFB76_1_102_o-5.jpeg\" class=\"wp-block-getwid-images-slider__image wp-image-1112\" srcset=\"https:\/\/krnica-villa-ana.com\/wp-content\/uploads\/2023\/06\/7D768B4E-9F21-4088-904A-A68FD15DFB76_1_102_o-5.jpeg 2048w, https:\/\/krnica-villa-ana.com\/wp-content\/uploads\/2023\/06\/7D768B4E-9F21-4088-904A-A68FD15DFB76_1_102_o-5-300x225.jpeg 300w, https:\/\/krnica-villa-ana.com\/wp-content\/uploads\/2023\/06\/7D768B4E-9F21-4088-904A-A68FD15DFB76_1_102_o-5-1024x768.jpeg 1024w, https:\/\/krnica-villa-ana.com\/wp-content\/uploads\/2023\/06\/7D768B4E-9F21-4088-904A-A68FD15DFB76_1_102_o-5-768x576.jpeg 768w, https:\/\/krnica-villa-ana.com\/wp-content\/uploads\/2023\/06\/7D768B4E-9F21-4088-904A-A68FD15DFB76_1_102_o-5-1536x1152.jpeg 1536w\" sizes=\"(max-width: 2048px) 100vw, 2048px\" \/><\/figure><\/div><div class=\"wp-block-getwid-images-slider__item\" style=\"height:500px\"><figure><img decoding=\"async\" width=\"2048\" height=\"1536\" src=\"http:\/\/krnica-villa-ana.com\/wp-content\/uploads\/2023\/06\/F4457405-2E3A-47DA-AF99-1ADE1E6FC300_1_102_o.jpeg\" data-id=\"1053\" data-link=\"https:\/\/krnica-villa-ana.com\/index.php\/accueil\/f4457405-2e3a-47da-af99-1ade1e6fc300_1_102_o\/\" data-original-link=\"http:\/\/krnica-villa-ana.com\/wp-content\/uploads\/2023\/06\/F4457405-2E3A-47DA-AF99-1ADE1E6FC300_1_102_o.jpeg\" class=\"wp-block-getwid-images-slider__image wp-image-1053\" srcset=\"https:\/\/krnica-villa-ana.com\/wp-content\/uploads\/2023\/06\/F4457405-2E3A-47DA-AF99-1ADE1E6FC300_1_102_o.jpeg 2048w, https:\/\/krnica-villa-ana.com\/wp-content\/uploads\/2023\/06\/F4457405-2E3A-47DA-AF99-1ADE1E6FC300_1_102_o-300x225.jpeg 300w, https:\/\/krnica-villa-ana.com\/wp-content\/uploads\/2023\/06\/F4457405-2E3A-47DA-AF99-1ADE1E6FC300_1_102_o-1024x768.jpeg 1024w, https:\/\/krnica-villa-ana.com\/wp-content\/uploads\/2023\/06\/F4457405-2E3A-47DA-AF99-1ADE1E6FC300_1_102_o-768x576.jpeg 768w, https:\/\/krnica-villa-ana.com\/wp-content\/uploads\/2023\/06\/F4457405-2E3A-47DA-AF99-1ADE1E6FC300_1_102_o-1536x1152.jpeg 1536w\" sizes=\"(max-width: 2048px) 100vw, 2048px\" \/><\/figure><\/div><div class=\"wp-block-getwid-images-slider__item\" style=\"height:500px\"><figure><img loading=\"lazy\" decoding=\"async\" width=\"2048\" height=\"1536\" src=\"http:\/\/krnica-villa-ana.com\/wp-content\/uploads\/2023\/06\/0AB989CE-65B1-4D2D-B792-0522AE09797C_1_102_o.jpeg\" data-id=\"1050\" data-link=\"https:\/\/krnica-villa-ana.com\/index.php\/accueil\/0ab989ce-65b1-4d2d-b792-0522ae09797c_1_102_o\/\" data-original-link=\"http:\/\/krnica-villa-ana.com\/wp-content\/uploads\/2023\/06\/0AB989CE-65B1-4D2D-B792-0522AE09797C_1_102_o.jpeg\" class=\"wp-block-getwid-images-slider__image wp-image-1050\" srcset=\"https:\/\/krnica-villa-ana.com\/wp-content\/uploads\/2023\/06\/0AB989CE-65B1-4D2D-B792-0522AE09797C_1_102_o.jpeg 2048w, https:\/\/krnica-villa-ana.com\/wp-content\/uploads\/2023\/06\/0AB989CE-65B1-4D2D-B792-0522AE09797C_1_102_o-300x225.jpeg 300w, https:\/\/krnica-villa-ana.com\/wp-content\/uploads\/2023\/06\/0AB989CE-65B1-4D2D-B792-0522AE09797C_1_102_o-1024x768.jpeg 1024w, https:\/\/krnica-villa-ana.com\/wp-content\/uploads\/2023\/06\/0AB989CE-65B1-4D2D-B792-0522AE09797C_1_102_o-768x576.jpeg 768w, https:\/\/krnica-villa-ana.com\/wp-content\/uploads\/2023\/06\/0AB989CE-65B1-4D2D-B792-0522AE09797C_1_102_o-1536x1152.jpeg 1536w\" sizes=\"(max-width: 2048px) 100vw, 2048px\" \/><\/figure><\/div><div class=\"wp-block-getwid-images-slider__item\" style=\"height:500px\"><figure><img loading=\"lazy\" decoding=\"async\" width=\"1000\" height=\"562\" src=\"http:\/\/krnica-villa-ana.com\/wp-content\/uploads\/2023\/06\/Krnica1-3.jpg\" data-id=\"859\" data-link=\"https:\/\/krnica-villa-ana.com\/index.php\/les-plages\/krnica1-3\/\" data-original-link=\"http:\/\/krnica-villa-ana.com\/wp-content\/uploads\/2023\/06\/Krnica1-3.jpg\" class=\"wp-block-getwid-images-slider__image wp-image-859\" srcset=\"https:\/\/krnica-villa-ana.com\/wp-content\/uploads\/2023\/06\/Krnica1-3.jpg 1000w, https:\/\/krnica-villa-ana.com\/wp-content\/uploads\/2023\/06\/Krnica1-3-300x169.jpg 300w, https:\/\/krnica-villa-ana.com\/wp-content\/uploads\/2023\/06\/Krnica1-3-768x432.jpg 768w\" sizes=\"(max-width: 1000px) 100vw, 1000px\" \/><\/figure><\/div><div class=\"wp-block-getwid-images-slider__item\" style=\"height:500px\"><figure><img loading=\"lazy\" decoding=\"async\" width=\"1024\" height=\"576\" src=\"http:\/\/krnica-villa-ana.com\/wp-content\/uploads\/2023\/06\/938F45BF-1BBC-42BA-859A-FCFBA56F7A8B_1_105_c-1-edited.jpeg\" data-id=\"451\" data-link=\"https:\/\/krnica-villa-ana.com\/938f45bf-1bbc-42ba-859a-fcfba56f7a8b_1_105_c-1-2\/\" data-original-link=\"http:\/\/krnica-villa-ana.com\/wp-content\/uploads\/2023\/06\/938F45BF-1BBC-42BA-859A-FCFBA56F7A8B_1_105_c-1-edited.jpeg\" class=\"wp-block-getwid-images-slider__image wp-image-451\" srcset=\"https:\/\/krnica-villa-ana.com\/wp-content\/uploads\/2023\/06\/938F45BF-1BBC-42BA-859A-FCFBA56F7A8B_1_105_c-1-edited.jpeg 1024w, https:\/\/krnica-villa-ana.com\/wp-content\/uploads\/2023\/06\/938F45BF-1BBC-42BA-859A-FCFBA56F7A8B_1_105_c-1-edited-300x169.jpeg 300w, https:\/\/krnica-villa-ana.com\/wp-content\/uploads\/2023\/06\/938F45BF-1BBC-42BA-859A-FCFBA56F7A8B_1_105_c-1-edited-768x432.jpeg 768w\" sizes=\"(max-width: 1024px) 100vw, 1024px\" \/><\/figure><\/div><div class=\"wp-block-getwid-images-slider__item\" style=\"height:500px\"><figure><img loading=\"lazy\" decoding=\"async\" width=\"2560\" height=\"1920\" src=\"http:\/\/krnica-villa-ana.com\/wp-content\/uploads\/2023\/07\/IMG_5511-scaled.jpg\" data-id=\"2052\" data-link=\"https:\/\/krnica-villa-ana.com\/?attachment_id=2052\" data-original-link=\"http:\/\/krnica-villa-ana.com\/wp-content\/uploads\/2023\/07\/IMG_5511-scaled.jpg\" class=\"wp-block-getwid-images-slider__image wp-image-2052\" srcset=\"https:\/\/krnica-villa-ana.com\/wp-content\/uploads\/2023\/07\/IMG_5511-scaled.jpg 2560w, https:\/\/krnica-villa-ana.com\/wp-content\/uploads\/2023\/07\/IMG_5511-300x225.jpg 300w, https:\/\/krnica-villa-ana.com\/wp-content\/uploads\/2023\/07\/IMG_5511-1024x768.jpg 1024w, https:\/\/krnica-villa-ana.com\/wp-content\/uploads\/2023\/07\/IMG_5511-768x576.jpg 768w, https:\/\/krnica-villa-ana.com\/wp-content\/uploads\/2023\/07\/IMG_5511-1536x1152.jpg 1536w, https:\/\/krnica-villa-ana.com\/wp-content\/uploads\/2023\/07\/IMG_5511-2048x1536.jpg 2048w\" sizes=\"(max-width: 2560px) 100vw, 2560px\" \/><\/figure><\/div><div class=\"wp-block-getwid-images-slider__item\" style=\"height:500px\"><figure><img loading=\"lazy\" decoding=\"async\" width=\"2560\" height=\"1920\" src=\"http:\/\/krnica-villa-ana.com\/wp-content\/uploads\/2023\/07\/IMG_5471-scaled.jpg\" data-id=\"2053\" data-link=\"https:\/\/krnica-villa-ana.com\/?attachment_id=2053\" data-original-link=\"http:\/\/krnica-villa-ana.com\/wp-content\/uploads\/2023\/07\/IMG_5471-scaled.jpg\" class=\"wp-block-getwid-images-slider__image wp-image-2053\" srcset=\"https:\/\/krnica-villa-ana.com\/wp-content\/uploads\/2023\/07\/IMG_5471-scaled.jpg 2560w, https:\/\/krnica-villa-ana.com\/wp-content\/uploads\/2023\/07\/IMG_5471-300x225.jpg 300w, https:\/\/krnica-villa-ana.com\/wp-content\/uploads\/2023\/07\/IMG_5471-1024x768.jpg 1024w, https:\/\/krnica-villa-ana.com\/wp-content\/uploads\/2023\/07\/IMG_5471-768x576.jpg 768w, https:\/\/krnica-villa-ana.com\/wp-content\/uploads\/2023\/07\/IMG_5471-1536x1152.jpg 1536w, https:\/\/krnica-villa-ana.com\/wp-content\/uploads\/2023\/07\/IMG_5471-2048x1536.jpg 2048w\" sizes=\"(max-width: 2560px) 100vw, 2560px\" \/><\/figure><\/div><div class=\"wp-block-getwid-images-slider__item\" style=\"height:500px\"><figure><img loading=\"lazy\" decoding=\"async\" width=\"2560\" height=\"1920\" src=\"http:\/\/krnica-villa-ana.com\/wp-content\/uploads\/2023\/07\/IMG_5373-scaled.jpg\" data-id=\"2054\" data-link=\"https:\/\/krnica-villa-ana.com\/?attachment_id=2054\" data-original-link=\"http:\/\/krnica-villa-ana.com\/wp-content\/uploads\/2023\/07\/IMG_5373-scaled.jpg\" class=\"wp-block-getwid-images-slider__image wp-image-2054\" srcset=\"https:\/\/krnica-villa-ana.com\/wp-content\/uploads\/2023\/07\/IMG_5373-scaled.jpg 2560w, https:\/\/krnica-villa-ana.com\/wp-content\/uploads\/2023\/07\/IMG_5373-300x225.jpg 300w, https:\/\/krnica-villa-ana.com\/wp-content\/uploads\/2023\/07\/IMG_5373-1024x768.jpg 1024w, https:\/\/krnica-villa-ana.com\/wp-content\/uploads\/2023\/07\/IMG_5373-768x576.jpg 768w, https:\/\/krnica-villa-ana.com\/wp-content\/uploads\/2023\/07\/IMG_5373-1536x1152.jpg 1536w, https:\/\/krnica-villa-ana.com\/wp-content\/uploads\/2023\/07\/IMG_5373-2048x1536.jpg 2048w\" sizes=\"(max-width: 2560px) 100vw, 2560px\" \/><\/figure><\/div><div class=\"wp-block-getwid-images-slider__item\" style=\"height:500px\"><figure><img loading=\"lazy\" decoding=\"async\" width=\"2560\" height=\"1920\" src=\"http:\/\/krnica-villa-ana.com\/wp-content\/uploads\/2023\/07\/IMG_5480-scaled.jpg\" data-id=\"2055\" data-link=\"https:\/\/krnica-villa-ana.com\/?attachment_id=2055\" data-original-link=\"http:\/\/krnica-villa-ana.com\/wp-content\/uploads\/2023\/07\/IMG_5480-scaled.jpg\" class=\"wp-block-getwid-images-slider__image wp-image-2055\" srcset=\"https:\/\/krnica-villa-ana.com\/wp-content\/uploads\/2023\/07\/IMG_5480-scaled.jpg 2560w, https:\/\/krnica-villa-ana.com\/wp-content\/uploads\/2023\/07\/IMG_5480-300x225.jpg 300w, https:\/\/krnica-villa-ana.com\/wp-content\/uploads\/2023\/07\/IMG_5480-1024x768.jpg 1024w, https:\/\/krnica-villa-ana.com\/wp-content\/uploads\/2023\/07\/IMG_5480-768x576.jpg 768w, https:\/\/krnica-villa-ana.com\/wp-content\/uploads\/2023\/07\/IMG_5480-1536x1152.jpg 1536w, https:\/\/krnica-villa-ana.com\/wp-content\/uploads\/2023\/07\/IMG_5480-2048x1536.jpg 2048w\" sizes=\"(max-width: 2560px) 100vw, 2560px\" \/><\/figure><\/div><div class=\"wp-block-getwid-images-slider__item\" style=\"height:500px\"><figure><img loading=\"lazy\" decoding=\"async\" width=\"2560\" height=\"1920\" src=\"http:\/\/krnica-villa-ana.com\/wp-content\/uploads\/2023\/07\/IMG_5505-scaled.jpg\" data-id=\"2056\" data-link=\"https:\/\/krnica-villa-ana.com\/?attachment_id=2056\" data-original-link=\"http:\/\/krnica-villa-ana.com\/wp-content\/uploads\/2023\/07\/IMG_5505-scaled.jpg\" class=\"wp-block-getwid-images-slider__image wp-image-2056\" srcset=\"https:\/\/krnica-villa-ana.com\/wp-content\/uploads\/2023\/07\/IMG_5505-scaled.jpg 2560w, https:\/\/krnica-villa-ana.com\/wp-content\/uploads\/2023\/07\/IMG_5505-300x225.jpg 300w, https:\/\/krnica-villa-ana.com\/wp-content\/uploads\/2023\/07\/IMG_5505-1024x768.jpg 1024w, https:\/\/krnica-villa-ana.com\/wp-content\/uploads\/2023\/07\/IMG_5505-768x576.jpg 768w, https:\/\/krnica-villa-ana.com\/wp-content\/uploads\/2023\/07\/IMG_5505-1536x1152.jpg 1536w, https:\/\/krnica-villa-ana.com\/wp-content\/uploads\/2023\/07\/IMG_5505-2048x1536.jpg 2048w\" sizes=\"(max-width: 2560px) 100vw, 2560px\" \/><\/figure><\/div><\/div><\/div>\n\n\n\n<p>Istrien, eine Halbinsel im Nordwesten Kroatiens, bietet atemberaubende Str\u00e4nde mit kristallklarem Wasser und atemberaubenden Landschaften. Hier ist eine Liste der 10 sch\u00f6nsten Str\u00e4nde Istriens:<\/p>\n\n\n\n<ul class=\"wp-block-list\">\n<li>Punta Kamenjak Strand: Dieser Strand liegt im Naturpark Kamenjak und bietet t\u00fcrkisfarbenes Wasser und unber\u00fchrte Natur mit abgelegenen Buchten und beeindruckenden Klippen.<\/li>\n\n\n\n<li>Rovinj Strand: In der charmanten Stadt Rovinj finden Sie malerische Str\u00e4nde, umgeben von bunten H\u00e4usern und einer lebhaften Atmosph\u00e4re. Der Strand von Lone Bay ist besonders beliebt.<\/li>\n\n\n\n<li>Pula Strand: Die Stadt Pula ist bekannt f\u00fcr ihr r\u00f6misches Amphitheater, bietet aber auch wundersch\u00f6ne Str\u00e4nde. Der Strand von Verudela ist einer der beliebtesten mit feinem Sand und kristallklarem Wasser.<\/li>\n\n\n\n<li>Rabac Strand: Dieser malerische Badeort beherbergt sch\u00f6ne Str\u00e4nde, die von \u00fcppiger Vegetation ges\u00e4umt sind. Der Strand von Girandella wird oft als einer der sch\u00f6nsten angesehen.<\/li>\n\n\n\n<li>Medulin Strand: Dieses beliebte Badeziel verf\u00fcgt \u00fcber mehrere Str\u00e4nde mit feinem Sand. Der Strand von Bijeca mit seinem ausgedehnten K\u00fcstenstreifen und seichten Gew\u00e4ssern ist ideal f\u00fcr Familien.<\/li>\n\n\n\n<li>Umag Strand: In der N\u00e4he der slowenischen Grenze bietet Umag wundersch\u00f6ne Str\u00e4nde, die von Pinien ges\u00e4umt sind. Der Strand von Katoro wird oft f\u00fcr seine nat\u00fcrliche Sch\u00f6nheit gelobt.<\/li>\n\n\n\n<li>Novigrad Strand: In dieser charmanten K\u00fcstenstadt finden Sie ruhige und unber\u00fchrte Str\u00e4nde. Der Strand von Karpinjan ist eine beliebte Wahl f\u00fcr seine Ruhe.<\/li>\n\n\n\n<li>Vrsar Strand: Diese kleine K\u00fcstenstadt ist von sch\u00f6nen Str\u00e4nden in gesch\u00fctzten Buchten umgeben. Der Strand von Valkanela wird f\u00fcr seine unber\u00fchrte nat\u00fcrliche Umgebung gesch\u00e4tzt.<\/li>\n\n\n\n<li>Savudrija Strand: In der N\u00e4he der slowenischen Grenze finden Sie hier ruhige und unber\u00fchrte Str\u00e4nde. Der Strand von Kanegra ist f\u00fcr seine nat\u00fcrliche Sch\u00f6nheit und ruhige Atmosph\u00e4re bekannt.<\/li>\n\n\n\n<li>Premantura Strand: In der N\u00e4he des Naturparks Kamenjak bietet diese Region wilde und unber\u00fchrte Str\u00e4nde. Der Strand von Debeljak wird f\u00fcr seinen feinen Sand und sein klares Wasser gesch\u00e4tzt.<\/li>\n<\/ul>\n\n\n\n<p>Diese Str\u00e4nde bieten einzigartige Landschaften und abwechslungsreiche Badeerlebnisse und garantieren unvergessliche Momente in Istrien.<\/p>\n","protected":false},"excerpt":{"rendered":"<p>Istrien, eine Halbinsel im Nordwesten Kroatiens, bietet atemberaubende Str\u00e4nde mit kristallklarem Wasser und atemberaubenden Landschaften. Hier ist eine Liste der 10 sch\u00f6nsten Str\u00e4nde Istriens: Diese Str\u00e4nde bieten einzigartige Landschaften und abwechslungsreiche Badeerlebnisse und garantieren unvergessliche Momente in Istrien.<\/p>\n","protected":false},"author":1,"featured_media":0,"parent":0,"menu_order":0,"comment_status":"closed","ping_status":"closed","template":"","meta":{"_monsterinsights_skip_tracking":false,"_monsterinsights_sitenote_active":false,"_monsterinsights_sitenote_note":"","_monsterinsights_sitenote_category":0,"footnotes":""},"class_list":["post-884","page","type-page","status-publish","hentry"],"_links":{"self":[{"href":"https:\/\/krnica-villa-ana.com\/index.php\/wp-json\/wp\/v2\/pages\/884","targetHints":{"allow":["GET"]}}],"collection":[{"href":"https:\/\/krnica-villa-ana.com\/index.php\/wp-json\/wp\/v2\/pages"}],"about":[{"href":"https:\/\/krnica-villa-ana.com\/index.php\/wp-json\/wp\/v2\/types\/page"}],"author":[{"embeddable":true,"href":"https:\/\/krnica-villa-ana.com\/index.php\/wp-json\/wp\/v2\/users\/1"}],"replies":[{"embeddable":true,"href":"https:\/\/krnica-villa-ana.com\/index.php\/wp-json\/wp\/v2\/comments?post=884"}],"version-history":[{"count":13,"href":"https:\/\/krnica-villa-ana.com\/index.php\/wp-json\/wp\/v2\/pages\/884\/revisions"}],"predecessor-version":[{"id":2059,"href":"https:\/\/krnica-villa-ana.com\/index.php\/wp-json\/wp\/v2\/pages\/884\/revisions\/2059"}],"wp:attachment":[{"href":"https:\/\/krnica-villa-ana.com\/index.php\/wp-json\/wp\/v2\/media?parent=884"}],"curies":[{"name":"wp","href":"https:\/\/api.w.org\/{rel}","templated":true}]}}