{"id":897,"date":"2023-06-07T21:31:20","date_gmt":"2023-06-07T19:31:20","guid":{"rendered":"https:\/\/krnica-villa-ana.com\/?page_id=897"},"modified":"2023-06-07T22:15:26","modified_gmt":"2023-06-07T20:15:26","slug":"die-istrien-entdecken","status":"publish","type":"page","link":"https:\/\/krnica-villa-ana.com\/index.php\/de\/die-istrien-entdecken\/","title":{"rendered":"Die Istrien entdecken"},"content":{"rendered":"\n<p>Willkommen in der Region Istrien, wo das kristallklare Wasser der Adria harmonisch mit kulinarischer Vielfalt und unvergleichlichen touristischen Sch\u00e4tzen verschmilzt. Tauchen Sie ein in das azurblaue Wasser der Adria und entdecken Sie eine faszinierende Unterwasserwelt, bev\u00f6lkert von farbenfrohen Korallen und au\u00dfergew\u00f6hnlicher Meeresbiodiversit\u00e4t. Erkunden Sie die wundersch\u00f6nen, unber\u00fchrten Buchten und Str\u00e4nde entlang der K\u00fcste, die Momente der Entspannung und Ruhe bieten.<\/p>\n\n\n\n<p>W\u00e4hrend Ihrer Reise durch Istrien lassen Sie Ihre Geschmacksknospen von exquisiter K\u00fcche verf\u00fchren. Von weltber\u00fchmten schwarzen Tr\u00fcffeln bis hin zu k\u00f6stlichen Gerichten mit frischem Meeresfr\u00fcchten entf\u00fchrt Sie jeder Bissen auf eine authentische gastronomische Reise. Lokale Restaurants laden Sie ein, schmackhafte Gerichte zusammen mit preisgekr\u00f6nten Weinen der Region zu genie\u00dfen und so ein unvergessliches kulinarisches Erlebnis zu schaffen.<\/p>\n\n\n\n<p>Neben kulinarischen Sch\u00e4tzen beherbergt Istrien auch historische St\u00e4tten und charmante malerische D\u00f6rfer. Erkunden Sie die gepflasterten Gassen mittelalterlicher St\u00e4dte, die von reicher Geschichte und faszinierender Architektur durchdrungen sind. Lassen Sie sich von den h\u00fcgeligen Landschaften und gr\u00fcnen Olivenhainen verzaubern, die dieser Region eine zauberhafte Atmosph\u00e4re verleihen.<\/p>\n\n\n\n<p>Ob Sie ein Naturliebhaber, ein Gourmet-Enthusiast oder ein leidenschaftlicher Entdecker sind, Istrien bietet ein umfassendes Erlebnis, das alle Sinne anregt. Mit seinem atemberaubenden Meer, seiner raffinierten K\u00fcche und seinem kulturellen Reichtum ist diese Region ein erstklassiges Reiseziel f\u00fcr diejenigen, die eine perfekte Mischung aus Entspannung, Entdeckung und Genuss suchen.<\/p>\n\n\n<div class=\"wp-block-image\">\n<figure class=\"aligncenter size-large\"><img fetchpriority=\"high\" decoding=\"async\" width=\"1024\" height=\"632\" src=\"https:\/\/krnica-villa-ana.com\/wp-content\/uploads\/2023\/06\/Anfiteatro_de_Pula_Croacia_2017-04-17_DD_58-63_HDR_PAN-1-1024x632.png\" alt=\"\" class=\"wp-image-420\" srcset=\"https:\/\/krnica-villa-ana.com\/wp-content\/uploads\/2023\/06\/Anfiteatro_de_Pula_Croacia_2017-04-17_DD_58-63_HDR_PAN-1-1024x632.png 1024w, https:\/\/krnica-villa-ana.com\/wp-content\/uploads\/2023\/06\/Anfiteatro_de_Pula_Croacia_2017-04-17_DD_58-63_HDR_PAN-1-300x185.png 300w, https:\/\/krnica-villa-ana.com\/wp-content\/uploads\/2023\/06\/Anfiteatro_de_Pula_Croacia_2017-04-17_DD_58-63_HDR_PAN-1-768x474.png 768w, https:\/\/krnica-villa-ana.com\/wp-content\/uploads\/2023\/06\/Anfiteatro_de_Pula_Croacia_2017-04-17_DD_58-63_HDR_PAN-1-1536x948.png 1536w, https:\/\/krnica-villa-ana.com\/wp-content\/uploads\/2023\/06\/Anfiteatro_de_Pula_Croacia_2017-04-17_DD_58-63_HDR_PAN-1-2048x1264.png 2048w\" sizes=\"(max-width: 1024px) 100vw, 1024px\" \/><\/figure>\n<\/div>\n\n\n<hr class=\"wp-block-separator has-alpha-channel-opacity\"\/>\n\n\n\n<figure class=\"wp-block-gallery has-nested-images columns-default is-cropped wp-block-gallery-1 is-layout-flex wp-block-gallery-is-layout-flex\">\n<figure class=\"wp-block-image size-large\"><img decoding=\"async\" width=\"1024\" height=\"768\" data-id=\"426\" src=\"https:\/\/krnica-villa-ana.com\/wp-content\/uploads\/2023\/06\/1C1FD79F-6EEA-47B7-9050-6D18211B6C9C_1_102_o-1024x768.jpeg\" alt=\"\" class=\"wp-image-426\" srcset=\"https:\/\/krnica-villa-ana.com\/wp-content\/uploads\/2023\/06\/1C1FD79F-6EEA-47B7-9050-6D18211B6C9C_1_102_o-1024x768.jpeg 1024w, https:\/\/krnica-villa-ana.com\/wp-content\/uploads\/2023\/06\/1C1FD79F-6EEA-47B7-9050-6D18211B6C9C_1_102_o-300x225.jpeg 300w, https:\/\/krnica-villa-ana.com\/wp-content\/uploads\/2023\/06\/1C1FD79F-6EEA-47B7-9050-6D18211B6C9C_1_102_o-768x576.jpeg 768w, https:\/\/krnica-villa-ana.com\/wp-content\/uploads\/2023\/06\/1C1FD79F-6EEA-47B7-9050-6D18211B6C9C_1_102_o-1536x1152.jpeg 1536w, https:\/\/krnica-villa-ana.com\/wp-content\/uploads\/2023\/06\/1C1FD79F-6EEA-47B7-9050-6D18211B6C9C_1_102_o.jpeg 2048w\" sizes=\"(max-width: 1024px) 100vw, 1024px\" \/><\/figure>\n\n\n\n<figure class=\"wp-block-image size-large\"><img decoding=\"async\" width=\"1024\" height=\"768\" data-id=\"430\" src=\"https:\/\/krnica-villa-ana.com\/wp-content\/uploads\/2023\/06\/1BCBFAF0-D088-41D6-BAAE-B90BC329BB4A_1_102_o-1024x768.jpeg\" alt=\"\" class=\"wp-image-430\" srcset=\"https:\/\/krnica-villa-ana.com\/wp-content\/uploads\/2023\/06\/1BCBFAF0-D088-41D6-BAAE-B90BC329BB4A_1_102_o-1024x768.jpeg 1024w, https:\/\/krnica-villa-ana.com\/wp-content\/uploads\/2023\/06\/1BCBFAF0-D088-41D6-BAAE-B90BC329BB4A_1_102_o-300x225.jpeg 300w, https:\/\/krnica-villa-ana.com\/wp-content\/uploads\/2023\/06\/1BCBFAF0-D088-41D6-BAAE-B90BC329BB4A_1_102_o-768x576.jpeg 768w, https:\/\/krnica-villa-ana.com\/wp-content\/uploads\/2023\/06\/1BCBFAF0-D088-41D6-BAAE-B90BC329BB4A_1_102_o-1536x1152.jpeg 1536w, https:\/\/krnica-villa-ana.com\/wp-content\/uploads\/2023\/06\/1BCBFAF0-D088-41D6-BAAE-B90BC329BB4A_1_102_o.jpeg 2048w\" sizes=\"(max-width: 1024px) 100vw, 1024px\" \/><\/figure>\n\n\n\n<figure class=\"wp-block-image size-large\"><img loading=\"lazy\" decoding=\"async\" width=\"768\" height=\"1024\" data-id=\"428\" src=\"https:\/\/krnica-villa-ana.com\/wp-content\/uploads\/2023\/06\/19F15533-A260-43CF-B1F5-B79F69781354_1_102_o-768x1024.jpeg\" alt=\"\" class=\"wp-image-428\" srcset=\"https:\/\/krnica-villa-ana.com\/wp-content\/uploads\/2023\/06\/19F15533-A260-43CF-B1F5-B79F69781354_1_102_o-768x1024.jpeg 768w, https:\/\/krnica-villa-ana.com\/wp-content\/uploads\/2023\/06\/19F15533-A260-43CF-B1F5-B79F69781354_1_102_o-225x300.jpeg 225w, https:\/\/krnica-villa-ana.com\/wp-content\/uploads\/2023\/06\/19F15533-A260-43CF-B1F5-B79F69781354_1_102_o-1152x1536.jpeg 1152w, https:\/\/krnica-villa-ana.com\/wp-content\/uploads\/2023\/06\/19F15533-A260-43CF-B1F5-B79F69781354_1_102_o.jpeg 1536w\" sizes=\"(max-width: 768px) 100vw, 768px\" \/><\/figure>\n\n\n\n<figure class=\"wp-block-image size-large\"><img loading=\"lazy\" decoding=\"async\" width=\"1024\" height=\"768\" data-id=\"431\" src=\"https:\/\/krnica-villa-ana.com\/wp-content\/uploads\/2023\/06\/C0E4621D-9B9A-44A6-8C1B-7C5D872DD27E_1_102_o-1024x768.jpeg\" alt=\"\" class=\"wp-image-431\" srcset=\"https:\/\/krnica-villa-ana.com\/wp-content\/uploads\/2023\/06\/C0E4621D-9B9A-44A6-8C1B-7C5D872DD27E_1_102_o-1024x768.jpeg 1024w, https:\/\/krnica-villa-ana.com\/wp-content\/uploads\/2023\/06\/C0E4621D-9B9A-44A6-8C1B-7C5D872DD27E_1_102_o-300x225.jpeg 300w, https:\/\/krnica-villa-ana.com\/wp-content\/uploads\/2023\/06\/C0E4621D-9B9A-44A6-8C1B-7C5D872DD27E_1_102_o-768x576.jpeg 768w, https:\/\/krnica-villa-ana.com\/wp-content\/uploads\/2023\/06\/C0E4621D-9B9A-44A6-8C1B-7C5D872DD27E_1_102_o-1536x1152.jpeg 1536w, https:\/\/krnica-villa-ana.com\/wp-content\/uploads\/2023\/06\/C0E4621D-9B9A-44A6-8C1B-7C5D872DD27E_1_102_o.jpeg 2048w\" sizes=\"(max-width: 1024px) 100vw, 1024px\" \/><\/figure>\n\n\n\n<figure class=\"wp-block-image size-large\"><img loading=\"lazy\" decoding=\"async\" width=\"1024\" height=\"768\" data-id=\"429\" src=\"https:\/\/krnica-villa-ana.com\/wp-content\/uploads\/2023\/06\/BAE2A882-715C-4E57-863E-4D39C507D520_1_102_o-1024x768.jpeg\" alt=\"\" class=\"wp-image-429\" srcset=\"https:\/\/krnica-villa-ana.com\/wp-content\/uploads\/2023\/06\/BAE2A882-715C-4E57-863E-4D39C507D520_1_102_o-1024x768.jpeg 1024w, https:\/\/krnica-villa-ana.com\/wp-content\/uploads\/2023\/06\/BAE2A882-715C-4E57-863E-4D39C507D520_1_102_o-300x225.jpeg 300w, https:\/\/krnica-villa-ana.com\/wp-content\/uploads\/2023\/06\/BAE2A882-715C-4E57-863E-4D39C507D520_1_102_o-768x576.jpeg 768w, https:\/\/krnica-villa-ana.com\/wp-content\/uploads\/2023\/06\/BAE2A882-715C-4E57-863E-4D39C507D520_1_102_o-1536x1152.jpeg 1536w, https:\/\/krnica-villa-ana.com\/wp-content\/uploads\/2023\/06\/BAE2A882-715C-4E57-863E-4D39C507D520_1_102_o.jpeg 2048w\" sizes=\"(max-width: 1024px) 100vw, 1024px\" \/><\/figure>\n\n\n\n<figure class=\"wp-block-image size-large\"><img loading=\"lazy\" decoding=\"async\" width=\"1024\" height=\"768\" data-id=\"427\" src=\"https:\/\/krnica-villa-ana.com\/wp-content\/uploads\/2023\/06\/CE3A293E-CD9A-413D-A8C0-39EC3CCD312D_1_102_o-1024x768.jpeg\" alt=\"\" class=\"wp-image-427\" srcset=\"https:\/\/krnica-villa-ana.com\/wp-content\/uploads\/2023\/06\/CE3A293E-CD9A-413D-A8C0-39EC3CCD312D_1_102_o-1024x768.jpeg 1024w, https:\/\/krnica-villa-ana.com\/wp-content\/uploads\/2023\/06\/CE3A293E-CD9A-413D-A8C0-39EC3CCD312D_1_102_o-300x225.jpeg 300w, https:\/\/krnica-villa-ana.com\/wp-content\/uploads\/2023\/06\/CE3A293E-CD9A-413D-A8C0-39EC3CCD312D_1_102_o-768x576.jpeg 768w, https:\/\/krnica-villa-ana.com\/wp-content\/uploads\/2023\/06\/CE3A293E-CD9A-413D-A8C0-39EC3CCD312D_1_102_o-1536x1152.jpeg 1536w, https:\/\/krnica-villa-ana.com\/wp-content\/uploads\/2023\/06\/CE3A293E-CD9A-413D-A8C0-39EC3CCD312D_1_102_o.jpeg 2048w\" sizes=\"(max-width: 1024px) 100vw, 1024px\" \/><\/figure>\n\n\n\n<figure class=\"wp-block-image size-large\"><img loading=\"lazy\" decoding=\"async\" width=\"1000\" height=\"562\" data-id=\"423\" src=\"https:\/\/krnica-villa-ana.com\/wp-content\/uploads\/2023\/06\/Krnica1-2.jpg\" alt=\"\" class=\"wp-image-423\" srcset=\"https:\/\/krnica-villa-ana.com\/wp-content\/uploads\/2023\/06\/Krnica1-2.jpg 1000w, https:\/\/krnica-villa-ana.com\/wp-content\/uploads\/2023\/06\/Krnica1-2-300x169.jpg 300w, https:\/\/krnica-villa-ana.com\/wp-content\/uploads\/2023\/06\/Krnica1-2-768x432.jpg 768w\" sizes=\"(max-width: 1000px) 100vw, 1000px\" \/><\/figure>\n\n\n\n<figure class=\"wp-block-image size-large\"><img loading=\"lazy\" decoding=\"async\" width=\"1000\" height=\"562\" data-id=\"424\" src=\"https:\/\/krnica-villa-ana.com\/wp-content\/uploads\/2023\/06\/krnica7.jpg\" alt=\"\" class=\"wp-image-424\" srcset=\"https:\/\/krnica-villa-ana.com\/wp-content\/uploads\/2023\/06\/krnica7.jpg 1000w, https:\/\/krnica-villa-ana.com\/wp-content\/uploads\/2023\/06\/krnica7-300x169.jpg 300w, https:\/\/krnica-villa-ana.com\/wp-content\/uploads\/2023\/06\/krnica7-768x432.jpg 768w\" sizes=\"(max-width: 1000px) 100vw, 1000px\" \/><\/figure>\n\n\n\n<figure class=\"wp-block-image size-large\"><img loading=\"lazy\" decoding=\"async\" width=\"1024\" height=\"768\" data-id=\"425\" src=\"https:\/\/krnica-villa-ana.com\/wp-content\/uploads\/2023\/06\/E5ABD3C4-027F-41D9-A27C-F51BEA00A51A_1_102_o-1024x768.jpeg\" alt=\"\" class=\"wp-image-425\" srcset=\"https:\/\/krnica-villa-ana.com\/wp-content\/uploads\/2023\/06\/E5ABD3C4-027F-41D9-A27C-F51BEA00A51A_1_102_o-1024x768.jpeg 1024w, https:\/\/krnica-villa-ana.com\/wp-content\/uploads\/2023\/06\/E5ABD3C4-027F-41D9-A27C-F51BEA00A51A_1_102_o-300x225.jpeg 300w, https:\/\/krnica-villa-ana.com\/wp-content\/uploads\/2023\/06\/E5ABD3C4-027F-41D9-A27C-F51BEA00A51A_1_102_o-768x576.jpeg 768w, https:\/\/krnica-villa-ana.com\/wp-content\/uploads\/2023\/06\/E5ABD3C4-027F-41D9-A27C-F51BEA00A51A_1_102_o-1536x1152.jpeg 1536w, https:\/\/krnica-villa-ana.com\/wp-content\/uploads\/2023\/06\/E5ABD3C4-027F-41D9-A27C-F51BEA00A51A_1_102_o.jpeg 2048w\" sizes=\"(max-width: 1024px) 100vw, 1024px\" \/><\/figure>\n<\/figure>\n\n\n\n<hr class=\"wp-block-separator has-alpha-channel-opacity\"\/>\n\n\n<div class=\"wp-block-image\">\n<figure class=\"aligncenter size-large\"><img loading=\"lazy\" decoding=\"async\" width=\"1024\" height=\"683\" src=\"https:\/\/krnica-villa-ana.com\/wp-content\/uploads\/2023\/06\/Aerial_view_to_Motovun-1-1024x683.png\" alt=\"\" class=\"wp-image-435\" srcset=\"https:\/\/krnica-villa-ana.com\/wp-content\/uploads\/2023\/06\/Aerial_view_to_Motovun-1-1024x683.png 1024w, https:\/\/krnica-villa-ana.com\/wp-content\/uploads\/2023\/06\/Aerial_view_to_Motovun-1-300x200.png 300w, https:\/\/krnica-villa-ana.com\/wp-content\/uploads\/2023\/06\/Aerial_view_to_Motovun-1-768x512.png 768w, https:\/\/krnica-villa-ana.com\/wp-content\/uploads\/2023\/06\/Aerial_view_to_Motovun-1-1536x1024.png 1536w, https:\/\/krnica-villa-ana.com\/wp-content\/uploads\/2023\/06\/Aerial_view_to_Motovun-1-2048x1365.png 2048w\" sizes=\"(max-width: 1024px) 100vw, 1024px\" \/><\/figure>\n<\/div>\n\n\n<hr class=\"wp-block-separator has-alpha-channel-opacity\"\/>\n\n\n\n<div class=\"wp-block-buttons is-content-justification-center is-layout-flex wp-container-core-buttons-is-layout-16018d1d wp-block-buttons-is-layout-flex\">\n<div class=\"wp-block-button\"><a class=\"wp-block-button__link wp-element-button\" href=\"https:\/\/www.istra.hr\/en\">Istrien entdecken<\/a><\/div>\n<\/div>\n","protected":false},"excerpt":{"rendered":"<p>Willkommen in der Region Istrien, wo das kristallklare Wasser der Adria harmonisch mit kulinarischer Vielfalt und unvergleichlichen touristischen Sch\u00e4tzen verschmilzt. Tauchen Sie ein in das azurblaue Wasser der Adria und entdecken Sie eine faszinierende Unterwasserwelt, bev\u00f6lkert von farbenfrohen Korallen und au\u00dfergew\u00f6hnlicher Meeresbiodiversit\u00e4t. Erkunden Sie die wundersch\u00f6nen, unber\u00fchrten Buchten und Str\u00e4nde entlang der K\u00fcste, die Momente [&hellip;]<\/p>\n","protected":false},"author":1,"featured_media":0,"parent":0,"menu_order":0,"comment_status":"closed","ping_status":"closed","template":"","meta":{"_monsterinsights_skip_tracking":false,"_monsterinsights_sitenote_active":false,"_monsterinsights_sitenote_note":"","_monsterinsights_sitenote_category":0,"footnotes":""},"class_list":["post-897","page","type-page","status-publish","hentry"],"_links":{"self":[{"href":"https:\/\/krnica-villa-ana.com\/index.php\/wp-json\/wp\/v2\/pages\/897","targetHints":{"allow":["GET"]}}],"collection":[{"href":"https:\/\/krnica-villa-ana.com\/index.php\/wp-json\/wp\/v2\/pages"}],"about":[{"href":"https:\/\/krnica-villa-ana.com\/index.php\/wp-json\/wp\/v2\/types\/page"}],"author":[{"embeddable":true,"href":"https:\/\/krnica-villa-ana.com\/index.php\/wp-json\/wp\/v2\/users\/1"}],"replies":[{"embeddable":true,"href":"https:\/\/krnica-villa-ana.com\/index.php\/wp-json\/wp\/v2\/comments?post=897"}],"version-history":[{"count":3,"href":"https:\/\/krnica-villa-ana.com\/index.php\/wp-json\/wp\/v2\/pages\/897\/revisions"}],"predecessor-version":[{"id":963,"href":"https:\/\/krnica-villa-ana.com\/index.php\/wp-json\/wp\/v2\/pages\/897\/revisions\/963"}],"wp:attachment":[{"href":"https:\/\/krnica-villa-ana.com\/index.php\/wp-json\/wp\/v2\/media?parent=897"}],"curies":[{"name":"wp","href":"https:\/\/api.w.org\/{rel}","templated":true}]}}