{"id":916,"date":"2023-06-07T21:36:10","date_gmt":"2023-06-07T19:36:10","guid":{"rendered":"https:\/\/krnica-villa-ana.com\/?page_id=916"},"modified":"2025-01-07T20:10:04","modified_gmt":"2025-01-07T19:10:04","slug":"la-piscine-de","status":"publish","type":"page","link":"https:\/\/krnica-villa-ana.com\/index.php\/de\/la-piscine-de\/","title":{"rendered":"Der Pool"},"content":{"rendered":"\n<hr class=\"wp-block-separator has-alpha-channel-opacity\"\/>\n\n\n\n<div class=\"wp-block-getwid-images-slider has-arrows-inside has-dots-inside has-images-center\"><div class=\"wp-block-getwid-images-slider__wrapper\" data-effect=\"slide\" data-slides-show=\"1\" data-slides-show-laptop=\"1\" data-slides-show-tablet=\"1\" data-slides-show-mobile=\"1\" data-slides-scroll=\"1\" data-autoplay=\"false\" data-pause-hover=\"false\" data-autoplay-speed=\"6000\" data-infinite=\"true\" data-animation-speed=\"800\" data-center-mode=\"false\" data-variable-width=\"false\" data-arrows=\"inside\" data-dots=\"inside\" data-spacing=\"none\"><div class=\"wp-block-getwid-images-slider__item\"><figure><img fetchpriority=\"high\" decoding=\"async\" width=\"1024\" height=\"768\" src=\"https:\/\/krnica-villa-ana.com\/wp-content\/uploads\/2023\/06\/0DBB1238-5D24-439D-8BD4-A75B148016EB_1_105_c.jpeg\" alt=\"\" data-id=\"539\" class=\"wp-block-getwid-images-slider__image wp-image-539\" srcset=\"https:\/\/krnica-villa-ana.com\/wp-content\/uploads\/2023\/06\/0DBB1238-5D24-439D-8BD4-A75B148016EB_1_105_c.jpeg 1024w, https:\/\/krnica-villa-ana.com\/wp-content\/uploads\/2023\/06\/0DBB1238-5D24-439D-8BD4-A75B148016EB_1_105_c-300x225.jpeg 300w, https:\/\/krnica-villa-ana.com\/wp-content\/uploads\/2023\/06\/0DBB1238-5D24-439D-8BD4-A75B148016EB_1_105_c-768x576.jpeg 768w\" sizes=\"(max-width: 1024px) 100vw, 1024px\" \/><\/figure><\/div><div class=\"wp-block-getwid-images-slider__item\"><figure><img decoding=\"async\" width=\"1024\" height=\"768\" src=\"https:\/\/krnica-villa-ana.com\/wp-content\/uploads\/2023\/06\/3070EDB9-6C01-4EF7-8B71-E11A165C182D-1024x768.jpeg\" alt=\"\" data-id=\"538\" class=\"wp-block-getwid-images-slider__image wp-image-538\" srcset=\"https:\/\/krnica-villa-ana.com\/wp-content\/uploads\/2023\/06\/3070EDB9-6C01-4EF7-8B71-E11A165C182D-1024x768.jpeg 1024w, https:\/\/krnica-villa-ana.com\/wp-content\/uploads\/2023\/06\/3070EDB9-6C01-4EF7-8B71-E11A165C182D-300x225.jpeg 300w, https:\/\/krnica-villa-ana.com\/wp-content\/uploads\/2023\/06\/3070EDB9-6C01-4EF7-8B71-E11A165C182D-768x576.jpeg 768w, https:\/\/krnica-villa-ana.com\/wp-content\/uploads\/2023\/06\/3070EDB9-6C01-4EF7-8B71-E11A165C182D-1536x1152.jpeg 1536w, https:\/\/krnica-villa-ana.com\/wp-content\/uploads\/2023\/06\/3070EDB9-6C01-4EF7-8B71-E11A165C182D.jpeg 2048w\" sizes=\"(max-width: 1024px) 100vw, 1024px\" \/><\/figure><\/div><div class=\"wp-block-getwid-images-slider__item\"><figure><img decoding=\"async\" width=\"768\" height=\"1024\" src=\"https:\/\/krnica-villa-ana.com\/wp-content\/uploads\/2023\/06\/39824C61-C220-4B91-935A-815A19A56EA1_1_105_c.jpeg\" alt=\"\" data-id=\"536\" class=\"wp-block-getwid-images-slider__image wp-image-536\" srcset=\"https:\/\/krnica-villa-ana.com\/wp-content\/uploads\/2023\/06\/39824C61-C220-4B91-935A-815A19A56EA1_1_105_c.jpeg 768w, https:\/\/krnica-villa-ana.com\/wp-content\/uploads\/2023\/06\/39824C61-C220-4B91-935A-815A19A56EA1_1_105_c-225x300.jpeg 225w\" sizes=\"(max-width: 768px) 100vw, 768px\" \/><\/figure><\/div><div class=\"wp-block-getwid-images-slider__item\"><figure><img loading=\"lazy\" decoding=\"async\" width=\"1024\" height=\"768\" src=\"https:\/\/krnica-villa-ana.com\/wp-content\/uploads\/2023\/06\/AB4CB3D8-7F19-492A-995B-4D1547AA79A9_1_105_c.jpeg\" alt=\"\" data-id=\"530\" class=\"wp-block-getwid-images-slider__image wp-image-530\" srcset=\"https:\/\/krnica-villa-ana.com\/wp-content\/uploads\/2023\/06\/AB4CB3D8-7F19-492A-995B-4D1547AA79A9_1_105_c.jpeg 1024w, https:\/\/krnica-villa-ana.com\/wp-content\/uploads\/2023\/06\/AB4CB3D8-7F19-492A-995B-4D1547AA79A9_1_105_c-300x225.jpeg 300w, https:\/\/krnica-villa-ana.com\/wp-content\/uploads\/2023\/06\/AB4CB3D8-7F19-492A-995B-4D1547AA79A9_1_105_c-768x576.jpeg 768w\" sizes=\"(max-width: 1024px) 100vw, 1024px\" \/><\/figure><\/div><div class=\"wp-block-getwid-images-slider__item\"><figure><img loading=\"lazy\" decoding=\"async\" width=\"1024\" height=\"768\" src=\"https:\/\/krnica-villa-ana.com\/wp-content\/uploads\/2023\/06\/B0BFD89F-D2A3-40A6-BE13-C41427C8311D_1_105_c.jpeg\" alt=\"\" data-id=\"528\" class=\"wp-block-getwid-images-slider__image wp-image-528\" srcset=\"https:\/\/krnica-villa-ana.com\/wp-content\/uploads\/2023\/06\/B0BFD89F-D2A3-40A6-BE13-C41427C8311D_1_105_c.jpeg 1024w, https:\/\/krnica-villa-ana.com\/wp-content\/uploads\/2023\/06\/B0BFD89F-D2A3-40A6-BE13-C41427C8311D_1_105_c-300x225.jpeg 300w, https:\/\/krnica-villa-ana.com\/wp-content\/uploads\/2023\/06\/B0BFD89F-D2A3-40A6-BE13-C41427C8311D_1_105_c-768x576.jpeg 768w\" sizes=\"(max-width: 1024px) 100vw, 1024px\" \/><\/figure><\/div><div class=\"wp-block-getwid-images-slider__item\"><figure><img loading=\"lazy\" decoding=\"async\" width=\"1024\" height=\"768\" src=\"https:\/\/krnica-villa-ana.com\/wp-content\/uploads\/2023\/06\/EC4ABA13-0742-4D37-AF91-D8EA5B8FE196_1_105_c.jpeg\" alt=\"\" data-id=\"532\" class=\"wp-block-getwid-images-slider__image wp-image-532\" srcset=\"https:\/\/krnica-villa-ana.com\/wp-content\/uploads\/2023\/06\/EC4ABA13-0742-4D37-AF91-D8EA5B8FE196_1_105_c.jpeg 1024w, https:\/\/krnica-villa-ana.com\/wp-content\/uploads\/2023\/06\/EC4ABA13-0742-4D37-AF91-D8EA5B8FE196_1_105_c-300x225.jpeg 300w, https:\/\/krnica-villa-ana.com\/wp-content\/uploads\/2023\/06\/EC4ABA13-0742-4D37-AF91-D8EA5B8FE196_1_105_c-768x576.jpeg 768w\" sizes=\"(max-width: 1024px) 100vw, 1024px\" \/><\/figure><\/div><\/div><\/div>\n\n\n\n<hr class=\"wp-block-separator has-alpha-channel-opacity\"\/>\n\n\n\n<p>Im Pool der Ferienvilla unter der strahlenden Sonne Kroatiens zu entspannen ist eine wahre Flucht ins absolute Gl\u00fcck. Die warmen Sonnenstrahlen streicheln die Haut, w\u00e4hrend die K\u00fchle des Wassers die Sinne beruhigt. Jeder Sprung ist eine Wiedergeburt, ein Moment der Entspannung und Revitalisierung. Umgeben von einer malerischen und \u00fcppigen Umgebung ist das Faulenzen am Pool eine Erfahrung, in der die Zeit stillzustehen scheint und eine Pause f\u00fcr reines Vergn\u00fcgen und Wohlbefinden bietet.<\/p>\n","protected":false},"excerpt":{"rendered":"<p>Im Pool der Ferienvilla unter der strahlenden Sonne Kroatiens zu entspannen ist eine wahre Flucht ins absolute Gl\u00fcck. Die warmen Sonnenstrahlen streicheln die Haut, w\u00e4hrend die K\u00fchle des Wassers die Sinne beruhigt. Jeder Sprung ist eine Wiedergeburt, ein Moment der Entspannung und Revitalisierung. Umgeben von einer malerischen und \u00fcppigen Umgebung ist das Faulenzen am Pool [&hellip;]<\/p>\n","protected":false},"author":1,"featured_media":0,"parent":0,"menu_order":0,"comment_status":"closed","ping_status":"closed","template":"","meta":{"_monsterinsights_skip_tracking":false,"_monsterinsights_sitenote_active":false,"_monsterinsights_sitenote_note":"","_monsterinsights_sitenote_category":0,"footnotes":""},"class_list":["post-916","page","type-page","status-publish","hentry"],"_links":{"self":[{"href":"https:\/\/krnica-villa-ana.com\/index.php\/wp-json\/wp\/v2\/pages\/916","targetHints":{"allow":["GET"]}}],"collection":[{"href":"https:\/\/krnica-villa-ana.com\/index.php\/wp-json\/wp\/v2\/pages"}],"about":[{"href":"https:\/\/krnica-villa-ana.com\/index.php\/wp-json\/wp\/v2\/types\/page"}],"author":[{"embeddable":true,"href":"https:\/\/krnica-villa-ana.com\/index.php\/wp-json\/wp\/v2\/users\/1"}],"replies":[{"embeddable":true,"href":"https:\/\/krnica-villa-ana.com\/index.php\/wp-json\/wp\/v2\/comments?post=916"}],"version-history":[{"count":6,"href":"https:\/\/krnica-villa-ana.com\/index.php\/wp-json\/wp\/v2\/pages\/916\/revisions"}],"predecessor-version":[{"id":2208,"href":"https:\/\/krnica-villa-ana.com\/index.php\/wp-json\/wp\/v2\/pages\/916\/revisions\/2208"}],"wp:attachment":[{"href":"https:\/\/krnica-villa-ana.com\/index.php\/wp-json\/wp\/v2\/media?parent=916"}],"curies":[{"name":"wp","href":"https:\/\/api.w.org\/{rel}","templated":true}]}}