{"id":919,"date":"2023-06-07T21:36:26","date_gmt":"2023-06-07T19:36:26","guid":{"rendered":"https:\/\/krnica-villa-ana.com\/?page_id=919"},"modified":"2024-07-14T21:33:49","modified_gmt":"2024-07-14T19:33:49","slug":"la-terrasse-de","status":"publish","type":"page","link":"https:\/\/krnica-villa-ana.com\/index.php\/de\/la-terrasse-de\/","title":{"rendered":"Die Terrasse"},"content":{"rendered":"\n<div class=\"wp-block-getwid-images-slider has-arrows-inside has-dots-inside has-images-center has-fitted-images aligncenter\"><div class=\"wp-block-getwid-images-slider__wrapper\" data-effect=\"slide\" data-slides-show=\"1\" data-slides-show-laptop=\"1\" data-slides-show-tablet=\"1\" data-slides-show-mobile=\"1\" data-slides-scroll=\"1\" data-autoplay=\"false\" data-pause-hover=\"false\" data-autoplay-speed=\"6000\" data-infinite=\"true\" data-animation-speed=\"800\" data-center-mode=\"false\" data-variable-width=\"false\" data-arrows=\"inside\" data-dots=\"inside\" data-spacing=\"none\"><div class=\"wp-block-getwid-images-slider__item\"><figure><img fetchpriority=\"high\" decoding=\"async\" width=\"1334\" height=\"750\" src=\"http:\/\/krnica-villa-ana.com\/wp-content\/uploads\/2024\/07\/IMG_2676.png\" data-id=\"2073\" data-link=\"https:\/\/krnica-villa-ana.com\/?attachment_id=2073\" data-original-link=\"http:\/\/krnica-villa-ana.com\/wp-content\/uploads\/2024\/07\/IMG_2676.png\" class=\"wp-block-getwid-images-slider__image wp-image-2073\" srcset=\"https:\/\/krnica-villa-ana.com\/wp-content\/uploads\/2024\/07\/IMG_2676.png 1334w, https:\/\/krnica-villa-ana.com\/wp-content\/uploads\/2024\/07\/IMG_2676-300x169.png 300w, https:\/\/krnica-villa-ana.com\/wp-content\/uploads\/2024\/07\/IMG_2676-1024x576.png 1024w, https:\/\/krnica-villa-ana.com\/wp-content\/uploads\/2024\/07\/IMG_2676-768x432.png 768w\" sizes=\"(max-width: 1334px) 100vw, 1334px\" \/><\/figure><\/div><\/div><\/div>\n\n\n\n<hr class=\"wp-block-separator has-alpha-channel-opacity\"\/>\n\n\n\n<p>Auf der Terrasse hoch \u00fcber der Adria zu entspannen, ein Glas Wein in der Hand, ist eine g\u00f6ttliche Erfahrung, die alle Sinne verzaubert. Lassen Sie sich von dieser k\u00f6stlichen Auszeit mitrei\u00dfen und genie\u00dfen Sie den gegenw\u00e4rtigen Moment, veredelt durch ein Glas Wein aus der Region und die Pracht der Adria.<\/p>\n","protected":false},"excerpt":{"rendered":"<p>Auf der Terrasse hoch \u00fcber der Adria zu entspannen, ein Glas Wein in der Hand, ist eine g\u00f6ttliche Erfahrung, die alle Sinne verzaubert. Lassen Sie sich von dieser k\u00f6stlichen Auszeit mitrei\u00dfen und genie\u00dfen Sie den gegenw\u00e4rtigen Moment, veredelt durch ein Glas Wein aus der Region und die Pracht der Adria.<\/p>\n","protected":false},"author":1,"featured_media":0,"parent":0,"menu_order":0,"comment_status":"closed","ping_status":"closed","template":"","meta":{"_monsterinsights_skip_tracking":false,"_monsterinsights_sitenote_active":false,"_monsterinsights_sitenote_note":"","_monsterinsights_sitenote_category":0,"footnotes":""},"class_list":["post-919","page","type-page","status-publish","hentry"],"_links":{"self":[{"href":"https:\/\/krnica-villa-ana.com\/index.php\/wp-json\/wp\/v2\/pages\/919","targetHints":{"allow":["GET"]}}],"collection":[{"href":"https:\/\/krnica-villa-ana.com\/index.php\/wp-json\/wp\/v2\/pages"}],"about":[{"href":"https:\/\/krnica-villa-ana.com\/index.php\/wp-json\/wp\/v2\/types\/page"}],"author":[{"embeddable":true,"href":"https:\/\/krnica-villa-ana.com\/index.php\/wp-json\/wp\/v2\/users\/1"}],"replies":[{"embeddable":true,"href":"https:\/\/krnica-villa-ana.com\/index.php\/wp-json\/wp\/v2\/comments?post=919"}],"version-history":[{"count":4,"href":"https:\/\/krnica-villa-ana.com\/index.php\/wp-json\/wp\/v2\/pages\/919\/revisions"}],"predecessor-version":[{"id":2069,"href":"https:\/\/krnica-villa-ana.com\/index.php\/wp-json\/wp\/v2\/pages\/919\/revisions\/2069"}],"wp:attachment":[{"href":"https:\/\/krnica-villa-ana.com\/index.php\/wp-json\/wp\/v2\/media?parent=919"}],"curies":[{"name":"wp","href":"https:\/\/api.w.org\/{rel}","templated":true}]}}