{"id":928,"date":"2023-06-07T21:37:52","date_gmt":"2023-06-07T19:37:52","guid":{"rendered":"https:\/\/krnica-villa-ana.com\/?page_id=928"},"modified":"2025-01-06T19:57:15","modified_gmt":"2025-01-06T18:57:15","slug":"les-chambre-de","status":"publish","type":"page","link":"https:\/\/krnica-villa-ana.com\/index.php\/de\/les-chambre-de\/","title":{"rendered":"Die Schlafzimmer"},"content":{"rendered":"\n<h2 class=\"wp-block-heading\">Zimmer 1<\/h2>\n\n\n\n<div class=\"wp-block-getwid-images-slider has-arrows-inside has-dots-inside has-images-center has-fitted-images has-fixed-height\"><div class=\"wp-block-getwid-images-slider__wrapper\" data-effect=\"slide\" data-slides-show=\"1\" data-slides-show-laptop=\"1\" data-slides-show-tablet=\"1\" data-slides-show-mobile=\"1\" data-slides-scroll=\"1\" data-autoplay=\"true\" data-pause-hover=\"true\" data-autoplay-speed=\"6000\" data-infinite=\"true\" data-animation-speed=\"800\" data-center-mode=\"false\" data-variable-width=\"false\" data-arrows=\"inside\" data-dots=\"inside\" data-spacing=\"none\"><div class=\"wp-block-getwid-images-slider__item\" style=\"height:800px\"><figure><img fetchpriority=\"high\" decoding=\"async\" width=\"1200\" height=\"1600\" src=\"https:\/\/krnica-villa-ana.com\/wp-content\/uploads\/2025\/01\/828858B7-1F7A-45D2-B1CC-2A7862EB852D.jpeg\" alt=\"\" data-id=\"2142\" data-link=\"https:\/\/krnica-villa-ana.com\/828858b7-1f7a-45d2-b1cc-2a7862eb852d\/\" data-original-link=\"https:\/\/krnica-villa-ana.com\/wp-content\/uploads\/2025\/01\/828858B7-1F7A-45D2-B1CC-2A7862EB852D.jpeg\" class=\"wp-block-getwid-images-slider__image wp-image-2142\" srcset=\"https:\/\/krnica-villa-ana.com\/wp-content\/uploads\/2025\/01\/828858B7-1F7A-45D2-B1CC-2A7862EB852D.jpeg 1200w, https:\/\/krnica-villa-ana.com\/wp-content\/uploads\/2025\/01\/828858B7-1F7A-45D2-B1CC-2A7862EB852D-225x300.jpeg 225w, https:\/\/krnica-villa-ana.com\/wp-content\/uploads\/2025\/01\/828858B7-1F7A-45D2-B1CC-2A7862EB852D-768x1024.jpeg 768w, https:\/\/krnica-villa-ana.com\/wp-content\/uploads\/2025\/01\/828858B7-1F7A-45D2-B1CC-2A7862EB852D-1152x1536.jpeg 1152w\" sizes=\"(max-width: 1200px) 100vw, 1200px\" \/><\/figure><\/div><div class=\"wp-block-getwid-images-slider__item\" style=\"height:800px\"><figure><img decoding=\"async\" width=\"1200\" height=\"1600\" src=\"https:\/\/krnica-villa-ana.com\/wp-content\/uploads\/2025\/01\/7ADC0382-F9C9-4D6E-988A-1E26D3AD4356.jpeg\" alt=\"\" data-id=\"2141\" data-link=\"https:\/\/krnica-villa-ana.com\/7adc0382-f9c9-4d6e-988a-1e26d3ad4356\/\" data-original-link=\"https:\/\/krnica-villa-ana.com\/wp-content\/uploads\/2025\/01\/7ADC0382-F9C9-4D6E-988A-1E26D3AD4356.jpeg\" class=\"wp-block-getwid-images-slider__image wp-image-2141\" srcset=\"https:\/\/krnica-villa-ana.com\/wp-content\/uploads\/2025\/01\/7ADC0382-F9C9-4D6E-988A-1E26D3AD4356.jpeg 1200w, https:\/\/krnica-villa-ana.com\/wp-content\/uploads\/2025\/01\/7ADC0382-F9C9-4D6E-988A-1E26D3AD4356-225x300.jpeg 225w, https:\/\/krnica-villa-ana.com\/wp-content\/uploads\/2025\/01\/7ADC0382-F9C9-4D6E-988A-1E26D3AD4356-768x1024.jpeg 768w, https:\/\/krnica-villa-ana.com\/wp-content\/uploads\/2025\/01\/7ADC0382-F9C9-4D6E-988A-1E26D3AD4356-1152x1536.jpeg 1152w\" sizes=\"(max-width: 1200px) 100vw, 1200px\" \/><\/figure><\/div><\/div><\/div>\n\n\n\n<hr class=\"wp-block-separator has-css-opacity is-style-default\"\/>\n\n\n\n<h2 class=\"wp-block-heading\">Zimmer 2<\/h2>\n\n\n\n<div class=\"wp-block-getwid-images-slider has-arrows-inside has-dots-inside has-images-center has-fitted-images\"><div class=\"wp-block-getwid-images-slider__wrapper\" data-effect=\"slide\" data-slides-show=\"1\" data-slides-show-laptop=\"1\" data-slides-show-tablet=\"1\" data-slides-show-mobile=\"1\" data-slides-scroll=\"1\" data-autoplay=\"false\" data-pause-hover=\"false\" data-autoplay-speed=\"6000\" data-infinite=\"true\" data-animation-speed=\"800\" data-center-mode=\"false\" data-variable-width=\"false\" data-arrows=\"inside\" data-dots=\"inside\" data-spacing=\"none\"><div class=\"wp-block-getwid-images-slider__item\"><figure><img decoding=\"async\" width=\"2560\" height=\"1920\" src=\"http:\/\/krnica-villa-ana.com\/wp-content\/uploads\/2025\/01\/39529B60-57CA-4EAE-9706-F9425BDCB60A-1-scaled.jpg\" data-id=\"2135\" data-link=\"https:\/\/krnica-villa-ana.com\/39529b60-57ca-4eae-9706-f9425bdcb60a-2\/\" data-original-link=\"http:\/\/krnica-villa-ana.com\/wp-content\/uploads\/2025\/01\/39529B60-57CA-4EAE-9706-F9425BDCB60A-1-scaled.jpg\" class=\"wp-block-getwid-images-slider__image wp-image-2135\" srcset=\"https:\/\/krnica-villa-ana.com\/wp-content\/uploads\/2025\/01\/39529B60-57CA-4EAE-9706-F9425BDCB60A-1-scaled.jpg 2560w, https:\/\/krnica-villa-ana.com\/wp-content\/uploads\/2025\/01\/39529B60-57CA-4EAE-9706-F9425BDCB60A-1-300x225.jpg 300w, https:\/\/krnica-villa-ana.com\/wp-content\/uploads\/2025\/01\/39529B60-57CA-4EAE-9706-F9425BDCB60A-1-1024x768.jpg 1024w, https:\/\/krnica-villa-ana.com\/wp-content\/uploads\/2025\/01\/39529B60-57CA-4EAE-9706-F9425BDCB60A-1-768x576.jpg 768w, https:\/\/krnica-villa-ana.com\/wp-content\/uploads\/2025\/01\/39529B60-57CA-4EAE-9706-F9425BDCB60A-1-1536x1152.jpg 1536w, https:\/\/krnica-villa-ana.com\/wp-content\/uploads\/2025\/01\/39529B60-57CA-4EAE-9706-F9425BDCB60A-1-2048x1536.jpg 2048w\" sizes=\"(max-width: 2560px) 100vw, 2560px\" \/><\/figure><\/div><div class=\"wp-block-getwid-images-slider__item\"><figure><img loading=\"lazy\" decoding=\"async\" width=\"2560\" height=\"1920\" src=\"http:\/\/krnica-villa-ana.com\/wp-content\/uploads\/2025\/01\/3B12C71F-7E6A-4294-9C87-E98A929EE7CE-1-scaled.jpg\" data-id=\"2128\" data-link=\"https:\/\/krnica-villa-ana.com\/3b12c71f-7e6a-4294-9c87-e98a929ee7ce-2\/\" data-original-link=\"http:\/\/krnica-villa-ana.com\/wp-content\/uploads\/2025\/01\/3B12C71F-7E6A-4294-9C87-E98A929EE7CE-1-scaled.jpg\" class=\"wp-block-getwid-images-slider__image wp-image-2128\" srcset=\"https:\/\/krnica-villa-ana.com\/wp-content\/uploads\/2025\/01\/3B12C71F-7E6A-4294-9C87-E98A929EE7CE-1-scaled.jpg 2560w, https:\/\/krnica-villa-ana.com\/wp-content\/uploads\/2025\/01\/3B12C71F-7E6A-4294-9C87-E98A929EE7CE-1-300x225.jpg 300w, https:\/\/krnica-villa-ana.com\/wp-content\/uploads\/2025\/01\/3B12C71F-7E6A-4294-9C87-E98A929EE7CE-1-1024x768.jpg 1024w, https:\/\/krnica-villa-ana.com\/wp-content\/uploads\/2025\/01\/3B12C71F-7E6A-4294-9C87-E98A929EE7CE-1-768x576.jpg 768w, https:\/\/krnica-villa-ana.com\/wp-content\/uploads\/2025\/01\/3B12C71F-7E6A-4294-9C87-E98A929EE7CE-1-1536x1152.jpg 1536w, https:\/\/krnica-villa-ana.com\/wp-content\/uploads\/2025\/01\/3B12C71F-7E6A-4294-9C87-E98A929EE7CE-1-2048x1536.jpg 2048w\" sizes=\"(max-width: 2560px) 100vw, 2560px\" \/><\/figure><\/div><div class=\"wp-block-getwid-images-slider__item\"><figure><img loading=\"lazy\" decoding=\"async\" width=\"2560\" height=\"1920\" src=\"http:\/\/krnica-villa-ana.com\/wp-content\/uploads\/2025\/01\/9B1C9FDD-5672-4ED0-9358-838BB0259D0A-1-scaled.jpg\" data-id=\"2131\" data-link=\"https:\/\/krnica-villa-ana.com\/9b1c9fdd-5672-4ed0-9358-838bb0259d0a-2\/\" data-original-link=\"http:\/\/krnica-villa-ana.com\/wp-content\/uploads\/2025\/01\/9B1C9FDD-5672-4ED0-9358-838BB0259D0A-1-scaled.jpg\" class=\"wp-block-getwid-images-slider__image wp-image-2131\" srcset=\"https:\/\/krnica-villa-ana.com\/wp-content\/uploads\/2025\/01\/9B1C9FDD-5672-4ED0-9358-838BB0259D0A-1-scaled.jpg 2560w, https:\/\/krnica-villa-ana.com\/wp-content\/uploads\/2025\/01\/9B1C9FDD-5672-4ED0-9358-838BB0259D0A-1-300x225.jpg 300w, https:\/\/krnica-villa-ana.com\/wp-content\/uploads\/2025\/01\/9B1C9FDD-5672-4ED0-9358-838BB0259D0A-1-1024x768.jpg 1024w, https:\/\/krnica-villa-ana.com\/wp-content\/uploads\/2025\/01\/9B1C9FDD-5672-4ED0-9358-838BB0259D0A-1-768x576.jpg 768w, https:\/\/krnica-villa-ana.com\/wp-content\/uploads\/2025\/01\/9B1C9FDD-5672-4ED0-9358-838BB0259D0A-1-1536x1152.jpg 1536w, https:\/\/krnica-villa-ana.com\/wp-content\/uploads\/2025\/01\/9B1C9FDD-5672-4ED0-9358-838BB0259D0A-1-2048x1536.jpg 2048w\" sizes=\"(max-width: 2560px) 100vw, 2560px\" \/><\/figure><\/div><div class=\"wp-block-getwid-images-slider__item\"><figure><img loading=\"lazy\" decoding=\"async\" width=\"2560\" height=\"1920\" src=\"http:\/\/krnica-villa-ana.com\/wp-content\/uploads\/2025\/01\/1D747745-671D-4EBB-8A43-9351A114AAD9-1-scaled.jpg\" data-id=\"2127\" data-link=\"https:\/\/krnica-villa-ana.com\/1d747745-671d-4ebb-8a43-9351a114aad9-2\/\" data-original-link=\"http:\/\/krnica-villa-ana.com\/wp-content\/uploads\/2025\/01\/1D747745-671D-4EBB-8A43-9351A114AAD9-1-scaled.jpg\" class=\"wp-block-getwid-images-slider__image wp-image-2127\" srcset=\"https:\/\/krnica-villa-ana.com\/wp-content\/uploads\/2025\/01\/1D747745-671D-4EBB-8A43-9351A114AAD9-1-scaled.jpg 2560w, https:\/\/krnica-villa-ana.com\/wp-content\/uploads\/2025\/01\/1D747745-671D-4EBB-8A43-9351A114AAD9-1-300x225.jpg 300w, https:\/\/krnica-villa-ana.com\/wp-content\/uploads\/2025\/01\/1D747745-671D-4EBB-8A43-9351A114AAD9-1-1024x768.jpg 1024w, https:\/\/krnica-villa-ana.com\/wp-content\/uploads\/2025\/01\/1D747745-671D-4EBB-8A43-9351A114AAD9-1-768x576.jpg 768w, https:\/\/krnica-villa-ana.com\/wp-content\/uploads\/2025\/01\/1D747745-671D-4EBB-8A43-9351A114AAD9-1-1536x1152.jpg 1536w, https:\/\/krnica-villa-ana.com\/wp-content\/uploads\/2025\/01\/1D747745-671D-4EBB-8A43-9351A114AAD9-1-2048x1536.jpg 2048w\" sizes=\"(max-width: 2560px) 100vw, 2560px\" \/><\/figure><\/div><div class=\"wp-block-getwid-images-slider__item\"><figure><img loading=\"lazy\" decoding=\"async\" width=\"2560\" height=\"1920\" src=\"http:\/\/krnica-villa-ana.com\/wp-content\/uploads\/2025\/01\/7DEE4503-CB12-4BD4-A50F-791643C323DF-1-scaled.jpg\" data-id=\"2129\" data-link=\"https:\/\/krnica-villa-ana.com\/7dee4503-cb12-4bd4-a50f-791643c323df-2\/\" data-original-link=\"http:\/\/krnica-villa-ana.com\/wp-content\/uploads\/2025\/01\/7DEE4503-CB12-4BD4-A50F-791643C323DF-1-scaled.jpg\" class=\"wp-block-getwid-images-slider__image wp-image-2129\" srcset=\"https:\/\/krnica-villa-ana.com\/wp-content\/uploads\/2025\/01\/7DEE4503-CB12-4BD4-A50F-791643C323DF-1-scaled.jpg 2560w, https:\/\/krnica-villa-ana.com\/wp-content\/uploads\/2025\/01\/7DEE4503-CB12-4BD4-A50F-791643C323DF-1-300x225.jpg 300w, https:\/\/krnica-villa-ana.com\/wp-content\/uploads\/2025\/01\/7DEE4503-CB12-4BD4-A50F-791643C323DF-1-1024x768.jpg 1024w, https:\/\/krnica-villa-ana.com\/wp-content\/uploads\/2025\/01\/7DEE4503-CB12-4BD4-A50F-791643C323DF-1-768x576.jpg 768w, https:\/\/krnica-villa-ana.com\/wp-content\/uploads\/2025\/01\/7DEE4503-CB12-4BD4-A50F-791643C323DF-1-1536x1152.jpg 1536w, https:\/\/krnica-villa-ana.com\/wp-content\/uploads\/2025\/01\/7DEE4503-CB12-4BD4-A50F-791643C323DF-1-2048x1536.jpg 2048w\" sizes=\"(max-width: 2560px) 100vw, 2560px\" \/><\/figure><\/div><\/div><\/div>\n\n\n\n<hr class=\"wp-block-separator has-alpha-channel-opacity\"\/>\n\n\n\n<h2 class=\"wp-block-heading\">Elternschlafzimmer mit Terrasse<\/h2>\n\n\n\n<div class=\"wp-block-getwid-images-slider has-arrows-inside has-dots-inside has-images-center has-cropped-images\"><div class=\"wp-block-getwid-images-slider__wrapper\" data-effect=\"slide\" data-slides-show=\"1\" data-slides-show-laptop=\"1\" data-slides-show-tablet=\"1\" data-slides-show-mobile=\"1\" data-slides-scroll=\"1\" data-autoplay=\"false\" data-autoplay-speed=\"6000\" data-infinite=\"true\" data-animation-speed=\"800\" data-center-mode=\"false\" data-variable-width=\"false\" data-arrows=\"inside\" data-dots=\"inside\" data-spacing=\"none\"><div class=\"wp-block-getwid-images-slider__item\"><figure><img decoding=\"async\" src=\"http:\/\/krnica-villa-ana.com\/wp-content\/uploads\/2023\/07\/0DDF9AE4-4A9C-412A-B4FD-1F78685E7698.heic\" data-id=\"2091\" data-link=\"https:\/\/krnica-villa-ana.com\/?attachment_id=2091\" data-original-link=\"http:\/\/krnica-villa-ana.com\/wp-content\/uploads\/2023\/07\/0DDF9AE4-4A9C-412A-B4FD-1F78685E7698.heic\" class=\"wp-block-getwid-images-slider__image wp-image-2091\"\/><\/figure><\/div><div class=\"wp-block-getwid-images-slider__item\"><figure><img decoding=\"async\" src=\"http:\/\/krnica-villa-ana.com\/wp-content\/uploads\/2023\/07\/2A811E8E-0DA0-432F-B090-6B408587AA92.heic\" data-id=\"2083\" data-link=\"https:\/\/krnica-villa-ana.com\/?attachment_id=2083\" data-original-link=\"http:\/\/krnica-villa-ana.com\/wp-content\/uploads\/2023\/07\/2A811E8E-0DA0-432F-B090-6B408587AA92.heic\" class=\"wp-block-getwid-images-slider__image wp-image-2083\"\/><\/figure><\/div><div class=\"wp-block-getwid-images-slider__item\"><figure><img decoding=\"async\" src=\"http:\/\/krnica-villa-ana.com\/wp-content\/uploads\/2023\/07\/2AEEAA76-F921-4DB0-BED8-ED424CF21E83.heic\" data-id=\"2092\" data-link=\"https:\/\/krnica-villa-ana.com\/?attachment_id=2092\" data-original-link=\"http:\/\/krnica-villa-ana.com\/wp-content\/uploads\/2023\/07\/2AEEAA76-F921-4DB0-BED8-ED424CF21E83.heic\" class=\"wp-block-getwid-images-slider__image wp-image-2092\"\/><\/figure><\/div><div class=\"wp-block-getwid-images-slider__item\"><figure><img decoding=\"async\" src=\"http:\/\/krnica-villa-ana.com\/wp-content\/uploads\/2023\/07\/0B623ACA-2240-4F04-8BFD-A7ED12E94EDE.heic\" data-id=\"2104\" data-link=\"https:\/\/krnica-villa-ana.com\/?attachment_id=2104\" data-original-link=\"http:\/\/krnica-villa-ana.com\/wp-content\/uploads\/2023\/07\/0B623ACA-2240-4F04-8BFD-A7ED12E94EDE.heic\" class=\"wp-block-getwid-images-slider__image wp-image-2104\"\/><\/figure><\/div><div class=\"wp-block-getwid-images-slider__item\"><figure><img decoding=\"async\" src=\"http:\/\/krnica-villa-ana.com\/wp-content\/uploads\/2023\/07\/8FE67AB8-2FAD-4A28-BD13-72CAE3A86663.heic\" data-id=\"2093\" data-link=\"https:\/\/krnica-villa-ana.com\/?attachment_id=2093\" data-original-link=\"http:\/\/krnica-villa-ana.com\/wp-content\/uploads\/2023\/07\/8FE67AB8-2FAD-4A28-BD13-72CAE3A86663.heic\" class=\"wp-block-getwid-images-slider__image wp-image-2093\"\/><\/figure><\/div><div class=\"wp-block-getwid-images-slider__item\"><figure><img decoding=\"async\" src=\"http:\/\/krnica-villa-ana.com\/wp-content\/uploads\/2023\/07\/15AAB06A-6B9C-4B59-BCC5-D821C85D416C.heic\" data-id=\"2101\" data-link=\"https:\/\/krnica-villa-ana.com\/?attachment_id=2101\" data-original-link=\"http:\/\/krnica-villa-ana.com\/wp-content\/uploads\/2023\/07\/15AAB06A-6B9C-4B59-BCC5-D821C85D416C.heic\" class=\"wp-block-getwid-images-slider__image wp-image-2101\"\/><\/figure><\/div><div class=\"wp-block-getwid-images-slider__item\"><figure><img decoding=\"async\" src=\"http:\/\/krnica-villa-ana.com\/wp-content\/uploads\/2023\/07\/19A33F83-CEE5-4F4D-85B1-5CCF54C0C69D.heic\" data-id=\"2099\" data-link=\"https:\/\/krnica-villa-ana.com\/?attachment_id=2099\" data-original-link=\"http:\/\/krnica-villa-ana.com\/wp-content\/uploads\/2023\/07\/19A33F83-CEE5-4F4D-85B1-5CCF54C0C69D.heic\" class=\"wp-block-getwid-images-slider__image wp-image-2099\"\/><\/figure><\/div><div class=\"wp-block-getwid-images-slider__item\"><figure><img decoding=\"async\" src=\"http:\/\/krnica-villa-ana.com\/wp-content\/uploads\/2023\/07\/41B2E822-25EF-466D-AE9E-EADED76DA25F.heic\" data-id=\"2095\" data-link=\"https:\/\/krnica-villa-ana.com\/?attachment_id=2095\" data-original-link=\"http:\/\/krnica-villa-ana.com\/wp-content\/uploads\/2023\/07\/41B2E822-25EF-466D-AE9E-EADED76DA25F.heic\" class=\"wp-block-getwid-images-slider__image wp-image-2095\"\/><\/figure><\/div><div class=\"wp-block-getwid-images-slider__item\"><figure><img decoding=\"async\" src=\"http:\/\/krnica-villa-ana.com\/wp-content\/uploads\/2023\/07\/62A58099-3476-4299-B2B7-7714515B70F4.heic\" data-id=\"2084\" data-link=\"https:\/\/krnica-villa-ana.com\/?attachment_id=2084\" data-original-link=\"http:\/\/krnica-villa-ana.com\/wp-content\/uploads\/2023\/07\/62A58099-3476-4299-B2B7-7714515B70F4.heic\" class=\"wp-block-getwid-images-slider__image wp-image-2084\"\/><\/figure><\/div><div class=\"wp-block-getwid-images-slider__item\"><figure><img decoding=\"async\" src=\"http:\/\/krnica-villa-ana.com\/wp-content\/uploads\/2023\/07\/487B51BB-BFA2-42E1-B2E2-C344BCC98488.heic\" data-id=\"2096\" data-link=\"https:\/\/krnica-villa-ana.com\/?attachment_id=2096\" data-original-link=\"http:\/\/krnica-villa-ana.com\/wp-content\/uploads\/2023\/07\/487B51BB-BFA2-42E1-B2E2-C344BCC98488.heic\" class=\"wp-block-getwid-images-slider__image wp-image-2096\"\/><\/figure><\/div><div class=\"wp-block-getwid-images-slider__item\"><figure><img decoding=\"async\" src=\"http:\/\/krnica-villa-ana.com\/wp-content\/uploads\/2023\/07\/1202CEDB-40BA-499E-919D-2C09C657A955.heic\" data-id=\"2103\" data-link=\"https:\/\/krnica-villa-ana.com\/?attachment_id=2103\" data-original-link=\"http:\/\/krnica-villa-ana.com\/wp-content\/uploads\/2023\/07\/1202CEDB-40BA-499E-919D-2C09C657A955.heic\" class=\"wp-block-getwid-images-slider__image wp-image-2103\"\/><\/figure><\/div><div class=\"wp-block-getwid-images-slider__item\"><figure><img decoding=\"async\" src=\"http:\/\/krnica-villa-ana.com\/wp-content\/uploads\/2023\/07\/6787BD61-B62F-431C-A937-3D68D6277EEB.heic\" data-id=\"2082\" data-link=\"https:\/\/krnica-villa-ana.com\/?attachment_id=2082\" data-original-link=\"http:\/\/krnica-villa-ana.com\/wp-content\/uploads\/2023\/07\/6787BD61-B62F-431C-A937-3D68D6277EEB.heic\" class=\"wp-block-getwid-images-slider__image wp-image-2082\"\/><\/figure><\/div><div class=\"wp-block-getwid-images-slider__item\"><figure><img decoding=\"async\" src=\"http:\/\/krnica-villa-ana.com\/wp-content\/uploads\/2023\/07\/325896C6-DA3D-4657-A740-CCD34473F47A.heic\" data-id=\"2087\" data-link=\"https:\/\/krnica-villa-ana.com\/?attachment_id=2087\" data-original-link=\"http:\/\/krnica-villa-ana.com\/wp-content\/uploads\/2023\/07\/325896C6-DA3D-4657-A740-CCD34473F47A.heic\" class=\"wp-block-getwid-images-slider__image wp-image-2087\"\/><\/figure><\/div><div class=\"wp-block-getwid-images-slider__item\"><figure><img decoding=\"async\" src=\"http:\/\/krnica-villa-ana.com\/wp-content\/uploads\/2023\/07\/66177302-851C-40BF-BB8D-FA76AF5BA5DC.heic\" data-id=\"2097\" data-link=\"https:\/\/krnica-villa-ana.com\/?attachment_id=2097\" data-original-link=\"http:\/\/krnica-villa-ana.com\/wp-content\/uploads\/2023\/07\/66177302-851C-40BF-BB8D-FA76AF5BA5DC.heic\" class=\"wp-block-getwid-images-slider__image wp-image-2097\"\/><\/figure><\/div><div class=\"wp-block-getwid-images-slider__item\"><figure><img decoding=\"async\" src=\"http:\/\/krnica-villa-ana.com\/wp-content\/uploads\/2023\/07\/B2F2762C-D995-4245-9DC1-7D22535665BC.heic\" data-id=\"2098\" data-link=\"https:\/\/krnica-villa-ana.com\/?attachment_id=2098\" data-original-link=\"http:\/\/krnica-villa-ana.com\/wp-content\/uploads\/2023\/07\/B2F2762C-D995-4245-9DC1-7D22535665BC.heic\" class=\"wp-block-getwid-images-slider__image wp-image-2098\"\/><\/figure><\/div><div class=\"wp-block-getwid-images-slider__item\"><figure><img decoding=\"async\" src=\"http:\/\/krnica-villa-ana.com\/wp-content\/uploads\/2023\/07\/C3BC9F91-19FE-4F67-983E-55BB6F8D16D3.heic\" data-id=\"2088\" data-link=\"https:\/\/krnica-villa-ana.com\/?attachment_id=2088\" data-original-link=\"http:\/\/krnica-villa-ana.com\/wp-content\/uploads\/2023\/07\/C3BC9F91-19FE-4F67-983E-55BB6F8D16D3.heic\" class=\"wp-block-getwid-images-slider__image wp-image-2088\"\/><\/figure><\/div><div class=\"wp-block-getwid-images-slider__item\"><figure><img decoding=\"async\" src=\"http:\/\/krnica-villa-ana.com\/wp-content\/uploads\/2023\/07\/DAE472C5-DBD1-47A1-AD83-9690C174978C.heic\" data-id=\"2102\" data-link=\"https:\/\/krnica-villa-ana.com\/?attachment_id=2102\" data-original-link=\"http:\/\/krnica-villa-ana.com\/wp-content\/uploads\/2023\/07\/DAE472C5-DBD1-47A1-AD83-9690C174978C.heic\" class=\"wp-block-getwid-images-slider__image wp-image-2102\"\/><\/figure><\/div><\/div><\/div>\n\n\n\n<hr class=\"wp-block-separator has-alpha-channel-opacity\"\/>\n\n\n\n<p>Das Elternschlafzimmer, ein ultimativer Ruhepol mit einer privaten Terrasse und atemberaubendem Blick auf das schimmernde Meer, wo jeder Morgen mit einem unvergesslichen Naturschauspiel beginnt. Dieses erhabene Elternschlafzimmer bietet einen idyllischen R\u00fcckzugsort f\u00fcr Eltern, die nach Ruhe und zeitloser Sch\u00f6nheit suchen.<\/p>\n","protected":false},"excerpt":{"rendered":"<p>Zimmer 1 Zimmer 2 Elternschlafzimmer mit Terrasse Das Elternschlafzimmer, ein ultimativer Ruhepol mit einer privaten Terrasse und atemberaubendem Blick auf das schimmernde Meer, wo jeder Morgen mit einem unvergesslichen Naturschauspiel beginnt. Dieses erhabene Elternschlafzimmer bietet einen idyllischen R\u00fcckzugsort f\u00fcr Eltern, die nach Ruhe und zeitloser Sch\u00f6nheit suchen.<\/p>\n","protected":false},"author":1,"featured_media":0,"parent":0,"menu_order":0,"comment_status":"closed","ping_status":"closed","template":"","meta":{"_monsterinsights_skip_tracking":false,"_monsterinsights_sitenote_active":false,"_monsterinsights_sitenote_note":"","_monsterinsights_sitenote_category":0,"footnotes":""},"class_list":["post-928","page","type-page","status-publish","hentry"],"_links":{"self":[{"href":"https:\/\/krnica-villa-ana.com\/index.php\/wp-json\/wp\/v2\/pages\/928","targetHints":{"allow":["GET"]}}],"collection":[{"href":"https:\/\/krnica-villa-ana.com\/index.php\/wp-json\/wp\/v2\/pages"}],"about":[{"href":"https:\/\/krnica-villa-ana.com\/index.php\/wp-json\/wp\/v2\/types\/page"}],"author":[{"embeddable":true,"href":"https:\/\/krnica-villa-ana.com\/index.php\/wp-json\/wp\/v2\/users\/1"}],"replies":[{"embeddable":true,"href":"https:\/\/krnica-villa-ana.com\/index.php\/wp-json\/wp\/v2\/comments?post=928"}],"version-history":[{"count":6,"href":"https:\/\/krnica-villa-ana.com\/index.php\/wp-json\/wp\/v2\/pages\/928\/revisions"}],"predecessor-version":[{"id":2197,"href":"https:\/\/krnica-villa-ana.com\/index.php\/wp-json\/wp\/v2\/pages\/928\/revisions\/2197"}],"wp:attachment":[{"href":"https:\/\/krnica-villa-ana.com\/index.php\/wp-json\/wp\/v2\/media?parent=928"}],"curies":[{"name":"wp","href":"https:\/\/api.w.org\/{rel}","templated":true}]}}